{"id":1480,"date":"2025-12-16T08:22:41","date_gmt":"2025-12-16T08:22:41","guid":{"rendered":"https:\/\/spin-winera.org\/aplicacao\/"},"modified":"2026-02-27T12:43:31","modified_gmt":"2026-02-27T12:43:31","slug":"app","status":"publish","type":"page","link":"https:\/\/spin-winera.org\/de\/app\/","title":{"rendered":"App"},"content":{"rendered":"<h1>SpinWinera App<\/h1>\n<p>Unterwegs zu spielen sollte in der modernen Welt kein Problem sein, und die SpinWinera App ist ein hervorragendes Beispiel daf\u00fcr. Wir bieten allen unseren Android- und iOS-Nutzern eine praktische mobile Software, die sich an jedes moderne Smartphone und Tablet anpasst. Sie erhalten Zugang zu einer riesigen Spielesammlung, lukrativen Boni, einem integrierten Live-Chat f\u00fcr Support und vielem mehr. Dar\u00fcber hinaus k\u00f6nnen Sie \u00fcber jeden mobilen Browser auf SpinWinera zugreifen und es ohne Probleme nutzen.<\/p>\n<div class=\"banner-wrap\" aria-label=\"Banner\"><img src=\"https:\/\/spin-winera.org\/wp-content\/uploads\/2025\/12\/Spinwinera-bonus-desktop.webp\" class=\"w-100 d-none d-lg-block img-pc main-banner-img\" alt=\"Spinwinera bonus desktop\" fetchpriority=\"high\" decoding=\"async\"><img src=\"https:\/\/spin-winera.org\/wp-content\/uploads\/2025\/12\/Spinwinera-bonus-mobile.webp\" class=\"w-100 d-none d-md-block d-lg-none main-banner-img\" alt=\"Spinwinera bonus mobile\" fetchpriority=\"high\" decoding=\"async\"><img src=\"https:\/\/spin-winera.org\/wp-content\/uploads\/2025\/12\/Spinwinera-bonus-mobile.webp\" class=\"w-100 d-md-none\" alt=\"Spinwinera bonus mobile\" fetchpriority=\"high\" decoding=\"async\"><div class=\"banner-description\">\n<div class=\"banner-title\">Willkommensboni<\/div>\n<p class=\"banner-header-title\">1500 \u20ac<\/p>\n<div class=\"banner-header-AdditionalText\">+ 250 Freispiele<\/div>\n<button data-item=\"homepage_banner_link\" class=\"goto m-button m-gradient-border m-button--primary m-button--large banner-button btn-orange\">\n            <div class=\"m-button-content\">\n                <span>Jetzt anmelden<\/span>\n                <span><\/span>\n            <\/div>\n        <\/button>\n<\/div>\n<div class=\"WelcomePack\">\n<p><img loading=\"lazy\" decoding=\"async\" class=\"alignnone size-full wp-image-1442\" src=\"https:\/\/spin-winera.org\/wp-content\/uploads\/2025\/12\/welcome-crown.svg\" alt=\"crown\" width=\"25\" height=\"26\" \/><\/p>\n<div class=\"WelcomePack-Info\">W\u00f6chentlicher Cashback von bis zu 25 %<\/div>\n<p><img loading=\"lazy\" decoding=\"async\" class=\"alignnone size-full wp-image-1442\" src=\"https:\/\/spin-winera.org\/wp-content\/uploads\/2025\/12\/welcome-crown.svg\" alt=\"crown\" width=\"25\" height=\"26\" \/><\/p>\n<\/div>\n<\/div>\n<h2>SpinWinera App \u2013 Mobiles Betriebssystem<\/h2>\n<p>Es gibt eine Tendenz, dass immer mehr Menschen ihre Mobilger\u00e4te f\u00fcr Arbeit, Hobbys und Unterhaltung bevorzugen. Bei Spin Winera Casino verstehen wir das und bieten unseren Kunden eine Reihe von Optionen, um ihr Spielerlebnis zu verbessern. Spieler k\u00f6nnen unsere Plattform jederzeit von ihrem Smartphone aus in jedem bevorzugten mobilen Browser nutzen, z. B. Safari, Google Chrome und anderen. Diese Option entspricht der vollst\u00e4ndigen Desktop-Version.<\/p>\n<p>SpinWinera bietet auch eine eigene App an. Sie hat das gleiche Design, die gleiche Navigation und die gleichen Funktionen. Die gesamte Spielesammlung mit \u00fcber 6.000 Titeln steht dir auf deinem Mobilger\u00e4t zur Verf\u00fcgung. Der Hauptvorteil von SpinWinera Casino ist, dass nach dem Einloggen deine Daten, Einstellungen und Erfolge auf allen Ger\u00e4ten synchronisiert werden.<\/p>\n<p>Die mobilen Versionen spiegeln die Hauptwebsite wider. Deshalb k\u00f6nnen Sie Ihre Reise in der SpinWinera-App beginnen, den Registrierungsprozess abschlie\u00dfen und auch dort alle notwendigen Schritte durchf\u00fchren. Als Sicherheitsma\u00dfnahme verlangen wir au\u00dferdem, dass Sie vor Ihrer ersten Auszahlung den Verifizierungsprozess durchlaufen.<\/p>\n<p><div class=\"scrollable-content-wrap my-5\"><div class=\"scrollable-content-inner\"><h2>SpinWinera App \u2013 iOS (Apple)<\/h2>\n<p>Alle unsere Kunden mit iOS-Ger\u00e4ten k\u00f6nnen sich entspannt zur\u00fccklehnen, denn sie haben die M\u00f6glichkeit, SpinWinera auch unterwegs zu nutzen. Safari und andere Browser bieten Ihnen eine praktische mobile Version, die sich an die kleineren Bildschirmgr\u00f6\u00dfen anpasst.<\/p>\n<p>Sie k\u00f6nnen auch die SpinWinera-App installieren, um mit einem einzigen Klick von Ihrem Startbildschirm aus darauf zuzugreifen. Aufgrund von Beschr\u00e4nkungen f\u00fcr Gl\u00fccksspiele ist die Software nicht im App Store erh\u00e4ltlich. Sie k\u00f6nnen sie direkt von unserer Website installieren. Wenn Sie die App ausprobieren m\u00f6chten, befolgen Sie unsere nachstehenden Anweisungen, um einen reibungslosen und schnellen Ablauf zu gew\u00e4hrleisten:<\/p>\n<ol>\n<li>Besuchen Sie die Website Spin Winera Casino von Ihrem Mobilger\u00e4t aus.<\/li>\n<li>Gehen Sie zum Fu\u00dfbereich der Hauptseite.<\/li>\n<li>Klicken Sie auf die Schaltfl\u00e4che \u201eCasino-App\u201c.<\/li>\n<li>W\u00e4hlen Sie auf der angezeigten Seite in der Mitte des Bildschirms \u201eInstallieren\u201c.<\/li>\n<li>Nachdem die Installation abgeschlossen ist, erscheint das Marken-Symbol auf dem Startbildschirm Ihres iPhones oder iPads.<\/li>\n<\/ol>\n<p><img loading=\"lazy\" decoding=\"async\" src=\"https:\/\/spin-winera.org\/wp-content\/uploads\/2025\/12\/Spinwinera-iOS-App.webp\" alt=\"Spinwinera iOS App\" width=\"1248\" height=\"536\" \/><\/p>\n<\/div><\/div><div style=\"clear: both\"><\/div><div class=\"d-flex justify-content-center\"><button data-item=\"decouvrez_link\" data-group=\"website_links\" class=\"goto fw-bold rounded-pill btn btn-orange\" aria-label=\"Laden Sie die Spinwinera-App herunter\" >Laden Sie die Spinwinera-App herunter<\/button><\/div><div class=\"scrollable-content-wrap my-5\"><div class=\"scrollable-content-inner\"><h2>Spin Winera App \u2013 Android-Ger\u00e4te<\/h2>\n<p>Die Nutzung unseres mobilen Casinos ist ganz einfach, wenn Sie ein Android-Smartphone oder -Tablet besitzen. Wie bei iOS k\u00f6nnen Sie auch hier Spiele in der Browser-Version oder der SpinWinera Casino-App genie\u00dfen. Die mobile Software erfordert keinen Download unbekannter Dateien. Es handelt sich um eine progressive Webanwendung (PWA). Sie ben\u00f6tigt in der Regel nur minimalen Speicherplatz auf dem Ger\u00e4t und speichert lediglich zwischengespeicherte Daten. F\u00fcr eine optimale Leistung verwenden Sie Android 8.0 oder h\u00f6her.<\/p>\n<p>Die SpinWinera-App f\u00fcr Android kann von unserer Plattform aus installiert werden, indem Sie auf die Schaltfl\u00e4che \u201eCasino-App\u201d klicken. Wenn Sie die mobile Browserversion bevorzugen, aber einen schnelleren Zugriff w\u00fcnschen, bieten die meisten Browser die M\u00f6glichkeit, ein Verkn\u00fcpfungssymbol zu installieren. Das bedeutet, dass Sie nicht zum Browser gehen und zus\u00e4tzliche Schritte ausf\u00fchren m\u00fcssen \u2013 klicken Sie einfach auf das Symbol auf Ihrem Startbildschirm.<\/p>\n<p><img loading=\"lazy\" decoding=\"async\" src=\"https:\/\/spin-winera.org\/wp-content\/uploads\/2025\/12\/Spinwinera-Android-App.webp\" alt=\"Spinwinera Android App\" width=\"1248\" height=\"536\" \/><\/p>\n<\/div><\/div><div style=\"clear: both\"><\/div><div class=\"d-flex justify-content-center\"><button data-item=\"decouvrez_link\" data-group=\"website_links\" class=\"goto fw-bold rounded-pill btn btn-orange\" aria-label=\"Spinwinera herunterladen\" >Spinwinera herunterladen<\/button><\/div><div class=\"scrollable-content-wrap my-5\"><div class=\"scrollable-content-inner\"><h2>Desktop Anwendung<\/h2>\n<p>Wir haben zwar die Funktionen der mobilen Versionen hervorgehoben, aber auch diejenigen nicht vergessen, die lieber auf einem PC oder Laptop spielen. In vielen Situationen ist es wirklich sch\u00f6n, das Spiel auf einem gro\u00dfen Bildschirm bequem von zu Hause aus zu genie\u00dfen. SpinWinera Casino bietet seinen Kunden bequeme Optionen, die auf ihre Vorlieben zugeschnitten sind.<\/p>\n<p>Unabh\u00e4ngig davon, ob Sie einen Windows- oder MacOS-PC haben, k\u00f6nnen Sie mit jedem beliebigen Browser auf unsere Plattform zugreifen. Sie m\u00fcssen keine zus\u00e4tzliche Spin Winera-App oder Datei herunterladen. F\u00fcr einen schnelleren Zugriff bietet jeder Browser die M\u00f6glichkeit, ein Symbol auf Ihrem Desktop zu installieren. In der folgenden Tabelle finden Sie Informationen dazu, wie Sie dies unter Windows und MacOS tun k\u00f6nnen.<\/p>\n<table>\n<tbody>\n<tr>\n<td>Schritt<\/td>\n<td>Fenster<\/td>\n<td>macOS<\/td>\n<\/tr>\n<tr>\n<td>Browser \u00f6ffnen<\/td>\n<td>\u00d6ffnen Sie Chrome oder Edge und gehen Sie zur offiziellen Website von SpinWinera.<\/td>\n<td>Starten Sie Safari oder Chrome und besuchen Sie unsere Website.<\/td>\n<\/tr>\n<tr>\n<td>Verkn\u00fcpfung erstellen<\/td>\n<td>Gehen Sie zum Men\u00fc (Drei-Punkte-Schaltfl\u00e4che) und w\u00e4hlen Sie die Option \u201eZum Startbildschirm hinzuf\u00fcgen\u201d. Best\u00e4tigen Sie Ihre Auswahl.<\/td>\n<td>Klicken Sie in Safari auf \u201eDatei\u201c und w\u00e4hlen Sie \u201eZum Dock hinzuf\u00fcgen\u201c. Sie k\u00f6nnen den Namen und das Aussehen des Symbols \u00e4ndern.<\/td>\n<\/tr>\n<tr>\n<td>Start<\/td>\n<td>\u00d6ffnen Sie das erstellte Desktop-Symbol, um sofort auf das Casino zuzugreifen.<\/td>\n<td>Klicken Sie auf die Verkn\u00fcpfung, um schnell auf SpinWinera Casino zuzugreifen.<\/td>\n<\/tr>\n<\/tbody>\n<\/table>\n<p><img loading=\"lazy\" decoding=\"async\" src=\"https:\/\/spin-winera.org\/wp-content\/uploads\/2025\/12\/Spinwinera-PC.webp\" alt=\"Spinwinera PC\" width=\"1248\" height=\"536\" \/><\/p>\n<\/div><\/div><div style=\"clear: both\"><\/div><div class=\"d-flex justify-content-center\"><button data-item=\"decouvrez_link\" data-group=\"website_links\" class=\"goto fw-bold rounded-pill btn btn-orange\" aria-label=\"Laden Sie die Spinwinera-App herunter\" >Laden Sie die Spinwinera-App herunter<\/button><\/div><div class=\"scrollable-content-wrap my-5\"><div class=\"scrollable-content-inner\"><h2>H\u00e4ufig gestellte Fragen<\/h2>\n<h3>Kann ich in der App Live-Casinospiele spielen?<\/h3>\n<p>Genau wie Online-Slots und Tischspiele sind auch Live-Dealer-Optionen f\u00fcr mobile Ger\u00e4te verf\u00fcgbar. Ebenso werden Ihre Lieblingsspiele mit professionellen Croupiers online \u00fcbertragen, jedoch an die Bildschirmgr\u00f6\u00dfe angepasst.<\/p>\n<h3>Ist das Spin Winera Casino sicher und zuverl\u00e4ssig?<\/h3>\n<p>Die SpinWinera-App ist ein lizenziertes Online-Casino, das alle erforderlichen Sicherheitsprotokolle der Branche einh\u00e4lt. Ihre Daten und Transaktionen werden durch eine 256-Bit-Verschl\u00fcsselung gesch\u00fctzt. Sie k\u00f6nnen Ihr Konto in der mobilen Software zus\u00e4tzlich sch\u00fctzen, indem Sie die Zwei-Faktor-Authentifizierung aktivieren.<\/p>\n<h3>Wie kann ich den Kundensupport \u00fcber die App kontaktieren?<\/h3>\n<p>In der SpinWinera-App gibt es einen integrierten Live-Chat, \u00fcber den Sie unser Support-Team kontaktieren und innerhalb weniger Minuten eine Antwort erhalten k\u00f6nnen. Wir stehen Ihnen rund um die Uhr zur Verf\u00fcgung, um alle Fragen zur Plattform zu beantworten.<\/p>\n<h3>Verwendet die App mobile Daten oder nur WLAN?<\/h3>\n<p>Spin Winera Casino ist \u00fcber mobile Daten oder WLAN verf\u00fcgbar. In diesem Fall spielt es keine Rolle, welches Ger\u00e4t Sie verwenden. F\u00fcr einen reibungslosen Betrieb sollte die Internetverbindung stabil sein.<\/p>\n<\/div><\/div><\/p>\n","protected":false},"excerpt":{"rendered":"<p>SpinWinera App Unterwegs zu spielen sollte in der modernen Welt kein Problem sein, und die SpinWinera App ist ein hervorragendes Beispiel daf\u00fcr. Wir bieten allen unseren Android- und iOS-Nutzern eine praktische mobile Software, die sich an jedes moderne Smartphone und Tablet anpasst. Sie erhalten Zugang zu einer riesigen Spielesammlung, lukrativen Boni, einem integrierten Live-Chat f\u00fcr [&hellip;]<\/p>\n","protected":false},"author":5,"featured_media":0,"parent":0,"menu_order":0,"comment_status":"closed","ping_status":"closed","template":"template-builder.php","meta":{"_acf_changed":false,"inline_featured_image":false,"footnotes":""},"class_list":["post-1480","page","type-page","status-publish","hentry"],"acf":[],"yoast_head":"<!-- This site is optimized with the Yoast SEO plugin v24.4 - https:\/\/yoast.com\/wordpress\/plugins\/seo\/ -->\n<title>Spinwinera App | Mobile-App f\u00fcr iOS &amp; Android<\/title>\n<meta name=\"description\" content=\"Installiere die Spin Winera application f\u00fcr schnellen mobilen Zugriff auf 6.000+ Spiele, Live-Dealer, Missionen und schnelle Auszahlungen mit einem Konto.\" \/>\n<meta name=\"robots\" content=\"index, follow, max-snippet:-1, max-image-preview:large, max-video-preview:-1\" \/>\n<link rel=\"canonical\" href=\"https:\/\/spin-winera.org\/de\/app\/\" \/>\n<meta property=\"og:locale\" content=\"de_DE\" \/>\n<meta property=\"og:type\" content=\"article\" \/>\n<meta property=\"og:title\" content=\"Spinwinera App | Mobile-App f\u00fcr iOS &amp; Android\" \/>\n<meta property=\"og:description\" content=\"Installiere die Spin Winera application f\u00fcr schnellen mobilen Zugriff auf 6.000+ Spiele, Live-Dealer, Missionen und schnelle Auszahlungen mit einem Konto.\" \/>\n<meta property=\"og:url\" content=\"https:\/\/spin-winera.org\/de\/app\/\" \/>\n<meta property=\"og:site_name\" content=\"spinwinera\" \/>\n<meta property=\"article:modified_time\" content=\"2026-02-27T12:43:31+00:00\" \/>\n<meta name=\"twitter:card\" content=\"summary_large_image\" \/>\n<meta name=\"twitter:label1\" content=\"Gesch\u00e4tzte Lesezeit\" \/>\n\t<meta name=\"twitter:data1\" content=\"2\u00a0Minuten\" \/>\n<script type=\"application\/ld+json\" class=\"yoast-schema-graph\">{\"@context\":\"https:\/\/schema.org\",\"@graph\":[{\"@type\":\"WebPage\",\"@id\":\"https:\/\/spin-winera.org\/de\/app\/\",\"url\":\"https:\/\/spin-winera.org\/de\/app\/\",\"name\":\"Spinwinera App | Mobile-App f\u00fcr iOS & Android\",\"isPartOf\":{\"@id\":\"https:\/\/spin-winera.org\/de\/#website\"},\"datePublished\":\"2025-12-16T08:22:41+00:00\",\"dateModified\":\"2026-02-27T12:43:31+00:00\",\"description\":\"Installiere die Spin Winera application f\u00fcr schnellen mobilen Zugriff auf 6.000+ Spiele, Live-Dealer, Missionen und schnelle Auszahlungen mit einem Konto.\",\"breadcrumb\":{\"@id\":\"https:\/\/spin-winera.org\/de\/app\/#breadcrumb\"},\"inLanguage\":\"de\",\"potentialAction\":[{\"@type\":\"ReadAction\",\"target\":[\"https:\/\/spin-winera.org\/de\/app\/\"]}]},{\"@type\":\"BreadcrumbList\",\"@id\":\"https:\/\/spin-winera.org\/de\/app\/#breadcrumb\",\"itemListElement\":[{\"@type\":\"ListItem\",\"position\":1,\"name\":\"Spinwinera\",\"item\":\"https:\/\/spin-winera.org\/de\/\"},{\"@type\":\"ListItem\",\"position\":2,\"name\":\"App\"}]},{\"@type\":\"WebSite\",\"@id\":\"https:\/\/spin-winera.org\/de\/#website\",\"url\":\"https:\/\/spin-winera.org\/de\/\",\"name\":\"Spinwinera\",\"description\":\"\",\"publisher\":{\"@id\":\"https:\/\/spin-winera.org\/de\/#organization\"},\"potentialAction\":[{\"@type\":\"SearchAction\",\"target\":{\"@type\":\"EntryPoint\",\"urlTemplate\":\"https:\/\/spin-winera.org\/de\/?s={search_term_string}\"},\"query-input\":{\"@type\":\"PropertyValueSpecification\",\"valueRequired\":true,\"valueName\":\"search_term_string\"}}],\"inLanguage\":\"de\"},{\"@type\":\"Organization\",\"@id\":\"https:\/\/spin-winera.org\/de\/#organization\",\"name\":\"Spinwinera\",\"url\":\"https:\/\/spin-winera.org\/de\/\",\"logo\":{\"@type\":\"ImageObject\",\"inLanguage\":\"de\",\"@id\":\"https:\/\/spin-winera.org\/de\/#\/schema\/logo\/image\/\",\"url\":\"https:\/\/spin-winera.org\/wp-content\/uploads\/2025\/08\/80u1FaquEZeR6OUTeJCc.png\",\"contentUrl\":\"https:\/\/spin-winera.org\/wp-content\/uploads\/2025\/08\/80u1FaquEZeR6OUTeJCc.png\",\"width\":157,\"height\":30,\"caption\":\"Spinwinera\"},\"image\":{\"@id\":\"https:\/\/spin-winera.org\/de\/#\/schema\/logo\/image\/\"}}]}<\/script>\n<!-- \/ Yoast SEO plugin. -->","yoast_head_json":{"title":"Spinwinera App | Mobile-App f\u00fcr iOS & Android","description":"Installiere die Spin Winera application f\u00fcr schnellen mobilen Zugriff auf 6.000+ Spiele, Live-Dealer, Missionen und schnelle Auszahlungen mit einem Konto.","robots":{"index":"index","follow":"follow","max-snippet":"max-snippet:-1","max-image-preview":"max-image-preview:large","max-video-preview":"max-video-preview:-1"},"canonical":"https:\/\/spin-winera.org\/de\/app\/","og_locale":"de_DE","og_type":"article","og_title":"Spinwinera App | Mobile-App f\u00fcr iOS & Android","og_description":"Installiere die Spin Winera application f\u00fcr schnellen mobilen Zugriff auf 6.000+ Spiele, Live-Dealer, Missionen und schnelle Auszahlungen mit einem Konto.","og_url":"https:\/\/spin-winera.org\/de\/app\/","og_site_name":"spinwinera","article_modified_time":"2026-02-27T12:43:31+00:00","twitter_card":"summary_large_image","twitter_misc":{"Gesch\u00e4tzte Lesezeit":"2\u00a0Minuten"},"schema":{"@context":"https:\/\/schema.org","@graph":[{"@type":"WebPage","@id":"https:\/\/spin-winera.org\/de\/app\/","url":"https:\/\/spin-winera.org\/de\/app\/","name":"Spinwinera App | Mobile-App f\u00fcr iOS & Android","isPartOf":{"@id":"https:\/\/spin-winera.org\/de\/#website"},"datePublished":"2025-12-16T08:22:41+00:00","dateModified":"2026-02-27T12:43:31+00:00","description":"Installiere die Spin Winera application f\u00fcr schnellen mobilen Zugriff auf 6.000+ Spiele, Live-Dealer, Missionen und schnelle Auszahlungen mit einem Konto.","breadcrumb":{"@id":"https:\/\/spin-winera.org\/de\/app\/#breadcrumb"},"inLanguage":"de","potentialAction":[{"@type":"ReadAction","target":["https:\/\/spin-winera.org\/de\/app\/"]}]},{"@type":"BreadcrumbList","@id":"https:\/\/spin-winera.org\/de\/app\/#breadcrumb","itemListElement":[{"@type":"ListItem","position":1,"name":"Spinwinera","item":"https:\/\/spin-winera.org\/de\/"},{"@type":"ListItem","position":2,"name":"App"}]},{"@type":"WebSite","@id":"https:\/\/spin-winera.org\/de\/#website","url":"https:\/\/spin-winera.org\/de\/","name":"Spinwinera","description":"","publisher":{"@id":"https:\/\/spin-winera.org\/de\/#organization"},"potentialAction":[{"@type":"SearchAction","target":{"@type":"EntryPoint","urlTemplate":"https:\/\/spin-winera.org\/de\/?s={search_term_string}"},"query-input":{"@type":"PropertyValueSpecification","valueRequired":true,"valueName":"search_term_string"}}],"inLanguage":"de"},{"@type":"Organization","@id":"https:\/\/spin-winera.org\/de\/#organization","name":"Spinwinera","url":"https:\/\/spin-winera.org\/de\/","logo":{"@type":"ImageObject","inLanguage":"de","@id":"https:\/\/spin-winera.org\/de\/#\/schema\/logo\/image\/","url":"https:\/\/spin-winera.org\/wp-content\/uploads\/2025\/08\/80u1FaquEZeR6OUTeJCc.png","contentUrl":"https:\/\/spin-winera.org\/wp-content\/uploads\/2025\/08\/80u1FaquEZeR6OUTeJCc.png","width":157,"height":30,"caption":"Spinwinera"},"image":{"@id":"https:\/\/spin-winera.org\/de\/#\/schema\/logo\/image\/"}}]}},"_links":{"self":[{"href":"https:\/\/spin-winera.org\/de\/wp-json\/wp\/v2\/pages\/1480","targetHints":{"allow":["GET"]}}],"collection":[{"href":"https:\/\/spin-winera.org\/de\/wp-json\/wp\/v2\/pages"}],"about":[{"href":"https:\/\/spin-winera.org\/de\/wp-json\/wp\/v2\/types\/page"}],"author":[{"embeddable":true,"href":"https:\/\/spin-winera.org\/de\/wp-json\/wp\/v2\/users\/5"}],"replies":[{"embeddable":true,"href":"https:\/\/spin-winera.org\/de\/wp-json\/wp\/v2\/comments?post=1480"}],"version-history":[{"count":2,"href":"https:\/\/spin-winera.org\/de\/wp-json\/wp\/v2\/pages\/1480\/revisions"}],"predecessor-version":[{"id":1792,"href":"https:\/\/spin-winera.org\/de\/wp-json\/wp\/v2\/pages\/1480\/revisions\/1792"}],"wp:attachment":[{"href":"https:\/\/spin-winera.org\/de\/wp-json\/wp\/v2\/media?parent=1480"}],"curies":[{"name":"wp","href":"https:\/\/api.w.org\/{rel}","templated":true}]}}