{"id":1524,"date":"2025-12-16T08:24:24","date_gmt":"2025-12-16T08:24:24","guid":{"rendered":"https:\/\/spin-winera.org\/inicio-de-sessao-e-registo\/"},"modified":"2026-02-27T12:47:23","modified_gmt":"2026-02-27T12:47:23","slug":"anmeldung-und-registrierung","status":"publish","type":"page","link":"https:\/\/spin-winera.org\/de\/anmeldung-und-registrierung\/","title":{"rendered":"Anmeldung und Registrierung"},"content":{"rendered":"<h1>SpinWinera Anmeldung<\/h1>\n<p>Wenn Sie die besten Funktionen eines Online-Casinos nutzen m\u00f6chten, empfehlen wir Ihnen dringend, den SpinWinera Login Prozess durchzuf\u00fchren. Damit k\u00f6nnen Sie auf unserer Website um echtes Geld spielen und eine riesige Bonusauswahl genie\u00dfen. Die Erstellung eines Kontos bei SpinWinera Casino ist f\u00fcr alle Nutzer ab 18 Jahren m\u00f6glich. Wir ben\u00f6tigen lediglich Ihre E-Mail-Adresse und Ihr Passwort, um loszulegen. Der Vorgang dauert nur wenige Minuten.<\/p>\n<p><div class=\"banner-wrap\" aria-label=\"Banner\"><img src=\"https:\/\/spin-winera.org\/wp-content\/uploads\/2025\/12\/Spinwinera-bonus-desktop.webp\" class=\"w-100 d-none d-lg-block img-pc main-banner-img\" alt=\"Spinwinera bonus desktop\" fetchpriority=\"high\" decoding=\"async\"><img src=\"https:\/\/spin-winera.org\/wp-content\/uploads\/2025\/12\/Spinwinera-bonus-mobile.webp\" class=\"w-100 d-none d-md-block d-lg-none main-banner-img\" alt=\"Spinwinera bonus mobile\" fetchpriority=\"high\" decoding=\"async\"><img src=\"https:\/\/spin-winera.org\/wp-content\/uploads\/2025\/12\/Spinwinera-bonus-mobile.webp\" class=\"w-100 d-md-none\" alt=\"Spinwinera bonus mobile\" fetchpriority=\"high\" decoding=\"async\"><div class=\"banner-description\">\n<div class=\"banner-title\">Willkommensboni<\/div>\n<p class=\"banner-header-title\">1500 \u20ac<\/p>\n<div class=\"banner-header-AdditionalText\">+ 250 Freispiele<\/div>\n<button data-item=\"homepage_banner_link\" class=\"goto m-button m-gradient-border m-button--primary m-button--large banner-button btn-orange\">\n            <div class=\"m-button-content\">\n                <span>Jetzt anmelden<\/span>\n                <span><\/span>\n            <\/div>\n        <\/button>\n<\/div>\n<div class=\"WelcomePack\">\n<p><img loading=\"lazy\" decoding=\"async\" class=\"alignnone size-full wp-image-1442\" src=\"https:\/\/spin-winera.org\/wp-content\/uploads\/2025\/12\/welcome-crown.svg\" alt=\"crown\" width=\"25\" height=\"26\" \/><\/p>\n<div class=\"WelcomePack-Info\">W\u00f6chentlicher Cashback von bis zu 25 %<\/div>\n<p><img loading=\"lazy\" decoding=\"async\" class=\"alignnone size-full wp-image-1442\" src=\"https:\/\/spin-winera.org\/wp-content\/uploads\/2025\/12\/welcome-crown.svg\" alt=\"crown\" width=\"25\" height=\"26\" \/><\/p>\n<\/div>\n<\/div><div class=\"scrollable-content-wrap my-5\"><div class=\"scrollable-content-inner\"><h2>SpinWinera Casino Registrierung<\/h2>\n<p>Wenn Sie ein Konto bei Spin Winera Casino erstellen, erhalten Sie grunds\u00e4tzlich Zugriff auf alle Funktionen der Website. Das bedeutet, dass Sie mehr als 6.000 Titel aus unserer Spielbibliothek genie\u00dfen k\u00f6nnen, darunter Online-Slots, Tischspiele, Live-Casino-Optionen und vieles mehr.<\/p>\n<p>Alle Nutzer, die auf unserer Plattform spielen, k\u00f6nnen von Werbeaktionen, Turnieren und dem Treueprogramm profitieren. Selbstverst\u00e4ndlich k\u00f6nnen Sie auch Ihre Gewinne auszahlen lassen.<\/p>\n<p>SpinWinera ist auch ohne Registrierung verf\u00fcgbar, aber die Funktionalit\u00e4t ist sehr eingeschr\u00e4nkt. Ohne Konto k\u00f6nnen Sie einige Titel im Demo-Modus ohne Einzahlung und ohne Risiko ausprobieren. Das gesamte Spielerlebnis erhalten Spieler jedoch erst nach Abschluss der SpinWinera Anmeldung.<\/p>\n<h3>Online-Konto erstellen<\/h3>\n<p>Wenn Sie bef\u00fcrchten, dass die Registrierung viel Zeit in Anspruch nimmt und wir viele Ihrer pers\u00f6nlichen Daten ben\u00f6tigen, werden wir Ihnen beweisen, dass dies nicht der Fall ist. Sie k\u00f6nnen den gesamten Vorgang bei Spin Winera innerhalb weniger Minuten abschlie\u00dfen. Befolgen Sie unsere nachstehenden Anweisungen, um dies schnell und problemlos zu erledigen:<\/p>\n<ol>\n<li>Klicken Sie auf unserer Plattform auf die Schaltfl\u00e4che \u201eAnmelden\u201c.<\/li>\n<li>Geben Sie Ihre E-Mail-Adresse ein und erstellen Sie ein Passwort. Das Passwort sollte sicher sein und mindestens 6 Zeichen enthalten.<\/li>\n<li>Best\u00e4tigen Sie, dass Sie mindestens 18 Jahre alt sind und akzeptieren Sie die SpinWinera Allgemeinen Gesch\u00e4ftsbedingungen.<\/li>\n<li>Klicken Sie am Ende des Anmeldeformulars auf \u201eAnmelden\u201c.<\/li>\n<\/ol>\n<p>Sp\u00e4ter m\u00fcssen Sie auch das Formular mit Ihren pers\u00f6nlichen Daten ausf\u00fcllen, wie Ihren vollst\u00e4ndigen Namen, Ihr Geburtsdatum und Ihre Telefonnummer. Bitte geben Sie nur echte Angaben an, da wir diese w\u00e4hrend des Verifizierungsprozesses verwenden werden.<\/p>\n<h2>SpinWinera Login Prozess<\/h2>\n<p>Der SpinWinera-Anmeldeprozess ist ein wichtiger Schritt f\u00fcr alle, die bereits ein Konto auf unserer Plattform haben. Verpassen Sie nicht die Gelegenheit, mit angepassten Kontoeinstellungen ein personalisierteres Erlebnis zu genie\u00dfen. Sie m\u00fcssen lediglich die pers\u00f6nlichen Daten eingeben, die Sie bei der Registrierung auf der Spin Winera-Anmeldeseite verwendet haben.<\/p>\n<p>In Ihrem Konto finden Sie wichtige Einstellungen, die Ihr Erlebnis bei SpinWinera verbessern werden. Wir haben ein logisches Design mit Dashboards f\u00fcr Ihre Bequemlichkeit erstellt. In der folgenden Tabelle finden Sie weitere Informationen.<\/p>\n<table>\n<tbody>\n<tr>\n<td>Funktion<\/td>\n<td>Details<\/td>\n<\/tr>\n<tr>\n<td>Aktivit\u00e4tsverlauf<\/td>\n<td>Sie k\u00f6nnen den Verlauf Ihrer Boni, Zahlungen, Wetten und allgemeinen Aktivit\u00e4ten verfolgen und analysieren.<\/td>\n<\/tr>\n<tr>\n<td>Tools f\u00fcr verantwortungsbewusstes Spielen<\/td>\n<td>Benutzer k\u00f6nnen finanzielle und zeitliche Limits festlegen und sich selbst sperren.<\/td>\n<\/tr>\n<tr>\n<td>Sicherheitsoptionen<\/td>\n<td>Bei Bedarf k\u00f6nnen Sie die Zwei-Faktor-Authentifizierung aktivieren, um die Sicherheit Ihres Kontos zu erh\u00f6hen.<\/td>\n<\/tr>\n<tr>\n<td>Pers\u00f6nliche Daten und Zahlungsinformationen<\/td>\n<td>Spieler k\u00f6nnen ihre pers\u00f6nlichen Daten und Zahlungsinformationen jederzeit aktualisieren und \u00e4ndern.<\/td>\n<\/tr>\n<\/tbody>\n<\/table>\n<h2>Spin Winera Casino Verifizierungsprozess<\/h2>\n<p>Eine unserer Sicherheitsma\u00dfnahmen bei SpinWinera ist der Verifizierungsprozess. Wir bitten alle unsere Kunden, diesen vor der ersten Auszahlung durchzuf\u00fchren. Er ist erforderlich, um Ihre Identit\u00e4t, Ihr Alter, Ihre Wohnadresse und die Inhaberschaft Ihres Zahlungskontos zu best\u00e4tigen.<\/p>\n<p>Laden Sie einfach die Kopien oder Fotos der erforderlichen Dokumente hoch, und unsere Manager werden sie innerhalb von 48 Stunden pr\u00fcfen. Zu den Dokumenten k\u00f6nnen ein amtlicher Ausweis, eine Stromrechnung, ein Kontoauszug und andere Unterlagen geh\u00f6ren.<\/p>\n<p>Wenn Sie Fragen oder Probleme zu diesem Schritt haben, wenden Sie sich bitte an unser mehrsprachiges Supportteam. Dieses steht Ihnen gerne mit Erkl\u00e4rungen und Hilfestellungen zur Verf\u00fcgung.<\/p>\n<h2>H\u00e4ufig gestellte Fragen<\/h2>\n<h3>Wie melde ich mich bei meinem SpinWinera-Konto an?<\/h3>\n<p>Um auf Ihr SpinWinera Casino-Konto zuzugreifen, m\u00fcssen Sie Ihre E-Mail-Adresse und das Passwort eingeben, das Sie bei der Registrierung verwendet haben. Das Spin Winera-Anmeldeformular befindet sich in der oberen rechten Ecke der Seite.<\/p>\n<h3>Warum kann ich mich nicht anmelden, obwohl ich die richtigen Daten eingegeben habe?<\/h3>\n<p>Wenn Sie sicher sind, dass die eingegebenen Informationen korrekt sind, wenden Sie sich bitte an unser Support-Team, um weitere Informationen zu erhalten. Dies kann \u00fcber den Live-Chat oder per E-Mail erfolgen. Unsere Mitarbeiter werden alles \u00fcberpr\u00fcfen und Ihnen eine L\u00f6sung anbieten.<\/p>\n<h3>Wie kann ich mein Passwort sicher zur\u00fccksetzen?<\/h3>\n<p>Wenn Sie Ihr Passwort vergessen haben oder es aktualisieren m\u00f6chten, bieten wir Ihnen eine spezielle Funktion zum Zur\u00fccksetzen an. Klicken Sie im Anmeldeformular auf \u201ePasswort vergessen?\u201c und folgen Sie den Anweisungen auf dem Bildschirm. Dar\u00fcber hinaus k\u00f6nnen Sie Ihre pers\u00f6nlichen Daten jederzeit in den Kontoeinstellungen von SpinWinera Casino \u00e4ndern.<\/p>\n<\/div><\/div><\/p>\n","protected":false},"excerpt":{"rendered":"<p>SpinWinera Anmeldung Wenn Sie die besten Funktionen eines Online-Casinos nutzen m\u00f6chten, empfehlen wir Ihnen dringend, den SpinWinera Login Prozess durchzuf\u00fchren. Damit k\u00f6nnen Sie auf unserer Website um echtes Geld spielen und eine riesige Bonusauswahl genie\u00dfen. Die Erstellung eines Kontos bei SpinWinera Casino ist f\u00fcr alle Nutzer ab 18 Jahren m\u00f6glich. Wir ben\u00f6tigen lediglich Ihre E-Mail-Adresse [&hellip;]<\/p>\n","protected":false},"author":5,"featured_media":0,"parent":0,"menu_order":0,"comment_status":"closed","ping_status":"closed","template":"template-builder.php","meta":{"_acf_changed":false,"inline_featured_image":false,"footnotes":""},"class_list":["post-1524","page","type-page","status-publish","hentry"],"acf":[],"yoast_head":"<!-- This site is optimized with the Yoast SEO plugin v24.4 - https:\/\/yoast.com\/wordpress\/plugins\/seo\/ -->\n<title>Spinwinera Login | Sicherer Zugang &amp; schnelle Anmeldung<\/title>\n<meta name=\"description\" content=\"Log in Spinwinera, um auf Ihr Profil zuzugreifen, Daten zu verifizieren, Boni zu aktivieren und sofort Zugriff auf Slots und Live-Spiele zu erhalten \u2013 mit sicheren Ein- und Auszahlungen.\" \/>\n<meta name=\"robots\" content=\"index, follow, max-snippet:-1, max-image-preview:large, max-video-preview:-1\" \/>\n<link rel=\"canonical\" href=\"https:\/\/spin-winera.org\/de\/anmeldung-und-registrierung\/\" \/>\n<meta property=\"og:locale\" content=\"de_DE\" \/>\n<meta property=\"og:type\" content=\"article\" \/>\n<meta property=\"og:title\" content=\"Spinwinera Login | Sicherer Zugang &amp; schnelle Anmeldung\" \/>\n<meta property=\"og:description\" content=\"Log in Spinwinera, um auf Ihr Profil zuzugreifen, Daten zu verifizieren, Boni zu aktivieren und sofort Zugriff auf Slots und Live-Spiele zu erhalten \u2013 mit sicheren Ein- und Auszahlungen.\" \/>\n<meta property=\"og:url\" content=\"https:\/\/spin-winera.org\/de\/anmeldung-und-registrierung\/\" \/>\n<meta property=\"og:site_name\" content=\"spinwinera\" \/>\n<meta property=\"article:modified_time\" content=\"2026-02-27T12:47:23+00:00\" \/>\n<meta name=\"twitter:card\" content=\"summary_large_image\" \/>\n<meta name=\"twitter:label1\" content=\"Gesch\u00e4tzte Lesezeit\" \/>\n\t<meta name=\"twitter:data1\" content=\"1\u00a0Minute\" \/>\n<script type=\"application\/ld+json\" class=\"yoast-schema-graph\">{\"@context\":\"https:\/\/schema.org\",\"@graph\":[{\"@type\":\"WebPage\",\"@id\":\"https:\/\/spin-winera.org\/de\/anmeldung-und-registrierung\/\",\"url\":\"https:\/\/spin-winera.org\/de\/anmeldung-und-registrierung\/\",\"name\":\"Spinwinera Login | Sicherer Zugang & schnelle Anmeldung\",\"isPartOf\":{\"@id\":\"https:\/\/spin-winera.org\/de\/#website\"},\"datePublished\":\"2025-12-16T08:24:24+00:00\",\"dateModified\":\"2026-02-27T12:47:23+00:00\",\"description\":\"Log in Spinwinera, um auf Ihr Profil zuzugreifen, Daten zu verifizieren, Boni zu aktivieren und sofort Zugriff auf Slots und Live-Spiele zu erhalten \u2013 mit sicheren Ein- und Auszahlungen.\",\"breadcrumb\":{\"@id\":\"https:\/\/spin-winera.org\/de\/anmeldung-und-registrierung\/#breadcrumb\"},\"inLanguage\":\"de\",\"potentialAction\":[{\"@type\":\"ReadAction\",\"target\":[\"https:\/\/spin-winera.org\/de\/anmeldung-und-registrierung\/\"]}]},{\"@type\":\"BreadcrumbList\",\"@id\":\"https:\/\/spin-winera.org\/de\/anmeldung-und-registrierung\/#breadcrumb\",\"itemListElement\":[{\"@type\":\"ListItem\",\"position\":1,\"name\":\"Spinwinera\",\"item\":\"https:\/\/spin-winera.org\/de\/\"},{\"@type\":\"ListItem\",\"position\":2,\"name\":\"Anmeldung und Registrierung\"}]},{\"@type\":\"WebSite\",\"@id\":\"https:\/\/spin-winera.org\/de\/#website\",\"url\":\"https:\/\/spin-winera.org\/de\/\",\"name\":\"Spinwinera\",\"description\":\"\",\"publisher\":{\"@id\":\"https:\/\/spin-winera.org\/de\/#organization\"},\"potentialAction\":[{\"@type\":\"SearchAction\",\"target\":{\"@type\":\"EntryPoint\",\"urlTemplate\":\"https:\/\/spin-winera.org\/de\/?s={search_term_string}\"},\"query-input\":{\"@type\":\"PropertyValueSpecification\",\"valueRequired\":true,\"valueName\":\"search_term_string\"}}],\"inLanguage\":\"de\"},{\"@type\":\"Organization\",\"@id\":\"https:\/\/spin-winera.org\/de\/#organization\",\"name\":\"Spinwinera\",\"url\":\"https:\/\/spin-winera.org\/de\/\",\"logo\":{\"@type\":\"ImageObject\",\"inLanguage\":\"de\",\"@id\":\"https:\/\/spin-winera.org\/de\/#\/schema\/logo\/image\/\",\"url\":\"https:\/\/spin-winera.org\/wp-content\/uploads\/2025\/08\/80u1FaquEZeR6OUTeJCc.png\",\"contentUrl\":\"https:\/\/spin-winera.org\/wp-content\/uploads\/2025\/08\/80u1FaquEZeR6OUTeJCc.png\",\"width\":157,\"height\":30,\"caption\":\"Spinwinera\"},\"image\":{\"@id\":\"https:\/\/spin-winera.org\/de\/#\/schema\/logo\/image\/\"}}]}<\/script>\n<!-- \/ Yoast SEO plugin. -->","yoast_head_json":{"title":"Spinwinera Login | Sicherer Zugang & schnelle Anmeldung","description":"Log in Spinwinera, um auf Ihr Profil zuzugreifen, Daten zu verifizieren, Boni zu aktivieren und sofort Zugriff auf Slots und Live-Spiele zu erhalten \u2013 mit sicheren Ein- und Auszahlungen.","robots":{"index":"index","follow":"follow","max-snippet":"max-snippet:-1","max-image-preview":"max-image-preview:large","max-video-preview":"max-video-preview:-1"},"canonical":"https:\/\/spin-winera.org\/de\/anmeldung-und-registrierung\/","og_locale":"de_DE","og_type":"article","og_title":"Spinwinera Login | Sicherer Zugang & schnelle Anmeldung","og_description":"Log in Spinwinera, um auf Ihr Profil zuzugreifen, Daten zu verifizieren, Boni zu aktivieren und sofort Zugriff auf Slots und Live-Spiele zu erhalten \u2013 mit sicheren Ein- und Auszahlungen.","og_url":"https:\/\/spin-winera.org\/de\/anmeldung-und-registrierung\/","og_site_name":"spinwinera","article_modified_time":"2026-02-27T12:47:23+00:00","twitter_card":"summary_large_image","twitter_misc":{"Gesch\u00e4tzte Lesezeit":"1\u00a0Minute"},"schema":{"@context":"https:\/\/schema.org","@graph":[{"@type":"WebPage","@id":"https:\/\/spin-winera.org\/de\/anmeldung-und-registrierung\/","url":"https:\/\/spin-winera.org\/de\/anmeldung-und-registrierung\/","name":"Spinwinera Login | Sicherer Zugang & schnelle Anmeldung","isPartOf":{"@id":"https:\/\/spin-winera.org\/de\/#website"},"datePublished":"2025-12-16T08:24:24+00:00","dateModified":"2026-02-27T12:47:23+00:00","description":"Log in Spinwinera, um auf Ihr Profil zuzugreifen, Daten zu verifizieren, Boni zu aktivieren und sofort Zugriff auf Slots und Live-Spiele zu erhalten \u2013 mit sicheren Ein- und Auszahlungen.","breadcrumb":{"@id":"https:\/\/spin-winera.org\/de\/anmeldung-und-registrierung\/#breadcrumb"},"inLanguage":"de","potentialAction":[{"@type":"ReadAction","target":["https:\/\/spin-winera.org\/de\/anmeldung-und-registrierung\/"]}]},{"@type":"BreadcrumbList","@id":"https:\/\/spin-winera.org\/de\/anmeldung-und-registrierung\/#breadcrumb","itemListElement":[{"@type":"ListItem","position":1,"name":"Spinwinera","item":"https:\/\/spin-winera.org\/de\/"},{"@type":"ListItem","position":2,"name":"Anmeldung und Registrierung"}]},{"@type":"WebSite","@id":"https:\/\/spin-winera.org\/de\/#website","url":"https:\/\/spin-winera.org\/de\/","name":"Spinwinera","description":"","publisher":{"@id":"https:\/\/spin-winera.org\/de\/#organization"},"potentialAction":[{"@type":"SearchAction","target":{"@type":"EntryPoint","urlTemplate":"https:\/\/spin-winera.org\/de\/?s={search_term_string}"},"query-input":{"@type":"PropertyValueSpecification","valueRequired":true,"valueName":"search_term_string"}}],"inLanguage":"de"},{"@type":"Organization","@id":"https:\/\/spin-winera.org\/de\/#organization","name":"Spinwinera","url":"https:\/\/spin-winera.org\/de\/","logo":{"@type":"ImageObject","inLanguage":"de","@id":"https:\/\/spin-winera.org\/de\/#\/schema\/logo\/image\/","url":"https:\/\/spin-winera.org\/wp-content\/uploads\/2025\/08\/80u1FaquEZeR6OUTeJCc.png","contentUrl":"https:\/\/spin-winera.org\/wp-content\/uploads\/2025\/08\/80u1FaquEZeR6OUTeJCc.png","width":157,"height":30,"caption":"Spinwinera"},"image":{"@id":"https:\/\/spin-winera.org\/de\/#\/schema\/logo\/image\/"}}]}},"_links":{"self":[{"href":"https:\/\/spin-winera.org\/de\/wp-json\/wp\/v2\/pages\/1524","targetHints":{"allow":["GET"]}}],"collection":[{"href":"https:\/\/spin-winera.org\/de\/wp-json\/wp\/v2\/pages"}],"about":[{"href":"https:\/\/spin-winera.org\/de\/wp-json\/wp\/v2\/types\/page"}],"author":[{"embeddable":true,"href":"https:\/\/spin-winera.org\/de\/wp-json\/wp\/v2\/users\/5"}],"replies":[{"embeddable":true,"href":"https:\/\/spin-winera.org\/de\/wp-json\/wp\/v2\/comments?post=1524"}],"version-history":[{"count":2,"href":"https:\/\/spin-winera.org\/de\/wp-json\/wp\/v2\/pages\/1524\/revisions"}],"predecessor-version":[{"id":1794,"href":"https:\/\/spin-winera.org\/de\/wp-json\/wp\/v2\/pages\/1524\/revisions\/1794"}],"wp:attachment":[{"href":"https:\/\/spin-winera.org\/de\/wp-json\/wp\/v2\/media?parent=1524"}],"curies":[{"name":"wp","href":"https:\/\/api.w.org\/{rel}","templated":true}]}}