{"id":1488,"date":"2025-12-16T08:22:41","date_gmt":"2025-12-16T08:22:41","guid":{"rendered":"https:\/\/spin-winera.org\/aplicacao\/"},"modified":"2026-02-27T12:44:15","modified_gmt":"2026-02-27T12:44:15","slug":"aplicacion","status":"publish","type":"page","link":"https:\/\/spin-winera.org\/es\/aplicacion\/","title":{"rendered":"Aplicaci\u00f3n"},"content":{"rendered":"<h1>Aplicaci\u00f3n SpinWinera<\/h1>\n<p>Jugar sobre la marcha no deber\u00eda ser un problema en el mundo moderno, y la SpinWinera App es un excelente ejemplo de ello. Ofrecemos a todos nuestros usuarios de Android e iOS en Espa\u00f1a un c\u00f3modo software m\u00f3vil que se adapta a cualquier smartphone y tableta moderna. Tendr\u00e1s acceso a una enorme colecci\u00f3n de juegos, bonificaciones rentables, un chat en vivo integrado para asistencia y mucho m\u00e1s. Adem\u00e1s, puedes acceder a SpinWinera a trav\u00e9s de cualquier navegador m\u00f3vil y utilizarlo sin problemas.<\/p>\n<div class=\"banner-wrap\" aria-label=\"Banner\"><img src=\"https:\/\/spin-winera.org\/wp-content\/uploads\/2025\/12\/Spinwinera-bonus-desktop.webp\" class=\"w-100 d-none d-lg-block img-pc main-banner-img\" alt=\"Spinwinera bonus desktop\" fetchpriority=\"high\" decoding=\"async\"><img src=\"https:\/\/spin-winera.org\/wp-content\/uploads\/2025\/12\/Spinwinera-bonus-mobile.webp\" class=\"w-100 d-none d-md-block d-lg-none main-banner-img\" alt=\"Spinwinera bonus mobile\" fetchpriority=\"high\" decoding=\"async\"><img src=\"https:\/\/spin-winera.org\/wp-content\/uploads\/2025\/12\/Spinwinera-bonus-mobile.webp\" class=\"w-100 d-md-none\" alt=\"Spinwinera bonus mobile\" fetchpriority=\"high\" decoding=\"async\"><div class=\"banner-description\">\n<div class=\"banner-title\">Bonos de bienvenida<\/div>\n<p class=\"banner-header-title\">1500 \u20ac<\/p>\n<div class=\"banner-header-AdditionalText\">+ 250 Tiradas gratis<\/div>\n<button data-item=\"homepage_banner_link\" class=\"goto m-button m-gradient-border m-button--primary m-button--large banner-button btn-orange\">\n            <div class=\"m-button-content\">\n                <span>Reg\u00edstrate ahora<\/span>\n                <span><\/span>\n            <\/div>\n        <\/button>\n<\/div>\n<div class=\"WelcomePack\">\n<p><img loading=\"lazy\" decoding=\"async\" class=\"alignnone size-full wp-image-1442\" src=\"https:\/\/spin-winera.org\/wp-content\/uploads\/2025\/12\/welcome-crown.svg\" alt=\"crown\" width=\"25\" height=\"26\" \/><\/p>\n<div class=\"WelcomePack-Info\">Reembolso semanal de hasta el 25 %<\/div>\n<p><img loading=\"lazy\" decoding=\"async\" class=\"alignnone size-full wp-image-1442\" src=\"https:\/\/spin-winera.org\/wp-content\/uploads\/2025\/12\/welcome-crown.svg\" alt=\"crown\" width=\"25\" height=\"26\" \/><\/p>\n<\/div>\n<\/div>\n<h2>Aplicaci\u00f3n SpinWinera \u2013 Sistema operativo m\u00f3vil<\/h2>\n<p>Cada vez m\u00e1s personas prefieren utilizar sus dispositivos m\u00f3viles para trabajar, practicar sus aficiones y entretenerse. En Spin Winera Casino, lo entendemos y ofrecemos a nuestros clientes una serie de opciones para mejorar su experiencia de juego. Los jugadores siempre pueden utilizar nuestra plataforma desde sus tel\u00e9fonos en cualquier navegador m\u00f3vil que prefieran, por ejemplo, Safari, Google Chrome y otros. Esta opci\u00f3n es equivalente a la versi\u00f3n completa para ordenador.<\/p>\n<p>SpinWinera tambi\u00e9n ofrece una aplicaci\u00f3n dedicada. Tiene el mismo dise\u00f1o, navegaci\u00f3n y funcionalidades. Toda la colecci\u00f3n de juegos, con m\u00e1s de 6.000 t\u00edtulos, estar\u00e1 disponible en tu dispositivo m\u00f3vil. La principal ventaja de SpinWinera Casino es que, despu\u00e9s de iniciar sesi\u00f3n, tu informaci\u00f3n, preferencias y logros se sincronizar\u00e1n entre todos los dispositivos.<\/p>\n<p>Las versiones m\u00f3viles son id\u00e9nticas al sitio web principal. Por eso, puedes comenzar tu aventura en la aplicaci\u00f3n SpinWinera, completar el proceso de registro y realizar todas las acciones necesarias all\u00ed tambi\u00e9n. Como medida de seguridad, tambi\u00e9n te pediremos que pases por el proceso de verificaci\u00f3n antes de realizar tu primer retiro.<\/p>\n<p><div class=\"scrollable-content-wrap my-5\"><div class=\"scrollable-content-inner\"><h2>Aplicaci\u00f3n SpinWinera \u2013 iOS (Apple)<\/h2>\n<p>Todos nuestros clientes con dispositivos iOS pueden estar tranquilos, ya que todos tienen la oportunidad de utilizar SpinWinera sobre la marcha. Safari y otros navegadores te ofrecen una c\u00f3moda versi\u00f3n m\u00f3vil que se adapta a los tama\u00f1os de pantalla m\u00e1s peque\u00f1os.<\/p>\n<p>Tambi\u00e9n puede instalar la aplicaci\u00f3n SpinWinera para acceder a ella con un solo clic desde su pantalla de inicio. Debido a las restricciones sobre los juegos de azar, el software no est\u00e1 disponible en la App Store. Puede instalarlo directamente desde nuestro sitio web. Si decide probar la aplicaci\u00f3n, siga nuestras instrucciones a continuaci\u00f3n para un proceso r\u00e1pido y sin complicaciones:<\/p>\n<ol>\n<li>Visita el sitio web Spin Winera Casino desde tu dispositivo m\u00f3vil.<\/li>\n<li>Ve al pie de p\u00e1gina de la p\u00e1gina principal.<\/li>\n<li>Haga clic en el bot\u00f3n \u00abAplicaci\u00f3n del casino\u00bb.<\/li>\n<li>En la p\u00e1gina que aparece, seleccione \u00abInstalar\u00bb en la parte central de la pantalla.<\/li>\n<li>Una vez completada la instalaci\u00f3n, el icono de la marca aparecer\u00e1 en la pantalla de inicio de tu iPhone o iPad.<\/li>\n<\/ol>\n<p><img loading=\"lazy\" decoding=\"async\" src=\"https:\/\/spin-winera.org\/wp-content\/uploads\/2025\/12\/Spinwinera-iOS-App.webp\" alt=\"Spinwinera iOS App\" width=\"1248\" height=\"536\" \/><\/p>\n<\/div><\/div><div style=\"clear: both\"><\/div><div class=\"d-flex justify-content-center\"><button data-item=\"decouvrez_link\" data-group=\"website_links\" class=\"goto fw-bold rounded-pill btn btn-orange\" aria-label=\"Descarga la aplicaci\u00f3n Spinwinera\" >Descarga la aplicaci\u00f3n Spinwinera<\/button><\/div><div class=\"scrollable-content-wrap my-5\"><div class=\"scrollable-content-inner\"><h2>Aplicaci\u00f3n Spin Winera \u2013 Dispositivos Android<\/h2>\n<p>Usar nuestro casino m\u00f3vil es f\u00e1cil si tienes un smartphone o tableta Android. Al igual que con iOS, aqu\u00ed tambi\u00e9n puedes disfrutar de los juegos en la versi\u00f3n para navegador o en la aplicaci\u00f3n SpinWinera Casino. El software m\u00f3vil no requiere la descarga de ning\u00fan archivo desconocido. Se trata de una aplicaci\u00f3n web progresiva (PWA). Por lo general, utiliza un m\u00ednimo de almacenamiento en el dispositivo, ya que solo almacena datos en cach\u00e9. Para obtener el mejor rendimiento, utiliza Android 8.0 o posterior.<\/p>\n<p>La aplicaci\u00f3n SpinWinera para Android se puede instalar desde nuestra plataforma haciendo clic en el bot\u00f3n \u00abAplicaci\u00f3n de casino\u00bb. Si prefiere la versi\u00f3n para navegador m\u00f3vil pero desea un acceso m\u00e1s r\u00e1pido, la mayor\u00eda de los navegadores ofrecen la opci\u00f3n de instalar un icono de acceso directo. Esto significa que no tendr\u00e1 que ir al navegador ni realizar ning\u00fan paso adicional, solo tendr\u00e1 que hacer clic en el icono de su pantalla de inicio.<\/p>\n<p><img loading=\"lazy\" decoding=\"async\" src=\"https:\/\/spin-winera.org\/wp-content\/uploads\/2025\/12\/Spinwinera-Android-App.webp\" alt=\"Spinwinera Android App\" width=\"1248\" height=\"536\" \/><\/p>\n<\/div><\/div><div style=\"clear: both\"><\/div><div class=\"d-flex justify-content-center\"><button data-item=\"decouvrez_link\" data-group=\"website_links\" class=\"goto fw-bold rounded-pill btn btn-orange\" aria-label=\"Descargar Spinwinera\" >Descargar Spinwinera<\/button><\/div><div class=\"scrollable-content-wrap my-5\"><div class=\"scrollable-content-inner\"><h2>Aplicaci\u00f3n de escritorio<\/h2>\n<p>Aunque destacamos las caracter\u00edsticas de las versiones m\u00f3viles, no nos hemos olvidado de aquellos que prefieren jugar en un ordenador o port\u00e1til. En muchas situaciones, es muy agradable disfrutar del proceso en una pantalla grande desde la comodidad de tu propia casa. SpinWinera Casino ofrece a sus clientes opciones convenientes adaptadas a sus preferencias.<\/p>\n<p>Tanto si tienes un PC con Windows como con macOS, puedes acceder a nuestra plataforma desde cualquier navegador que prefieras. No es necesario descargar ninguna aplicaci\u00f3n ni archivo adicional de Spin Winera. Para un acceso m\u00e1s r\u00e1pido, cualquier navegador te ofrece la posibilidad de instalar un icono en tu escritorio. En la tabla siguiente encontrar\u00e1s informaci\u00f3n sobre c\u00f3mo hacerlo en Windows y macOS.<\/p>\n<table>\n<tbody>\n<tr>\n<td>Paso<\/td>\n<td>Ventanas<\/td>\n<td>macOS<\/td>\n<\/tr>\n<tr>\n<td>Abrir navegador<\/td>\n<td>Abre Chrome o Edge y ve al sitio web oficial de SpinWinera.<\/td>\n<td>Inicie Safari o Chrome y visite nuestro sitio web.<\/td>\n<\/tr>\n<tr>\n<td>Crear acceso directo<\/td>\n<td>Ve al men\u00fa (bot\u00f3n de tres puntos) y selecciona la opci\u00f3n \u00abA\u00f1adir a la pantalla de inicio\u00bb. Confirma tus acciones.<\/td>\n<td>En Safari, haz clic en \u00abArchivo\u00bb y selecciona \u00abA\u00f1adir al Dock\u00bb. Puedes cambiar el nombre y la parte visual del icono.<\/td>\n<\/tr>\n<tr>\n<td>Lanzamiento<\/td>\n<td>Abre el icono creado en el escritorio para acceder al casino al instante.<\/td>\n<td>Haga clic en el acceso directo para acceder r\u00e1pidamente a SpinWinera Casino.<\/td>\n<\/tr>\n<\/tbody>\n<\/table>\n<p><img loading=\"lazy\" decoding=\"async\" src=\"https:\/\/spin-winera.org\/wp-content\/uploads\/2025\/12\/Spinwinera-PC.webp\" alt=\"Spinwinera PC\" width=\"1248\" height=\"536\" \/><\/p>\n<\/div><\/div><div style=\"clear: both\"><\/div><div class=\"d-flex justify-content-center\"><button data-item=\"decouvrez_link\" data-group=\"website_links\" class=\"goto fw-bold rounded-pill btn btn-orange\" aria-label=\"Descarga la aplicaci\u00f3n Spinwinera\" >Descarga la aplicaci\u00f3n Spinwinera<\/button><\/div><div class=\"scrollable-content-wrap my-5\"><div class=\"scrollable-content-inner\"><h2>Preguntas frecuentes<\/h2>\n<h3>\u00bfPuedo jugar a juegos de casino en vivo en la aplicaci\u00f3n?<\/h3>\n<p>Al igual que las tragaperras online y los juegos de mesa, las opciones con crupier en vivo est\u00e1n disponibles para jugar en dispositivos m\u00f3viles. Del mismo modo, tus juegos favoritos se retransmiten online con crupieres profesionales, pero adaptados al tama\u00f1o de la pantalla.<\/p>\n<h3>\u00bfEs seguro utilizar el Spin Winera Casino?<\/h3>\n<p>La aplicaci\u00f3n SpinWinera es un casino en l\u00ednea con licencia que cumple con todos los protocolos de seguridad necesarios del sector. Sus datos y transacciones est\u00e1n protegidos por un cifrado de 256 bits. Tambi\u00e9n puede proteger su cuenta en el software m\u00f3vil habilitando la autenticaci\u00f3n de dos factores.<\/p>\n<h3>\u00bfC\u00f3mo puedo ponerme en contacto con el servicio de atenci\u00f3n al cliente desde la aplicaci\u00f3n?<\/h3>\n<p>En la aplicaci\u00f3n SpinWinera, hay un chat en vivo integrado donde puedes ponerte en contacto con nuestro equipo de asistencia y obtener una respuesta en pocos minutos. Estamos disponibles las 24 horas del d\u00eda, los 7 d\u00edas de la semana, para responder a cualquier pregunta sobre la plataforma.<\/p>\n<h3>\u00bfLa aplicaci\u00f3n utiliza datos m\u00f3viles o solo Wi-Fi?<\/h3>\n<p>Spin Winera Casino est\u00e1 disponible a trav\u00e9s de datos m\u00f3viles o Wi-Fi. En este caso, no importa qu\u00e9 dispositivo utilices. Para un funcionamiento fluido, la conexi\u00f3n a Internet debe ser estable.<\/p>\n<\/div><\/div><\/p>\n","protected":false},"excerpt":{"rendered":"<p>Aplicaci\u00f3n SpinWinera Jugar sobre la marcha no deber\u00eda ser un problema en el mundo moderno, y la SpinWinera App es un excelente ejemplo de ello. Ofrecemos a todos nuestros usuarios de Android e iOS en Espa\u00f1a un c\u00f3modo software m\u00f3vil que se adapta a cualquier smartphone y tableta moderna. Tendr\u00e1s acceso a una enorme colecci\u00f3n [&hellip;]<\/p>\n","protected":false},"author":5,"featured_media":0,"parent":0,"menu_order":0,"comment_status":"closed","ping_status":"closed","template":"template-builder.php","meta":{"_acf_changed":false,"inline_featured_image":false,"footnotes":""},"class_list":["post-1488","page","type-page","status-publish","hentry"],"acf":[],"yoast_head":"<!-- This site is optimized with the Yoast SEO plugin v24.4 - https:\/\/yoast.com\/wordpress\/plugins\/seo\/ -->\n<title>Spinwinera App | Aplicaci\u00f3n m\u00f3vil para iOS y Android<\/title>\n<meta name=\"description\" content=\"Instala la Spin Winera application para acceder r\u00e1pidamente desde el m\u00f3vil a 6.000+ juegos, crupieres en vivo, misiones y retiros r\u00e1pidos con una sola cuenta.\" \/>\n<meta name=\"robots\" content=\"index, follow, max-snippet:-1, max-image-preview:large, max-video-preview:-1\" \/>\n<link rel=\"canonical\" href=\"https:\/\/spin-winera.org\/es\/aplicacion\/\" \/>\n<meta property=\"og:locale\" content=\"es_ES\" \/>\n<meta property=\"og:type\" content=\"article\" \/>\n<meta property=\"og:title\" content=\"Spinwinera App | Aplicaci\u00f3n m\u00f3vil para iOS y Android\" \/>\n<meta property=\"og:description\" content=\"Instala la Spin Winera application para acceder r\u00e1pidamente desde el m\u00f3vil a 6.000+ juegos, crupieres en vivo, misiones y retiros r\u00e1pidos con una sola cuenta.\" \/>\n<meta property=\"og:url\" content=\"https:\/\/spin-winera.org\/es\/aplicacion\/\" \/>\n<meta property=\"og:site_name\" content=\"spinwinera\" \/>\n<meta property=\"article:modified_time\" content=\"2026-02-27T12:44:15+00:00\" \/>\n<meta name=\"twitter:card\" content=\"summary_large_image\" \/>\n<meta name=\"twitter:label1\" content=\"Est. reading time\" \/>\n\t<meta name=\"twitter:data1\" content=\"2 minutes\" \/>\n<script type=\"application\/ld+json\" class=\"yoast-schema-graph\">{\"@context\":\"https:\/\/schema.org\",\"@graph\":[{\"@type\":\"WebPage\",\"@id\":\"https:\/\/spin-winera.org\/es\/aplicacion\/\",\"url\":\"https:\/\/spin-winera.org\/es\/aplicacion\/\",\"name\":\"Spinwinera App | Aplicaci\u00f3n m\u00f3vil para iOS y Android\",\"isPartOf\":{\"@id\":\"https:\/\/spin-winera.org\/es\/#website\"},\"datePublished\":\"2025-12-16T08:22:41+00:00\",\"dateModified\":\"2026-02-27T12:44:15+00:00\",\"description\":\"Instala la Spin Winera application para acceder r\u00e1pidamente desde el m\u00f3vil a 6.000+ juegos, crupieres en vivo, misiones y retiros r\u00e1pidos con una sola cuenta.\",\"breadcrumb\":{\"@id\":\"https:\/\/spin-winera.org\/es\/aplicacion\/#breadcrumb\"},\"inLanguage\":\"es-ES\",\"potentialAction\":[{\"@type\":\"ReadAction\",\"target\":[\"https:\/\/spin-winera.org\/es\/aplicacion\/\"]}]},{\"@type\":\"BreadcrumbList\",\"@id\":\"https:\/\/spin-winera.org\/es\/aplicacion\/#breadcrumb\",\"itemListElement\":[{\"@type\":\"ListItem\",\"position\":1,\"name\":\"Spinwinera\",\"item\":\"https:\/\/spin-winera.org\/es\/\"},{\"@type\":\"ListItem\",\"position\":2,\"name\":\"Aplicaci\u00f3n\"}]},{\"@type\":\"WebSite\",\"@id\":\"https:\/\/spin-winera.org\/es\/#website\",\"url\":\"https:\/\/spin-winera.org\/es\/\",\"name\":\"Spinwinera\",\"description\":\"\",\"publisher\":{\"@id\":\"https:\/\/spin-winera.org\/es\/#organization\"},\"potentialAction\":[{\"@type\":\"SearchAction\",\"target\":{\"@type\":\"EntryPoint\",\"urlTemplate\":\"https:\/\/spin-winera.org\/es\/?s={search_term_string}\"},\"query-input\":{\"@type\":\"PropertyValueSpecification\",\"valueRequired\":true,\"valueName\":\"search_term_string\"}}],\"inLanguage\":\"es-ES\"},{\"@type\":\"Organization\",\"@id\":\"https:\/\/spin-winera.org\/es\/#organization\",\"name\":\"Spinwinera\",\"url\":\"https:\/\/spin-winera.org\/es\/\",\"logo\":{\"@type\":\"ImageObject\",\"inLanguage\":\"es-ES\",\"@id\":\"https:\/\/spin-winera.org\/es\/#\/schema\/logo\/image\/\",\"url\":\"https:\/\/spin-winera.org\/wp-content\/uploads\/2025\/08\/80u1FaquEZeR6OUTeJCc.png\",\"contentUrl\":\"https:\/\/spin-winera.org\/wp-content\/uploads\/2025\/08\/80u1FaquEZeR6OUTeJCc.png\",\"width\":157,\"height\":30,\"caption\":\"Spinwinera\"},\"image\":{\"@id\":\"https:\/\/spin-winera.org\/es\/#\/schema\/logo\/image\/\"}}]}<\/script>\n<!-- \/ Yoast SEO plugin. -->","yoast_head_json":{"title":"Spinwinera App | Aplicaci\u00f3n m\u00f3vil para iOS y Android","description":"Instala la Spin Winera application para acceder r\u00e1pidamente desde el m\u00f3vil a 6.000+ juegos, crupieres en vivo, misiones y retiros r\u00e1pidos con una sola cuenta.","robots":{"index":"index","follow":"follow","max-snippet":"max-snippet:-1","max-image-preview":"max-image-preview:large","max-video-preview":"max-video-preview:-1"},"canonical":"https:\/\/spin-winera.org\/es\/aplicacion\/","og_locale":"es_ES","og_type":"article","og_title":"Spinwinera App | Aplicaci\u00f3n m\u00f3vil para iOS y Android","og_description":"Instala la Spin Winera application para acceder r\u00e1pidamente desde el m\u00f3vil a 6.000+ juegos, crupieres en vivo, misiones y retiros r\u00e1pidos con una sola cuenta.","og_url":"https:\/\/spin-winera.org\/es\/aplicacion\/","og_site_name":"spinwinera","article_modified_time":"2026-02-27T12:44:15+00:00","twitter_card":"summary_large_image","twitter_misc":{"Est. reading time":"2 minutes"},"schema":{"@context":"https:\/\/schema.org","@graph":[{"@type":"WebPage","@id":"https:\/\/spin-winera.org\/es\/aplicacion\/","url":"https:\/\/spin-winera.org\/es\/aplicacion\/","name":"Spinwinera App | Aplicaci\u00f3n m\u00f3vil para iOS y Android","isPartOf":{"@id":"https:\/\/spin-winera.org\/es\/#website"},"datePublished":"2025-12-16T08:22:41+00:00","dateModified":"2026-02-27T12:44:15+00:00","description":"Instala la Spin Winera application para acceder r\u00e1pidamente desde el m\u00f3vil a 6.000+ juegos, crupieres en vivo, misiones y retiros r\u00e1pidos con una sola cuenta.","breadcrumb":{"@id":"https:\/\/spin-winera.org\/es\/aplicacion\/#breadcrumb"},"inLanguage":"es-ES","potentialAction":[{"@type":"ReadAction","target":["https:\/\/spin-winera.org\/es\/aplicacion\/"]}]},{"@type":"BreadcrumbList","@id":"https:\/\/spin-winera.org\/es\/aplicacion\/#breadcrumb","itemListElement":[{"@type":"ListItem","position":1,"name":"Spinwinera","item":"https:\/\/spin-winera.org\/es\/"},{"@type":"ListItem","position":2,"name":"Aplicaci\u00f3n"}]},{"@type":"WebSite","@id":"https:\/\/spin-winera.org\/es\/#website","url":"https:\/\/spin-winera.org\/es\/","name":"Spinwinera","description":"","publisher":{"@id":"https:\/\/spin-winera.org\/es\/#organization"},"potentialAction":[{"@type":"SearchAction","target":{"@type":"EntryPoint","urlTemplate":"https:\/\/spin-winera.org\/es\/?s={search_term_string}"},"query-input":{"@type":"PropertyValueSpecification","valueRequired":true,"valueName":"search_term_string"}}],"inLanguage":"es-ES"},{"@type":"Organization","@id":"https:\/\/spin-winera.org\/es\/#organization","name":"Spinwinera","url":"https:\/\/spin-winera.org\/es\/","logo":{"@type":"ImageObject","inLanguage":"es-ES","@id":"https:\/\/spin-winera.org\/es\/#\/schema\/logo\/image\/","url":"https:\/\/spin-winera.org\/wp-content\/uploads\/2025\/08\/80u1FaquEZeR6OUTeJCc.png","contentUrl":"https:\/\/spin-winera.org\/wp-content\/uploads\/2025\/08\/80u1FaquEZeR6OUTeJCc.png","width":157,"height":30,"caption":"Spinwinera"},"image":{"@id":"https:\/\/spin-winera.org\/es\/#\/schema\/logo\/image\/"}}]}},"_links":{"self":[{"href":"https:\/\/spin-winera.org\/es\/wp-json\/wp\/v2\/pages\/1488","targetHints":{"allow":["GET"]}}],"collection":[{"href":"https:\/\/spin-winera.org\/es\/wp-json\/wp\/v2\/pages"}],"about":[{"href":"https:\/\/spin-winera.org\/es\/wp-json\/wp\/v2\/types\/page"}],"author":[{"embeddable":true,"href":"https:\/\/spin-winera.org\/es\/wp-json\/wp\/v2\/users\/5"}],"replies":[{"embeddable":true,"href":"https:\/\/spin-winera.org\/es\/wp-json\/wp\/v2\/comments?post=1488"}],"version-history":[{"count":2,"href":"https:\/\/spin-winera.org\/es\/wp-json\/wp\/v2\/pages\/1488\/revisions"}],"predecessor-version":[{"id":2081,"href":"https:\/\/spin-winera.org\/es\/wp-json\/wp\/v2\/pages\/1488\/revisions\/2081"}],"wp:attachment":[{"href":"https:\/\/spin-winera.org\/es\/wp-json\/wp\/v2\/media?parent=1488"}],"curies":[{"name":"wp","href":"https:\/\/api.w.org\/{rel}","templated":true}]}}