{"id":1528,"date":"2025-12-16T08:24:24","date_gmt":"2025-12-16T08:24:24","guid":{"rendered":"https:\/\/spin-winera.org\/inicio-de-sessao-e-registo\/"},"modified":"2026-02-27T12:48:01","modified_gmt":"2026-02-27T12:48:01","slug":"inicio-de-sesion-y-registro","status":"publish","type":"page","link":"https:\/\/spin-winera.org\/es\/inicio-de-sesion-y-registro\/","title":{"rendered":"Inicio de sesi\u00f3n y Registro"},"content":{"rendered":"<h1>Inicio de sesi\u00f3n en SpinWinera<\/h1>\n<p>Si quieres disfrutar de las mejores funciones de un casino online, te recomendamos encarecidamente que completes el proceso de SpinWinera login. Te permitir\u00e1 jugar con dinero real en nuestro sitio web y disfrutar de una enorme colecci\u00f3n de bonos. Cualquier usuario espa\u00f1ol mayor de 18 a\u00f1os puede crear una cuenta en SpinWinera Casino. Solo necesitamos tu correo electr\u00f3nico y contrase\u00f1a para empezar. El proceso solo te llevar\u00e1 unos minutos.<\/p>\n<p><div class=\"banner-wrap\" aria-label=\"Banner\"><img src=\"https:\/\/spin-winera.org\/wp-content\/uploads\/2025\/12\/Spinwinera-bonus-desktop.webp\" class=\"w-100 d-none d-lg-block img-pc main-banner-img\" alt=\"Spinwinera bonus desktop\" fetchpriority=\"high\" decoding=\"async\"><img src=\"https:\/\/spin-winera.org\/wp-content\/uploads\/2025\/12\/Spinwinera-bonus-mobile.webp\" class=\"w-100 d-none d-md-block d-lg-none main-banner-img\" alt=\"Spinwinera bonus mobile\" fetchpriority=\"high\" decoding=\"async\"><img src=\"https:\/\/spin-winera.org\/wp-content\/uploads\/2025\/12\/Spinwinera-bonus-mobile.webp\" class=\"w-100 d-md-none\" alt=\"Spinwinera bonus mobile\" fetchpriority=\"high\" decoding=\"async\"><div class=\"banner-description\">\n<div class=\"banner-title\">Bonos de bienvenida<\/div>\n<p class=\"banner-header-title\">1500 \u20ac<\/p>\n<div class=\"banner-header-AdditionalText\">+ 250 Tiradas gratis<\/div>\n<button data-item=\"homepage_banner_link\" class=\"goto m-button m-gradient-border m-button--primary m-button--large banner-button btn-orange\">\n            <div class=\"m-button-content\">\n                <span>Reg\u00edstrate ahora<\/span>\n                <span><\/span>\n            <\/div>\n        <\/button>\n<\/div>\n<div class=\"WelcomePack\">\n<p><img loading=\"lazy\" decoding=\"async\" class=\"alignnone size-full wp-image-1442\" src=\"https:\/\/spin-winera.org\/wp-content\/uploads\/2025\/12\/welcome-crown.svg\" alt=\"crown\" width=\"25\" height=\"26\" \/><\/p>\n<div class=\"WelcomePack-Info\">Reembolso semanal de hasta el 25 %<\/div>\n<p><img loading=\"lazy\" decoding=\"async\" class=\"alignnone size-full wp-image-1442\" src=\"https:\/\/spin-winera.org\/wp-content\/uploads\/2025\/12\/welcome-crown.svg\" alt=\"crown\" width=\"25\" height=\"26\" \/><\/p>\n<\/div>\n<\/div><div class=\"scrollable-content-wrap my-5\"><div class=\"scrollable-content-inner\"><h2>Casino SpinWinera registro<\/h2>\n<p>Crear una cuenta en Spin Winera Casino b\u00e1sicamente te da acceso a todas las funciones del sitio web. Esto significa que podr\u00e1s disfrutar de m\u00e1s de 6.000 t\u00edtulos de nuestra biblioteca de juegos, incluyendo tragamonedas online, juegos de mesa, opciones de casino en vivo y mucho m\u00e1s.<\/p>\n<p>Todos los usuarios que juegan en nuestra plataforma pueden beneficiarse de promociones, torneos y el programa de fidelidad. Por supuesto, tambi\u00e9n puedes retirar tus ganancias.<\/p>\n<p>SpinWinera tambi\u00e9n est\u00e1 disponible sin necesidad de registrarse, pero la funcionalidad es muy limitada. Sin una cuenta, puedes probar algunos t\u00edtulos en modo demo sin necesidad de realizar un dep\u00f3sito y sin ning\u00fan riesgo. Sin embargo, los jugadores solo podr\u00e1n disfrutar de la experiencia de juego completa despu\u00e9s de completar el inicio de sesi\u00f3n en SpinWinera.<\/p>\n<h3>Crear cuenta en l\u00ednea<\/h3>\n<p>Si te preocupa que el registro te lleve mucho tiempo y que necesitemos mucha informaci\u00f3n personal tuya, te demostraremos que no es as\u00ed. Puedes completar todo el proceso en Spin Winera en pocos minutos. Sigue nuestras instrucciones a continuaci\u00f3n para hacerlo r\u00e1pidamente y sin problemas:<\/p>\n<ol>\n<li>Haga clic en el bot\u00f3n \u00abRegistrarse\u00bb de nuestra plataforma.<\/li>\n<li>Introduzca su direcci\u00f3n de correo electr\u00f3nico y cree una contrase\u00f1a. La contrase\u00f1a debe ser segura y contener al menos 6 caracteres.<\/li>\n<li>Confirma que eres mayor de 18 a\u00f1os y acepta los t\u00e9rminos y condiciones de SpinWinera.<\/li>\n<li>Haga clic en \u00abRegistrarse\u00bb al final del formulario de registro.<\/li>\n<\/ol>\n<p>M\u00e1s adelante, tambi\u00e9n deber\u00e1 rellenar el formulario con su informaci\u00f3n personal, como su nombre completo, fecha de nacimiento y n\u00famero de tel\u00e9fono. Por favor, facilite solo datos reales, ya que los utilizaremos durante el proceso de verificaci\u00f3n.<\/p>\n<h2>Inicio de sesi\u00f3n en SpinWinera proceso<\/h2>\n<p>El proceso de inicio de sesi\u00f3n en SpinWinera es un paso importante para todos aquellos que ya tienen una cuenta en nuestra plataforma. No pierdas la oportunidad de disfrutar de una experiencia m\u00e1s personalizada con una configuraci\u00f3n de cuenta ajustada. Solo tienes que introducir la informaci\u00f3n personal que utilizaste al registrarte en la p\u00e1gina de inicio de sesi\u00f3n en Spin Winera.<\/p>\n<p>En tu cuenta, puedes encontrar ajustes clave que mejorar\u00e1n tu experiencia en SpinWinera. Hemos creado un dise\u00f1o l\u00f3gico con paneles de control para tu comodidad. En la tabla siguiente encontrar\u00e1s informaci\u00f3n adicional.<\/p>\n<table>\n<tbody>\n<tr>\n<td>Caracter\u00edstica<\/td>\n<td>Detalles<\/td>\n<\/tr>\n<tr>\n<td>Historial de actividades<\/td>\n<td>Puedes seguir y analizar el historial de tus bonificaciones, pagos, apuestas y actividad general.<\/td>\n<\/tr>\n<tr>\n<td>Herramientas para el juego responsable<\/td>\n<td>Los usuarios pueden establecer l\u00edmites financieros y de tiempo, y activar la autoexclusi\u00f3n.<\/td>\n<\/tr>\n<tr>\n<td>Opciones de seguridad<\/td>\n<td>Si es necesario, puede habilitar la autenticaci\u00f3n de dos factores para mejorar la seguridad de la cuenta.<\/td>\n<\/tr>\n<tr>\n<td>Informaci\u00f3n personal y de pago<\/td>\n<td>Los jugadores pueden actualizar y modificar sus datos personales y de pago en cualquier momento.<\/td>\n<\/tr>\n<\/tbody>\n<\/table>\n<h2>Proceso de verificaci\u00f3n de Spin Winera Casino<\/h2>\n<p>Una de nuestras medidas de seguridad en SpinWinera es el proceso de verificaci\u00f3n. Pedimos a todos nuestros clientes que lo completen antes de realizar el primer retiro. Es necesario para verificar su identidad, edad, domicilio y titularidad de la cuenta de pago.<\/p>\n<p>Solo tienes que subir las copias o fotos de los documentos requeridos y nuestros gestores los comprobar\u00e1n en un plazo de 48 horas. Los documentos pueden incluir un documento de identidad oficial, una factura de servicios p\u00fablicos, un extracto bancario y otros.<\/p>\n<p>Si tiene alguna pregunta o problema con respecto a este paso, no dude en ponerse en contacto con nuestro equipo de asistencia multiling\u00fce. Estar\u00e1n encantados de proporcionarle una explicaci\u00f3n y ayuda si es necesario.<\/p>\n<h2>Preguntas frecuentes<\/h2>\n<h3>\u00bfC\u00f3mo inicio sesi\u00f3n en mi cuenta de SpinWinera?<\/h3>\n<p>Para acceder a tu cuenta de SpinWinera Casino, debes introducir la direcci\u00f3n de correo electr\u00f3nico y la contrase\u00f1a que utilizaste al registrarte. El formulario de inicio de sesi\u00f3n en Spin Winera se encuentra en la esquina superior derecha de la p\u00e1gina.<\/p>\n<h3>\u00bfPor qu\u00e9 no puedo iniciar sesi\u00f3n si he introducido los datos correctos?<\/h3>\n<p>Si est\u00e1 seguro de que la informaci\u00f3n introducida es correcta, p\u00f3ngase en contacto con nuestro equipo de asistencia para obtener m\u00e1s informaci\u00f3n. Puede hacerlo a trav\u00e9s del chat en vivo o por correo electr\u00f3nico. Nuestros gestores lo comprobar\u00e1n todo y le proporcionar\u00e1n una soluci\u00f3n.<\/p>\n<h3>\u00bfC\u00f3mo puedo restablecer mi contrase\u00f1a de forma segura?<\/h3>\n<p>Si olvida su contrase\u00f1a o desea actualizarla, le ofrecemos una funci\u00f3n espec\u00edfica para restablecerla. En el formulario de inicio de sesi\u00f3n, haga clic en \u00ab\u00bfHa olvidado su contrase\u00f1a?\u00bb y siga las instrucciones que aparecen en pantalla. Adem\u00e1s, siempre puede cambiar su informaci\u00f3n personal en la configuraci\u00f3n de la cuenta de SpinWinera Casino.<\/p>\n<\/div><\/div><\/p>\n","protected":false},"excerpt":{"rendered":"<p>Inicio de sesi\u00f3n en SpinWinera Si quieres disfrutar de las mejores funciones de un casino online, te recomendamos encarecidamente que completes el proceso de SpinWinera login. Te permitir\u00e1 jugar con dinero real en nuestro sitio web y disfrutar de una enorme colecci\u00f3n de bonos. Cualquier usuario espa\u00f1ol mayor de 18 a\u00f1os puede crear una cuenta [&hellip;]<\/p>\n","protected":false},"author":5,"featured_media":0,"parent":0,"menu_order":0,"comment_status":"closed","ping_status":"closed","template":"template-builder.php","meta":{"_acf_changed":false,"inline_featured_image":false,"footnotes":""},"class_list":["post-1528","page","type-page","status-publish","hentry"],"acf":[],"yoast_head":"<!-- This site is optimized with the Yoast SEO plugin v24.4 - https:\/\/yoast.com\/wordpress\/plugins\/seo\/ -->\n<title>Spinwinera Login | Acceso seguro y registro r\u00e1pido<\/title>\n<meta name=\"description\" content=\"Log in Spinwinera para acceder a tu perfil, verificar datos, activar bonos y obtener acceso instant\u00e1neo a slots y juegos en vivo con dep\u00f3sitos y retiros seguros.\" \/>\n<meta name=\"robots\" content=\"index, follow, max-snippet:-1, max-image-preview:large, max-video-preview:-1\" \/>\n<link rel=\"canonical\" href=\"https:\/\/spin-winera.org\/es\/inicio-de-sesion-y-registro\/\" \/>\n<meta property=\"og:locale\" content=\"es_ES\" \/>\n<meta property=\"og:type\" content=\"article\" \/>\n<meta property=\"og:title\" content=\"Spinwinera Login | Acceso seguro y registro r\u00e1pido\" \/>\n<meta property=\"og:description\" content=\"Log in Spinwinera para acceder a tu perfil, verificar datos, activar bonos y obtener acceso instant\u00e1neo a slots y juegos en vivo con dep\u00f3sitos y retiros seguros.\" \/>\n<meta property=\"og:url\" content=\"https:\/\/spin-winera.org\/es\/inicio-de-sesion-y-registro\/\" \/>\n<meta property=\"og:site_name\" content=\"spinwinera\" \/>\n<meta property=\"article:modified_time\" content=\"2026-02-27T12:48:01+00:00\" \/>\n<meta name=\"twitter:card\" content=\"summary_large_image\" \/>\n<meta name=\"twitter:label1\" content=\"Est. reading time\" \/>\n\t<meta name=\"twitter:data1\" content=\"1 minute\" \/>\n<script type=\"application\/ld+json\" class=\"yoast-schema-graph\">{\"@context\":\"https:\/\/schema.org\",\"@graph\":[{\"@type\":\"WebPage\",\"@id\":\"https:\/\/spin-winera.org\/es\/inicio-de-sesion-y-registro\/\",\"url\":\"https:\/\/spin-winera.org\/es\/inicio-de-sesion-y-registro\/\",\"name\":\"Spinwinera Login | Acceso seguro y registro r\u00e1pido\",\"isPartOf\":{\"@id\":\"https:\/\/spin-winera.org\/es\/#website\"},\"datePublished\":\"2025-12-16T08:24:24+00:00\",\"dateModified\":\"2026-02-27T12:48:01+00:00\",\"description\":\"Log in Spinwinera para acceder a tu perfil, verificar datos, activar bonos y obtener acceso instant\u00e1neo a slots y juegos en vivo con dep\u00f3sitos y retiros seguros.\",\"breadcrumb\":{\"@id\":\"https:\/\/spin-winera.org\/es\/inicio-de-sesion-y-registro\/#breadcrumb\"},\"inLanguage\":\"es-ES\",\"potentialAction\":[{\"@type\":\"ReadAction\",\"target\":[\"https:\/\/spin-winera.org\/es\/inicio-de-sesion-y-registro\/\"]}]},{\"@type\":\"BreadcrumbList\",\"@id\":\"https:\/\/spin-winera.org\/es\/inicio-de-sesion-y-registro\/#breadcrumb\",\"itemListElement\":[{\"@type\":\"ListItem\",\"position\":1,\"name\":\"Spinwinera\",\"item\":\"https:\/\/spin-winera.org\/es\/\"},{\"@type\":\"ListItem\",\"position\":2,\"name\":\"Inicio de sesi\u00f3n y Registro\"}]},{\"@type\":\"WebSite\",\"@id\":\"https:\/\/spin-winera.org\/es\/#website\",\"url\":\"https:\/\/spin-winera.org\/es\/\",\"name\":\"Spinwinera\",\"description\":\"\",\"publisher\":{\"@id\":\"https:\/\/spin-winera.org\/es\/#organization\"},\"potentialAction\":[{\"@type\":\"SearchAction\",\"target\":{\"@type\":\"EntryPoint\",\"urlTemplate\":\"https:\/\/spin-winera.org\/es\/?s={search_term_string}\"},\"query-input\":{\"@type\":\"PropertyValueSpecification\",\"valueRequired\":true,\"valueName\":\"search_term_string\"}}],\"inLanguage\":\"es-ES\"},{\"@type\":\"Organization\",\"@id\":\"https:\/\/spin-winera.org\/es\/#organization\",\"name\":\"Spinwinera\",\"url\":\"https:\/\/spin-winera.org\/es\/\",\"logo\":{\"@type\":\"ImageObject\",\"inLanguage\":\"es-ES\",\"@id\":\"https:\/\/spin-winera.org\/es\/#\/schema\/logo\/image\/\",\"url\":\"https:\/\/spin-winera.org\/wp-content\/uploads\/2025\/08\/80u1FaquEZeR6OUTeJCc.png\",\"contentUrl\":\"https:\/\/spin-winera.org\/wp-content\/uploads\/2025\/08\/80u1FaquEZeR6OUTeJCc.png\",\"width\":157,\"height\":30,\"caption\":\"Spinwinera\"},\"image\":{\"@id\":\"https:\/\/spin-winera.org\/es\/#\/schema\/logo\/image\/\"}}]}<\/script>\n<!-- \/ Yoast SEO plugin. -->","yoast_head_json":{"title":"Spinwinera Login | Acceso seguro y registro r\u00e1pido","description":"Log in Spinwinera para acceder a tu perfil, verificar datos, activar bonos y obtener acceso instant\u00e1neo a slots y juegos en vivo con dep\u00f3sitos y retiros seguros.","robots":{"index":"index","follow":"follow","max-snippet":"max-snippet:-1","max-image-preview":"max-image-preview:large","max-video-preview":"max-video-preview:-1"},"canonical":"https:\/\/spin-winera.org\/es\/inicio-de-sesion-y-registro\/","og_locale":"es_ES","og_type":"article","og_title":"Spinwinera Login | Acceso seguro y registro r\u00e1pido","og_description":"Log in Spinwinera para acceder a tu perfil, verificar datos, activar bonos y obtener acceso instant\u00e1neo a slots y juegos en vivo con dep\u00f3sitos y retiros seguros.","og_url":"https:\/\/spin-winera.org\/es\/inicio-de-sesion-y-registro\/","og_site_name":"spinwinera","article_modified_time":"2026-02-27T12:48:01+00:00","twitter_card":"summary_large_image","twitter_misc":{"Est. reading time":"1 minute"},"schema":{"@context":"https:\/\/schema.org","@graph":[{"@type":"WebPage","@id":"https:\/\/spin-winera.org\/es\/inicio-de-sesion-y-registro\/","url":"https:\/\/spin-winera.org\/es\/inicio-de-sesion-y-registro\/","name":"Spinwinera Login | Acceso seguro y registro r\u00e1pido","isPartOf":{"@id":"https:\/\/spin-winera.org\/es\/#website"},"datePublished":"2025-12-16T08:24:24+00:00","dateModified":"2026-02-27T12:48:01+00:00","description":"Log in Spinwinera para acceder a tu perfil, verificar datos, activar bonos y obtener acceso instant\u00e1neo a slots y juegos en vivo con dep\u00f3sitos y retiros seguros.","breadcrumb":{"@id":"https:\/\/spin-winera.org\/es\/inicio-de-sesion-y-registro\/#breadcrumb"},"inLanguage":"es-ES","potentialAction":[{"@type":"ReadAction","target":["https:\/\/spin-winera.org\/es\/inicio-de-sesion-y-registro\/"]}]},{"@type":"BreadcrumbList","@id":"https:\/\/spin-winera.org\/es\/inicio-de-sesion-y-registro\/#breadcrumb","itemListElement":[{"@type":"ListItem","position":1,"name":"Spinwinera","item":"https:\/\/spin-winera.org\/es\/"},{"@type":"ListItem","position":2,"name":"Inicio de sesi\u00f3n y Registro"}]},{"@type":"WebSite","@id":"https:\/\/spin-winera.org\/es\/#website","url":"https:\/\/spin-winera.org\/es\/","name":"Spinwinera","description":"","publisher":{"@id":"https:\/\/spin-winera.org\/es\/#organization"},"potentialAction":[{"@type":"SearchAction","target":{"@type":"EntryPoint","urlTemplate":"https:\/\/spin-winera.org\/es\/?s={search_term_string}"},"query-input":{"@type":"PropertyValueSpecification","valueRequired":true,"valueName":"search_term_string"}}],"inLanguage":"es-ES"},{"@type":"Organization","@id":"https:\/\/spin-winera.org\/es\/#organization","name":"Spinwinera","url":"https:\/\/spin-winera.org\/es\/","logo":{"@type":"ImageObject","inLanguage":"es-ES","@id":"https:\/\/spin-winera.org\/es\/#\/schema\/logo\/image\/","url":"https:\/\/spin-winera.org\/wp-content\/uploads\/2025\/08\/80u1FaquEZeR6OUTeJCc.png","contentUrl":"https:\/\/spin-winera.org\/wp-content\/uploads\/2025\/08\/80u1FaquEZeR6OUTeJCc.png","width":157,"height":30,"caption":"Spinwinera"},"image":{"@id":"https:\/\/spin-winera.org\/es\/#\/schema\/logo\/image\/"}}]}},"_links":{"self":[{"href":"https:\/\/spin-winera.org\/es\/wp-json\/wp\/v2\/pages\/1528","targetHints":{"allow":["GET"]}}],"collection":[{"href":"https:\/\/spin-winera.org\/es\/wp-json\/wp\/v2\/pages"}],"about":[{"href":"https:\/\/spin-winera.org\/es\/wp-json\/wp\/v2\/types\/page"}],"author":[{"embeddable":true,"href":"https:\/\/spin-winera.org\/es\/wp-json\/wp\/v2\/users\/5"}],"replies":[{"embeddable":true,"href":"https:\/\/spin-winera.org\/es\/wp-json\/wp\/v2\/comments?post=1528"}],"version-history":[{"count":1,"href":"https:\/\/spin-winera.org\/es\/wp-json\/wp\/v2\/pages\/1528\/revisions"}],"predecessor-version":[{"id":2082,"href":"https:\/\/spin-winera.org\/es\/wp-json\/wp\/v2\/pages\/1528\/revisions\/2082"}],"wp:attachment":[{"href":"https:\/\/spin-winera.org\/es\/wp-json\/wp\/v2\/media?parent=1528"}],"curies":[{"name":"wp","href":"https:\/\/api.w.org\/{rel}","templated":true}]}}