{"id":1478,"date":"2025-12-16T08:22:41","date_gmt":"2025-12-16T08:22:41","guid":{"rendered":"https:\/\/spin-winera.org\/aplicacao\/"},"modified":"2026-02-27T12:43:52","modified_gmt":"2026-02-27T12:43:52","slug":"app","status":"publish","type":"page","link":"https:\/\/spin-winera.org\/fr\/app\/","title":{"rendered":"App"},"content":{"rendered":"<h1>Application SpinWinera<\/h1>\n<p>Jouer en d\u00e9placement ne devrait pas \u00eatre un probl\u00e8me dans le monde moderne, et SpinWinera App en est un excellent exemple. Nous proposons \u00e0 tous nos utilisateurs Android et iOS un logiciel mobile pratique, qui s&rsquo;adapte \u00e0 tous les smartphones et tablettes modernes. Vous avez acc\u00e8s \u00e0 une vaste collection de jeux, \u00e0 des bonus avantageux, \u00e0 un chat en direct int\u00e9gr\u00e9 pour obtenir de l&rsquo;aide et bien plus encore. De plus, vous pouvez acc\u00e9der \u00e0 SpinWinera via n&rsquo;importe quel navigateur mobile et l&rsquo;utiliser sans probl\u00e8me.<\/p>\n<div class=\"banner-wrap\" aria-label=\"Banner\"><img src=\"https:\/\/spin-winera.org\/wp-content\/uploads\/2025\/12\/Spinwinera-bonus-desktop.webp\" class=\"w-100 d-none d-lg-block img-pc main-banner-img\" alt=\"Spinwinera bonus desktop\" fetchpriority=\"high\" decoding=\"async\"><img src=\"https:\/\/spin-winera.org\/wp-content\/uploads\/2025\/12\/Spinwinera-bonus-mobile.webp\" class=\"w-100 d-none d-md-block d-lg-none main-banner-img\" alt=\"Spinwinera bonus mobile\" fetchpriority=\"high\" decoding=\"async\"><img src=\"https:\/\/spin-winera.org\/wp-content\/uploads\/2025\/12\/Spinwinera-bonus-mobile.webp\" class=\"w-100 d-md-none\" alt=\"Spinwinera bonus mobile\" fetchpriority=\"high\" decoding=\"async\"><div class=\"banner-description\">\n<div class=\"banner-title\">Bonus de bienvenue<\/div>\n<p class=\"banner-header-title\">1000 \u20ac<\/p>\n<div class=\"banner-header-AdditionalText\">+ 100 Tours gratuits<\/div>\n<button data-item=\"homepage_banner_link\" class=\"goto m-button m-gradient-border m-button--primary m-button--large banner-button btn-orange\">\n            <div class=\"m-button-content\">\n                <span>Inscrivez-vous d\u00e8s maintenant<\/span>\n                <span><\/span>\n            <\/div>\n        <\/button>\n<\/div>\n<div class=\"WelcomePack\">\n<p><img loading=\"lazy\" decoding=\"async\" class=\"alignnone size-full wp-image-1442\" src=\"https:\/\/spin-winera.org\/wp-content\/uploads\/2025\/12\/welcome-crown.svg\" alt=\"crown\" width=\"25\" height=\"26\" \/><\/p>\n<div class=\"WelcomePack-Info\">Cashback hebdomadaire jusqu&rsquo;\u00e0 25 %<\/div>\n<p><img loading=\"lazy\" decoding=\"async\" class=\"alignnone size-full wp-image-1442\" src=\"https:\/\/spin-winera.org\/wp-content\/uploads\/2025\/12\/welcome-crown.svg\" alt=\"crown\" width=\"25\" height=\"26\" \/><\/p>\n<\/div>\n<\/div>\n<h2>Application SpinWinera \u2013 Syst\u00e8me d&rsquo;exploitation mobile<\/h2>\n<p>De plus en plus de personnes ont tendance \u00e0 pr\u00e9f\u00e9rer utiliser leurs appareils mobiles pour le travail, les loisirs et les divertissements. Chez Spin Winera Casino, nous comprenons cela et offrons \u00e0 nos clients une gamme d&rsquo;options pour am\u00e9liorer leur exp\u00e9rience de jeu. Les joueurs peuvent toujours utiliser notre plateforme depuis leur t\u00e9l\u00e9phone dans n&rsquo;importe quel navigateur mobile de leur choix, par exemple Safari, Google Chrome et autres. Cette option est \u00e9quivalente \u00e0 la version compl\u00e8te pour ordinateur de bureau.<\/p>\n<p>SpinWinera propose \u00e9galement une application d\u00e9di\u00e9e. Elle pr\u00e9sente le m\u00eame design, la m\u00eame navigation et les m\u00eames fonctionnalit\u00e9s. L&rsquo;int\u00e9gralit\u00e9 de la collection de jeux, avec plus de 6 000 titres, sera disponible sur votre appareil mobile. Le principal avantage de SpinWinera Casino est qu&rsquo;apr\u00e8s vous \u00eatre connect\u00e9, vos informations, vos pr\u00e9f\u00e9rences et vos r\u00e9sultats seront synchronis\u00e9s entre tous vos appareils.<\/p>\n<p>Les versions mobiles sont identiques au site Web principal. C&rsquo;est pourquoi vous pouvez commencer votre aventure dans l&rsquo;application SpinWinera, terminer le processus d&rsquo;inscription et effectuer toutes les actions n\u00e9cessaires \u00e0 partir de l\u00e0. Par mesure de s\u00e9curit\u00e9, nous vous demanderons \u00e9galement de passer par le processus de v\u00e9rification avant d&rsquo;effectuer votre premier retrait.<\/p>\n<p><div class=\"scrollable-content-wrap my-5\"><div class=\"scrollable-content-inner\"><h2>Application SpinWinera \u2013 iOS (Apple)<\/h2>\n<p>Tous nos clients poss\u00e9dant un appareil iOS peuvent se d\u00e9tendre, car ils ont tous la possibilit\u00e9 d&rsquo;utiliser SpinWinera lors de leurs d\u00e9placements. Safari et d&rsquo;autres navigateurs vous offrent une version mobile pratique qui s&rsquo;adapte aux \u00e9crans de plus petite taille.<\/p>\n<p>Vous pouvez \u00e9galement installer l&rsquo;application SpinWinera pour y acc\u00e9der en un seul clic depuis votre \u00e9cran d&rsquo;accueil. En raison des restrictions relatives aux jeux d&rsquo;argent, le logiciel n&rsquo;est pas disponible dans l&rsquo;App Store. Vous pouvez l&rsquo;installer directement depuis notre site web. Si vous d\u00e9cidez d&rsquo;essayer l&rsquo;application, suivez nos instructions ci-dessous pour un processus fluide et rapide :<\/p>\n<ol>\n<li>Visitez le site web Spin Winera Casino depuis votre appareil mobile.<\/li>\n<li>Allez au pied de page de la page principale.<\/li>\n<li>Cliquez sur le bouton \u00ab Application Casino \u00bb.<\/li>\n<li>Sur la page qui s&rsquo;affiche, s\u00e9lectionnez \u00ab Installer \u00bb au milieu de l&rsquo;\u00e9cran.<\/li>\n<li>Une fois l&rsquo;installation termin\u00e9e, l&rsquo;ic\u00f4ne de la marque appara\u00eetra sur l&rsquo;\u00e9cran d&rsquo;accueil de votre iPhone ou iPad.<\/li>\n<\/ol>\n<p><img loading=\"lazy\" decoding=\"async\" src=\"https:\/\/spin-winera.org\/wp-content\/uploads\/2025\/12\/Spinwinera-iOS-App.webp\" alt=\"Spinwinera iOS App\" width=\"1248\" height=\"536\" \/><\/p>\n<\/div><\/div><div style=\"clear: both\"><\/div><div class=\"d-flex justify-content-center\"><button data-item=\"decouvrez_link\" data-group=\"website_links\" class=\"goto fw-bold rounded-pill btn btn-orange\" aria-label=\"T\u00e9l\u00e9chargez l&#039;application Spinwinera\" >T\u00e9l\u00e9chargez l&#039;application Spinwinera<\/button><\/div><div class=\"scrollable-content-wrap my-5\"><div class=\"scrollable-content-inner\"><h2>Application Spin Winera \u2013 Appareils Android<\/h2>\n<p>Utiliser notre casino mobile est facile si vous poss\u00e9dez un smartphone ou une tablette Android. Comme pour iOS, vous pouvez \u00e9galement profiter des jeux dans la version navigateur ou dans l&rsquo;application SpinWinera Casino. Le logiciel mobile ne n\u00e9cessite aucun t\u00e9l\u00e9chargement de fichiers inconnus. Il s&rsquo;agit d&rsquo;une application web progressive (PWA). Elle utilise g\u00e9n\u00e9ralement un espace de stockage minimal sur l&rsquo;appareil, ne stockant que les donn\u00e9es mises en cache. Pour des performances optimales, utilisez Android 8.0 ou une version ult\u00e9rieure.<\/p>\n<p>L&rsquo;application SpinWinera pour Android peut \u00eatre install\u00e9e depuis notre plateforme en cliquant sur le bouton \u00ab Application Casino \u00bb. Si vous pr\u00e9f\u00e9rez la version mobile du navigateur mais souhaitez un acc\u00e8s plus rapide, la plupart des navigateurs offrent la possibilit\u00e9 d&rsquo;installer une ic\u00f4ne de raccourci. Cela signifie que vous n&rsquo;avez pas besoin d&rsquo;aller dans le navigateur et d&rsquo;effectuer des \u00e9tapes suppl\u00e9mentaires : il vous suffit de cliquer sur l&rsquo;ic\u00f4ne sur votre \u00e9cran d&rsquo;accueil.<\/p>\n<p><img loading=\"lazy\" decoding=\"async\" src=\"https:\/\/spin-winera.org\/wp-content\/uploads\/2025\/12\/Spinwinera-Android-App.webp\" alt=\"Spinwinera Android App\" width=\"1248\" height=\"536\" \/><\/p>\n<\/div><\/div><div style=\"clear: both\"><\/div><div class=\"d-flex justify-content-center\"><button data-item=\"decouvrez_link\" data-group=\"website_links\" class=\"goto fw-bold rounded-pill btn btn-orange\" aria-label=\"T\u00e9l\u00e9charger Spinwinera\" >T\u00e9l\u00e9charger Spinwinera<\/button><\/div><div class=\"scrollable-content-wrap my-5\"><div class=\"scrollable-content-inner\"><h2>Application de bureau<\/h2>\n<p>Tout en mettant en avant les fonctionnalit\u00e9s des versions mobiles, nous n&rsquo;avons pas oubli\u00e9 ceux qui pr\u00e9f\u00e8rent jouer sur un PC ou un ordinateur portable. Dans de nombreuses situations, il est tr\u00e8s agr\u00e9able de profiter du jeu sur un grand \u00e9cran, dans le confort de son foyer. SpinWinera Casino offre \u00e0 ses clients des options pratiques adapt\u00e9es \u00e0 leurs pr\u00e9f\u00e9rences.<\/p>\n<p>Que vous disposiez d&rsquo;un PC Windows ou macOS, vous pouvez acc\u00e9der \u00e0 notre plateforme depuis n&rsquo;importe quel navigateur. Vous n&rsquo;avez pas besoin de t\u00e9l\u00e9charger d&rsquo;application ou de fichier suppl\u00e9mentaire. Pour un acc\u00e8s plus rapide, tous les navigateurs vous proposent d&rsquo;installer une ic\u00f4ne sur votre bureau. Dans le tableau ci-dessous, vous trouverez des informations sur la mani\u00e8re de proc\u00e9der sous Windows et macOS.<\/p>\n<table>\n<tbody>\n<tr>\n<td>\u00c9tape<\/td>\n<td>Fen\u00eatres<\/td>\n<td>macOS<\/td>\n<\/tr>\n<tr>\n<td>Ouvrir le navigateur<\/td>\n<td>Ouvrez Chrome ou Edge et rendez-vous sur le site officiel SpinWinera.<\/td>\n<td>Lancez Safari ou Chrome et rendez-vous sur notre site web.<\/td>\n<\/tr>\n<tr>\n<td>Cr\u00e9er un raccourci<\/td>\n<td>Acc\u00e9dez au menu (bouton \u00e0 trois points) et s\u00e9lectionnez l&rsquo;option \u00ab Ajouter \u00e0 l&rsquo;\u00e9cran d&rsquo;accueil \u00bb. Confirmez vos actions.<\/td>\n<td>Dans Safari, cliquez sur \u00ab Fichier \u00bb et s\u00e9lectionnez \u00ab Ajouter au Dock \u00bb. Vous pouvez modifier le nom et l&rsquo;apparence de l&rsquo;ic\u00f4ne.<\/td>\n<\/tr>\n<tr>\n<td>Lancement<\/td>\n<td>Ouvrez l&rsquo;ic\u00f4ne cr\u00e9\u00e9e sur le bureau pour acc\u00e9der instantan\u00e9ment au casino.<\/td>\n<td>Cliquez sur le raccourci pour acc\u00e9der rapidement \u00e0 SpinWinera Casino.<\/td>\n<\/tr>\n<\/tbody>\n<\/table>\n<p><img loading=\"lazy\" decoding=\"async\" src=\"https:\/\/spin-winera.org\/wp-content\/uploads\/2025\/12\/Spinwinera-PC.webp\" alt=\"Spinwinera PC\" width=\"1248\" height=\"536\" \/><\/p>\n<\/div><\/div><div style=\"clear: both\"><\/div><div class=\"d-flex justify-content-center\"><button data-item=\"decouvrez_link\" data-group=\"website_links\" class=\"goto fw-bold rounded-pill btn btn-orange\" aria-label=\"T\u00e9l\u00e9chargez l&#039;application Spinwinera\" >T\u00e9l\u00e9chargez l&#039;application Spinwinera<\/button><\/div><div class=\"scrollable-content-wrap my-5\"><div class=\"scrollable-content-inner\"><h2>FAQ<\/h2>\n<h3>Puis-je jouer \u00e0 des jeux de casino en direct dans l&rsquo;application ?<\/h3>\n<p>Tout comme les machines \u00e0 sous en ligne et les jeux de table, les options avec croupier en direct sont disponibles sur les appareils mobiles. De m\u00eame, vos jeux pr\u00e9f\u00e9r\u00e9s sont diffus\u00e9s en ligne avec des croupiers professionnels, mais adapt\u00e9s \u00e0 la taille de l&rsquo;\u00e9cran.<\/p>\n<h3>Le casino Spin Winera est-il s\u00fbr et s\u00e9curis\u00e9 ?<\/h3>\n<p>L&rsquo;application SpinWinera est un casino en ligne agr\u00e9\u00e9 qui respecte tous les protocoles de s\u00e9curit\u00e9 requis par le secteur. Vos donn\u00e9es et vos transactions sont prot\u00e9g\u00e9es par un cryptage 256 bits. Vous pouvez \u00e9galement prot\u00e9ger votre compte dans le logiciel mobile en activant l&rsquo;authentification \u00e0 deux facteurs.<\/p>\n<h3>Comment contacter le service client depuis l&rsquo;application ?<\/h3>\n<p>Dans l&rsquo;application SpinWinera, vous trouverez un chat en direct int\u00e9gr\u00e9 qui vous permettra de contacter notre \u00e9quipe d&rsquo;assistance et d&rsquo;obtenir une r\u00e9ponse en quelques minutes. Nous sommes disponibles 24h\/24 et 7j\/7 pour r\u00e9pondre \u00e0 toutes vos questions concernant la plateforme.<\/p>\n<h3>L&rsquo;application utilise-t-elle les donn\u00e9es mobiles ou uniquement le Wi-Fi ?<\/h3>\n<p>Spin Winera Casino est accessible via les donn\u00e9es mobiles ou le Wi-Fi. Dans ce cas, le type d&rsquo;appareil que vous utilisez n&rsquo;a pas d&rsquo;importance. Pour un fonctionnement optimal, la connexion Internet doit \u00eatre stable.<\/p>\n<\/div><\/div><\/p>\n","protected":false},"excerpt":{"rendered":"<p>Application SpinWinera Jouer en d\u00e9placement ne devrait pas \u00eatre un probl\u00e8me dans le monde moderne, et SpinWinera App en est un excellent exemple. Nous proposons \u00e0 tous nos utilisateurs Android et iOS un logiciel mobile pratique, qui s&rsquo;adapte \u00e0 tous les smartphones et tablettes modernes. Vous avez acc\u00e8s \u00e0 une vaste collection de jeux, \u00e0 [&hellip;]<\/p>\n","protected":false},"author":5,"featured_media":0,"parent":0,"menu_order":0,"comment_status":"closed","ping_status":"closed","template":"template-builder.php","meta":{"_acf_changed":false,"inline_featured_image":false,"footnotes":""},"class_list":["post-1478","page","type-page","status-publish","hentry"],"acf":[],"yoast_head":"<!-- This site is optimized with the Yoast SEO plugin v24.4 - https:\/\/yoast.com\/wordpress\/plugins\/seo\/ -->\n<title>Spinwinera App | Application mobile iOS &amp; Android<\/title>\n<meta name=\"description\" content=\"Installez la Spin Winera application pour un acc\u00e8s mobile rapide \u00e0 6 000+ jeux, des croupiers en direct, des missions et des retraits rapides avec un seul compte.\" \/>\n<meta name=\"robots\" content=\"index, follow, max-snippet:-1, max-image-preview:large, max-video-preview:-1\" \/>\n<link rel=\"canonical\" href=\"https:\/\/spin-winera.org\/fr\/app\/\" \/>\n<meta property=\"og:locale\" content=\"fr_FR\" \/>\n<meta property=\"og:type\" content=\"article\" \/>\n<meta property=\"og:title\" content=\"Spinwinera App | Application mobile iOS &amp; Android\" \/>\n<meta property=\"og:description\" content=\"Installez la Spin Winera application pour un acc\u00e8s mobile rapide \u00e0 6 000+ jeux, des croupiers en direct, des missions et des retraits rapides avec un seul compte.\" \/>\n<meta property=\"og:url\" content=\"https:\/\/spin-winera.org\/fr\/app\/\" \/>\n<meta property=\"og:site_name\" content=\"spinwinera\" \/>\n<meta property=\"article:modified_time\" content=\"2026-02-27T12:43:52+00:00\" \/>\n<meta name=\"twitter:card\" content=\"summary_large_image\" \/>\n<meta name=\"twitter:label1\" content=\"Dur\u00e9e de lecture estim\u00e9e\" \/>\n\t<meta name=\"twitter:data1\" content=\"2 minutes\" \/>\n<script type=\"application\/ld+json\" class=\"yoast-schema-graph\">{\"@context\":\"https:\/\/schema.org\",\"@graph\":[{\"@type\":\"WebPage\",\"@id\":\"https:\/\/spin-winera.org\/fr\/app\/\",\"url\":\"https:\/\/spin-winera.org\/fr\/app\/\",\"name\":\"Spinwinera App | Application mobile iOS & Android\",\"isPartOf\":{\"@id\":\"https:\/\/spin-winera.org\/fr\/#website\"},\"datePublished\":\"2025-12-16T08:22:41+00:00\",\"dateModified\":\"2026-02-27T12:43:52+00:00\",\"description\":\"Installez la Spin Winera application pour un acc\u00e8s mobile rapide \u00e0 6 000+ jeux, des croupiers en direct, des missions et des retraits rapides avec un seul compte.\",\"breadcrumb\":{\"@id\":\"https:\/\/spin-winera.org\/fr\/app\/#breadcrumb\"},\"inLanguage\":\"fr-FR\",\"potentialAction\":[{\"@type\":\"ReadAction\",\"target\":[\"https:\/\/spin-winera.org\/fr\/app\/\"]}]},{\"@type\":\"BreadcrumbList\",\"@id\":\"https:\/\/spin-winera.org\/fr\/app\/#breadcrumb\",\"itemListElement\":[{\"@type\":\"ListItem\",\"position\":1,\"name\":\"Spinwinera\",\"item\":\"https:\/\/spin-winera.org\/fr\/\"},{\"@type\":\"ListItem\",\"position\":2,\"name\":\"App\"}]},{\"@type\":\"WebSite\",\"@id\":\"https:\/\/spin-winera.org\/fr\/#website\",\"url\":\"https:\/\/spin-winera.org\/fr\/\",\"name\":\"Spinwinera\",\"description\":\"\",\"publisher\":{\"@id\":\"https:\/\/spin-winera.org\/fr\/#organization\"},\"potentialAction\":[{\"@type\":\"SearchAction\",\"target\":{\"@type\":\"EntryPoint\",\"urlTemplate\":\"https:\/\/spin-winera.org\/fr\/?s={search_term_string}\"},\"query-input\":{\"@type\":\"PropertyValueSpecification\",\"valueRequired\":true,\"valueName\":\"search_term_string\"}}],\"inLanguage\":\"fr-FR\"},{\"@type\":\"Organization\",\"@id\":\"https:\/\/spin-winera.org\/fr\/#organization\",\"name\":\"Spinwinera\",\"url\":\"https:\/\/spin-winera.org\/fr\/\",\"logo\":{\"@type\":\"ImageObject\",\"inLanguage\":\"fr-FR\",\"@id\":\"https:\/\/spin-winera.org\/fr\/#\/schema\/logo\/image\/\",\"url\":\"https:\/\/spin-winera.org\/wp-content\/uploads\/2025\/08\/80u1FaquEZeR6OUTeJCc.png\",\"contentUrl\":\"https:\/\/spin-winera.org\/wp-content\/uploads\/2025\/08\/80u1FaquEZeR6OUTeJCc.png\",\"width\":157,\"height\":30,\"caption\":\"Spinwinera\"},\"image\":{\"@id\":\"https:\/\/spin-winera.org\/fr\/#\/schema\/logo\/image\/\"}}]}<\/script>\n<!-- \/ Yoast SEO plugin. -->","yoast_head_json":{"title":"Spinwinera App | Application mobile iOS & Android","description":"Installez la Spin Winera application pour un acc\u00e8s mobile rapide \u00e0 6 000+ jeux, des croupiers en direct, des missions et des retraits rapides avec un seul compte.","robots":{"index":"index","follow":"follow","max-snippet":"max-snippet:-1","max-image-preview":"max-image-preview:large","max-video-preview":"max-video-preview:-1"},"canonical":"https:\/\/spin-winera.org\/fr\/app\/","og_locale":"fr_FR","og_type":"article","og_title":"Spinwinera App | Application mobile iOS & Android","og_description":"Installez la Spin Winera application pour un acc\u00e8s mobile rapide \u00e0 6 000+ jeux, des croupiers en direct, des missions et des retraits rapides avec un seul compte.","og_url":"https:\/\/spin-winera.org\/fr\/app\/","og_site_name":"spinwinera","article_modified_time":"2026-02-27T12:43:52+00:00","twitter_card":"summary_large_image","twitter_misc":{"Dur\u00e9e de lecture estim\u00e9e":"2 minutes"},"schema":{"@context":"https:\/\/schema.org","@graph":[{"@type":"WebPage","@id":"https:\/\/spin-winera.org\/fr\/app\/","url":"https:\/\/spin-winera.org\/fr\/app\/","name":"Spinwinera App | Application mobile iOS & Android","isPartOf":{"@id":"https:\/\/spin-winera.org\/fr\/#website"},"datePublished":"2025-12-16T08:22:41+00:00","dateModified":"2026-02-27T12:43:52+00:00","description":"Installez la Spin Winera application pour un acc\u00e8s mobile rapide \u00e0 6 000+ jeux, des croupiers en direct, des missions et des retraits rapides avec un seul compte.","breadcrumb":{"@id":"https:\/\/spin-winera.org\/fr\/app\/#breadcrumb"},"inLanguage":"fr-FR","potentialAction":[{"@type":"ReadAction","target":["https:\/\/spin-winera.org\/fr\/app\/"]}]},{"@type":"BreadcrumbList","@id":"https:\/\/spin-winera.org\/fr\/app\/#breadcrumb","itemListElement":[{"@type":"ListItem","position":1,"name":"Spinwinera","item":"https:\/\/spin-winera.org\/fr\/"},{"@type":"ListItem","position":2,"name":"App"}]},{"@type":"WebSite","@id":"https:\/\/spin-winera.org\/fr\/#website","url":"https:\/\/spin-winera.org\/fr\/","name":"Spinwinera","description":"","publisher":{"@id":"https:\/\/spin-winera.org\/fr\/#organization"},"potentialAction":[{"@type":"SearchAction","target":{"@type":"EntryPoint","urlTemplate":"https:\/\/spin-winera.org\/fr\/?s={search_term_string}"},"query-input":{"@type":"PropertyValueSpecification","valueRequired":true,"valueName":"search_term_string"}}],"inLanguage":"fr-FR"},{"@type":"Organization","@id":"https:\/\/spin-winera.org\/fr\/#organization","name":"Spinwinera","url":"https:\/\/spin-winera.org\/fr\/","logo":{"@type":"ImageObject","inLanguage":"fr-FR","@id":"https:\/\/spin-winera.org\/fr\/#\/schema\/logo\/image\/","url":"https:\/\/spin-winera.org\/wp-content\/uploads\/2025\/08\/80u1FaquEZeR6OUTeJCc.png","contentUrl":"https:\/\/spin-winera.org\/wp-content\/uploads\/2025\/08\/80u1FaquEZeR6OUTeJCc.png","width":157,"height":30,"caption":"Spinwinera"},"image":{"@id":"https:\/\/spin-winera.org\/fr\/#\/schema\/logo\/image\/"}}]}},"_links":{"self":[{"href":"https:\/\/spin-winera.org\/fr\/wp-json\/wp\/v2\/pages\/1478","targetHints":{"allow":["GET"]}}],"collection":[{"href":"https:\/\/spin-winera.org\/fr\/wp-json\/wp\/v2\/pages"}],"about":[{"href":"https:\/\/spin-winera.org\/fr\/wp-json\/wp\/v2\/types\/page"}],"author":[{"embeddable":true,"href":"https:\/\/spin-winera.org\/fr\/wp-json\/wp\/v2\/users\/5"}],"replies":[{"embeddable":true,"href":"https:\/\/spin-winera.org\/fr\/wp-json\/wp\/v2\/comments?post=1478"}],"version-history":[{"count":3,"href":"https:\/\/spin-winera.org\/fr\/wp-json\/wp\/v2\/pages\/1478\/revisions"}],"predecessor-version":[{"id":2103,"href":"https:\/\/spin-winera.org\/fr\/wp-json\/wp\/v2\/pages\/1478\/revisions\/2103"}],"wp:attachment":[{"href":"https:\/\/spin-winera.org\/fr\/wp-json\/wp\/v2\/media?parent=1478"}],"curies":[{"name":"wp","href":"https:\/\/api.w.org\/{rel}","templated":true}]}}