{"id":1523,"date":"2025-12-16T08:24:24","date_gmt":"2025-12-16T08:24:24","guid":{"rendered":"https:\/\/spin-winera.org\/inicio-de-sessao-e-registo\/"},"modified":"2026-02-27T12:47:38","modified_gmt":"2026-02-27T12:47:38","slug":"connexion-et-inscription","status":"publish","type":"page","link":"https:\/\/spin-winera.org\/fr\/connexion-et-inscription\/","title":{"rendered":"Connexion et inscription"},"content":{"rendered":"<h1>Connexion SpinWinera<\/h1>\n<p>Si vous souhaitez profiter des meilleures fonctionnalit\u00e9s d&rsquo;un casino en ligne, nous vous recommandons vivement de suivre la proc\u00e9dure SpinWinera login. Cela vous permettra de jouer avec de l&rsquo;argent r\u00e9el sur notre site web et de b\u00e9n\u00e9ficier d&rsquo;une multitude de bonus. Tout utilisateur \u00e2g\u00e9 de 18 ans ou plus peut cr\u00e9er un compte sur SpinWinera Casino. Nous avons seulement besoin de votre adresse e-mail et de votre mot de passe pour commencer. Le processus ne prendra que quelques minutes.<\/p>\n<p><div class=\"banner-wrap\" aria-label=\"Banner\"><img src=\"https:\/\/spin-winera.org\/wp-content\/uploads\/2025\/12\/Spinwinera-bonus-desktop.webp\" class=\"w-100 d-none d-lg-block img-pc main-banner-img\" alt=\"Spinwinera bonus desktop\" fetchpriority=\"high\" decoding=\"async\"><img src=\"https:\/\/spin-winera.org\/wp-content\/uploads\/2025\/12\/Spinwinera-bonus-mobile.webp\" class=\"w-100 d-none d-md-block d-lg-none main-banner-img\" alt=\"Spinwinera bonus mobile\" fetchpriority=\"high\" decoding=\"async\"><img src=\"https:\/\/spin-winera.org\/wp-content\/uploads\/2025\/12\/Spinwinera-bonus-mobile.webp\" class=\"w-100 d-md-none\" alt=\"Spinwinera bonus mobile\" fetchpriority=\"high\" decoding=\"async\"><div class=\"banner-description\">\n<div class=\"banner-title\">Bonus de bienvenue<\/div>\n<p class=\"banner-header-title\">1000 \u20ac<\/p>\n<div class=\"banner-header-AdditionalText\">+ 100 Tours gratuits<\/div>\n<button data-item=\"homepage_banner_link\" class=\"goto m-button m-gradient-border m-button--primary m-button--large banner-button btn-orange\">\n            <div class=\"m-button-content\">\n                <span>Inscrivez-vous d\u00e8s maintenant<\/span>\n                <span><\/span>\n            <\/div>\n        <\/button>\n<\/div>\n<div class=\"WelcomePack\">\n<p><img loading=\"lazy\" decoding=\"async\" class=\"alignnone size-full wp-image-1442\" src=\"https:\/\/spin-winera.org\/wp-content\/uploads\/2025\/12\/welcome-crown.svg\" alt=\"crown\" width=\"25\" height=\"26\" \/><\/p>\n<div class=\"WelcomePack-Info\">Cashback hebdomadaire jusqu&rsquo;\u00e0 25 %<\/div>\n<p><img loading=\"lazy\" decoding=\"async\" class=\"alignnone size-full wp-image-1442\" src=\"https:\/\/spin-winera.org\/wp-content\/uploads\/2025\/12\/welcome-crown.svg\" alt=\"crown\" width=\"25\" height=\"26\" \/><\/p>\n<\/div>\n<\/div><div class=\"scrollable-content-wrap my-5\"><div class=\"scrollable-content-inner\"><h2>Casino SpinWinera inscription<\/h2>\n<p>La cr\u00e9ation d&rsquo;un compte sur Spin Winera Casino vous donne acc\u00e8s \u00e0 toutes les fonctionnalit\u00e9s du site web. Cela signifie que vous pouvez profiter de plus de 6 000 titres de notre biblioth\u00e8que de jeux, notamment des machines \u00e0 sous en ligne, des jeux de table, des options de casino en direct et bien plus encore.<\/p>\n<p>Tous les utilisateurs qui jouent sur notre plateforme peuvent profiter des promotions, des tournois et du programme de fid\u00e9lit\u00e9. Bien s\u00fbr, vous pouvez \u00e9galement retirer vos gains.<\/p>\n<p>SpinWinera est \u00e9galement disponible sans inscription, mais les fonctionnalit\u00e9s sont tr\u00e8s limit\u00e9es. Sans compte, vous pouvez essayer certains titres en mode d\u00e9mo sans d\u00e9p\u00f4t et sans aucun risque. Mais les joueurs ne pourront profiter pleinement de l&rsquo;exp\u00e9rience de jeu qu&rsquo;apr\u00e8s avoir effectu\u00e9 la connexion \u00e0 SpinWinera.<\/p>\n<h3>Cr\u00e9er un compte en ligne<\/h3>\n<p>Si vous craignez que l&rsquo;inscription prenne beaucoup de temps et que nous ayons besoin de nombreuses informations personnelles, nous allons vous prouver que ce n&rsquo;est pas le cas. Vous pouvez effectuer l&rsquo;ensemble du processus sur Spin Winera en quelques minutes. Suivez nos instructions ci-dessous pour le faire rapidement et sans probl\u00e8me :<\/p>\n<ol>\n<li>Cliquez sur le bouton \u00ab S&rsquo;inscrire \u00bb sur notre plateforme.<\/li>\n<li>Entrez votre adresse e-mail et cr\u00e9ez un mot de passe. Le mot de passe doit \u00eatre fort et contenir au moins 6 symboles.<\/li>\n<li>Confirmez que vous avez 18 ans ou plus et acceptez les conditions g\u00e9n\u00e9rales de SpinWinera.<\/li>\n<li>Cliquez sur \u00ab S&rsquo;inscrire \u00bb \u00e0 la fin du formulaire d&rsquo;inscription.<\/li>\n<\/ol>\n<p>Plus tard, vous devrez \u00e9galement remplir le formulaire concernant vos informations personnelles, telles que votre nom complet, votre date de naissance et votre num\u00e9ro de t\u00e9l\u00e9phone. Veuillez fournir uniquement des informations v\u00e9ridiques, car nous les utiliserons lors du processus de v\u00e9rification.<\/p>\n<h2>Connexion SpinWinera processus<\/h2>\n<p>Le processus de connexion \u00e0 SpinWinera est une \u00e9tape importante pour tous ceux qui poss\u00e8dent d\u00e9j\u00e0 un compte sur notre plateforme. Ne manquez pas l&rsquo;occasion de b\u00e9n\u00e9ficier d&rsquo;une exp\u00e9rience plus personnalis\u00e9e gr\u00e2ce \u00e0 des param\u00e8tres de compte adapt\u00e9s. Il vous suffit de saisir les informations personnelles que vous avez utilis\u00e9es lors de votre inscription sur la page de connexion \u00e0 Spin Winera.<\/p>\n<p>Dans votre compte, vous trouverez les param\u00e8tres cl\u00e9s qui am\u00e9lioreront votre exp\u00e9rience sur SpinWinera. Nous avons con\u00e7u une interface logique avec des tableaux de bord pour votre confort. Vous trouverez des informations suppl\u00e9mentaires dans le tableau ci-dessous.<\/p>\n<table>\n<tbody>\n<tr>\n<td>Fonctionnalit\u00e9<\/td>\n<td>D\u00e9tails<\/td>\n<\/tr>\n<tr>\n<td>Historique des activit\u00e9s<\/td>\n<td>Vous pouvez suivre et analyser l&rsquo;historique de vos bonus, paiements, paris et activit\u00e9 g\u00e9n\u00e9rale.<\/td>\n<\/tr>\n<tr>\n<td>Outils de jeu responsable<\/td>\n<td>Les utilisateurs peuvent d\u00e9finir des limites financi\u00e8res et temporelles et activer l&rsquo;auto-exclusion.<\/td>\n<\/tr>\n<tr>\n<td>Options de s\u00e9curit\u00e9<\/td>\n<td>Si n\u00e9cessaire, vous pouvez activer l&rsquo;authentification \u00e0 deux facteurs pour renforcer la s\u00e9curit\u00e9 de votre compte.<\/td>\n<\/tr>\n<tr>\n<td>Informations personnelles et informations de paiement<\/td>\n<td>Les joueurs peuvent mettre \u00e0 jour et modifier leurs informations personnelles et leurs informations de paiement \u00e0 tout moment.<\/td>\n<\/tr>\n<\/tbody>\n<\/table>\n<h2>Casino Spin Winera processus de v\u00e9rification<\/h2>\n<p>L&rsquo;une des mesures de s\u00e9curit\u00e9 mises en place par SpinWinera est le processus de v\u00e9rification. Nous demandons \u00e0 tous nos clients de le compl\u00e9ter avant d&rsquo;effectuer leur premier retrait. Il est n\u00e9cessaire pour prouver votre identit\u00e9, votre \u00e2ge, votre adresse postale et la propri\u00e9t\u00e9 de votre compte de paiement.<\/p>\n<p>Il vous suffit de t\u00e9l\u00e9charger les copies ou les photos des documents requis et nos responsables les v\u00e9rifieront dans les 48 heures. Les documents peuvent inclure une pi\u00e8ce d&rsquo;identit\u00e9 d\u00e9livr\u00e9e par le gouvernement, une facture de services publics, un relev\u00e9 bancaire et autres.<\/p>\n<p>Si vous avez des questions ou des probl\u00e8mes concernant cette \u00e9tape, n&rsquo;h\u00e9sitez pas \u00e0 contacter notre \u00e9quipe d&rsquo;assistance multilingue. Elle se fera un plaisir de vous fournir des explications et de vous aider si n\u00e9cessaire.<\/p>\n<h2>FAQ<\/h2>\n<h3>Comment puis-je me connecter \u00e0 mon compte SpinWinera ?<\/h3>\n<p>Pour acc\u00e9der \u00e0 votre compte SpinWinera Casino, vous devez saisir l&rsquo;adresse e-mail et le mot de passe que vous avez utilis\u00e9s lors de votre inscription. Le formulaire Spin Winera login se trouve dans le coin sup\u00e9rieur droit de la page.<\/p>\n<h3>Pourquoi je n&rsquo;arrive pas \u00e0 me connecter alors que j&rsquo;ai saisi les bonnes infos ?<\/h3>\n<p>Si vous \u00eates certain que les informations saisies sont correctes, veuillez contacter notre \u00e9quipe d&rsquo;assistance pour obtenir des informations suppl\u00e9mentaires. Vous pouvez le faire via le chat en direct ou par e-mail. Nos responsables v\u00e9rifieront tout et vous proposeront une solution.<\/p>\n<h3>Comment puis-je r\u00e9initialiser mon mot de passe en toute s\u00e9curit\u00e9 ?<\/h3>\n<p>Si vous oubliez votre mot de passe ou souhaitez le mettre \u00e0 jour, nous vous proposons une fonction de r\u00e9initialisation d\u00e9di\u00e9e. Sur le formulaire de connexion, cliquez sur \u00ab Mot de passe oubli\u00e9 ? \u00bb et suivez les instructions \u00e0 l&rsquo;\u00e9cran. En outre, vous pouvez \u00e0 tout moment modifier vos informations personnelles dans les param\u00e8tres de votre compte SpinWinera Casino.<\/p>\n<\/div><\/div><\/p>\n","protected":false},"excerpt":{"rendered":"<p>Connexion SpinWinera Si vous souhaitez profiter des meilleures fonctionnalit\u00e9s d&rsquo;un casino en ligne, nous vous recommandons vivement de suivre la proc\u00e9dure SpinWinera login. Cela vous permettra de jouer avec de l&rsquo;argent r\u00e9el sur notre site web et de b\u00e9n\u00e9ficier d&rsquo;une multitude de bonus. Tout utilisateur \u00e2g\u00e9 de 18 ans ou plus peut cr\u00e9er un compte [&hellip;]<\/p>\n","protected":false},"author":5,"featured_media":0,"parent":0,"menu_order":0,"comment_status":"closed","ping_status":"closed","template":"template-builder.php","meta":{"_acf_changed":false,"inline_featured_image":false,"footnotes":""},"class_list":["post-1523","page","type-page","status-publish","hentry"],"acf":[],"yoast_head":"<!-- This site is optimized with the Yoast SEO plugin v24.4 - https:\/\/yoast.com\/wordpress\/plugins\/seo\/ -->\n<title>Spinwinera Login | Acc\u00e8s s\u00e9curis\u00e9 et inscription rapide<\/title>\n<meta name=\"description\" content=\"Log in Spinwinera pour acc\u00e9der \u00e0 votre profil, v\u00e9rifier vos informations, activer des bonus et obtenir un acc\u00e8s instantan\u00e9 aux slots et jeux live, avec d\u00e9p\u00f4ts et retraits s\u00e9curis\u00e9s.\" \/>\n<meta name=\"robots\" content=\"index, follow, max-snippet:-1, max-image-preview:large, max-video-preview:-1\" \/>\n<link rel=\"canonical\" href=\"https:\/\/spin-winera.org\/fr\/connexion-et-inscription\/\" \/>\n<meta property=\"og:locale\" content=\"fr_FR\" \/>\n<meta property=\"og:type\" content=\"article\" \/>\n<meta property=\"og:title\" content=\"Spinwinera Login | Acc\u00e8s s\u00e9curis\u00e9 et inscription rapide\" \/>\n<meta property=\"og:description\" content=\"Log in Spinwinera pour acc\u00e9der \u00e0 votre profil, v\u00e9rifier vos informations, activer des bonus et obtenir un acc\u00e8s instantan\u00e9 aux slots et jeux live, avec d\u00e9p\u00f4ts et retraits s\u00e9curis\u00e9s.\" \/>\n<meta property=\"og:url\" content=\"https:\/\/spin-winera.org\/fr\/connexion-et-inscription\/\" \/>\n<meta property=\"og:site_name\" content=\"spinwinera\" \/>\n<meta property=\"article:modified_time\" content=\"2026-02-27T12:47:38+00:00\" \/>\n<meta name=\"twitter:card\" content=\"summary_large_image\" \/>\n<meta name=\"twitter:label1\" content=\"Dur\u00e9e de lecture estim\u00e9e\" \/>\n\t<meta name=\"twitter:data1\" content=\"1 minute\" \/>\n<script type=\"application\/ld+json\" class=\"yoast-schema-graph\">{\"@context\":\"https:\/\/schema.org\",\"@graph\":[{\"@type\":\"WebPage\",\"@id\":\"https:\/\/spin-winera.org\/fr\/connexion-et-inscription\/\",\"url\":\"https:\/\/spin-winera.org\/fr\/connexion-et-inscription\/\",\"name\":\"Spinwinera Login | Acc\u00e8s s\u00e9curis\u00e9 et inscription rapide\",\"isPartOf\":{\"@id\":\"https:\/\/spin-winera.org\/fr\/#website\"},\"datePublished\":\"2025-12-16T08:24:24+00:00\",\"dateModified\":\"2026-02-27T12:47:38+00:00\",\"description\":\"Log in Spinwinera pour acc\u00e9der \u00e0 votre profil, v\u00e9rifier vos informations, activer des bonus et obtenir un acc\u00e8s instantan\u00e9 aux slots et jeux live, avec d\u00e9p\u00f4ts et retraits s\u00e9curis\u00e9s.\",\"breadcrumb\":{\"@id\":\"https:\/\/spin-winera.org\/fr\/connexion-et-inscription\/#breadcrumb\"},\"inLanguage\":\"fr-FR\",\"potentialAction\":[{\"@type\":\"ReadAction\",\"target\":[\"https:\/\/spin-winera.org\/fr\/connexion-et-inscription\/\"]}]},{\"@type\":\"BreadcrumbList\",\"@id\":\"https:\/\/spin-winera.org\/fr\/connexion-et-inscription\/#breadcrumb\",\"itemListElement\":[{\"@type\":\"ListItem\",\"position\":1,\"name\":\"Spinwinera\",\"item\":\"https:\/\/spin-winera.org\/fr\/\"},{\"@type\":\"ListItem\",\"position\":2,\"name\":\"Connexion et inscription\"}]},{\"@type\":\"WebSite\",\"@id\":\"https:\/\/spin-winera.org\/fr\/#website\",\"url\":\"https:\/\/spin-winera.org\/fr\/\",\"name\":\"Spinwinera\",\"description\":\"\",\"publisher\":{\"@id\":\"https:\/\/spin-winera.org\/fr\/#organization\"},\"potentialAction\":[{\"@type\":\"SearchAction\",\"target\":{\"@type\":\"EntryPoint\",\"urlTemplate\":\"https:\/\/spin-winera.org\/fr\/?s={search_term_string}\"},\"query-input\":{\"@type\":\"PropertyValueSpecification\",\"valueRequired\":true,\"valueName\":\"search_term_string\"}}],\"inLanguage\":\"fr-FR\"},{\"@type\":\"Organization\",\"@id\":\"https:\/\/spin-winera.org\/fr\/#organization\",\"name\":\"Spinwinera\",\"url\":\"https:\/\/spin-winera.org\/fr\/\",\"logo\":{\"@type\":\"ImageObject\",\"inLanguage\":\"fr-FR\",\"@id\":\"https:\/\/spin-winera.org\/fr\/#\/schema\/logo\/image\/\",\"url\":\"https:\/\/spin-winera.org\/wp-content\/uploads\/2025\/08\/80u1FaquEZeR6OUTeJCc.png\",\"contentUrl\":\"https:\/\/spin-winera.org\/wp-content\/uploads\/2025\/08\/80u1FaquEZeR6OUTeJCc.png\",\"width\":157,\"height\":30,\"caption\":\"Spinwinera\"},\"image\":{\"@id\":\"https:\/\/spin-winera.org\/fr\/#\/schema\/logo\/image\/\"}}]}<\/script>\n<!-- \/ Yoast SEO plugin. -->","yoast_head_json":{"title":"Spinwinera Login | Acc\u00e8s s\u00e9curis\u00e9 et inscription rapide","description":"Log in Spinwinera pour acc\u00e9der \u00e0 votre profil, v\u00e9rifier vos informations, activer des bonus et obtenir un acc\u00e8s instantan\u00e9 aux slots et jeux live, avec d\u00e9p\u00f4ts et retraits s\u00e9curis\u00e9s.","robots":{"index":"index","follow":"follow","max-snippet":"max-snippet:-1","max-image-preview":"max-image-preview:large","max-video-preview":"max-video-preview:-1"},"canonical":"https:\/\/spin-winera.org\/fr\/connexion-et-inscription\/","og_locale":"fr_FR","og_type":"article","og_title":"Spinwinera Login | Acc\u00e8s s\u00e9curis\u00e9 et inscription rapide","og_description":"Log in Spinwinera pour acc\u00e9der \u00e0 votre profil, v\u00e9rifier vos informations, activer des bonus et obtenir un acc\u00e8s instantan\u00e9 aux slots et jeux live, avec d\u00e9p\u00f4ts et retraits s\u00e9curis\u00e9s.","og_url":"https:\/\/spin-winera.org\/fr\/connexion-et-inscription\/","og_site_name":"spinwinera","article_modified_time":"2026-02-27T12:47:38+00:00","twitter_card":"summary_large_image","twitter_misc":{"Dur\u00e9e de lecture estim\u00e9e":"1 minute"},"schema":{"@context":"https:\/\/schema.org","@graph":[{"@type":"WebPage","@id":"https:\/\/spin-winera.org\/fr\/connexion-et-inscription\/","url":"https:\/\/spin-winera.org\/fr\/connexion-et-inscription\/","name":"Spinwinera Login | Acc\u00e8s s\u00e9curis\u00e9 et inscription rapide","isPartOf":{"@id":"https:\/\/spin-winera.org\/fr\/#website"},"datePublished":"2025-12-16T08:24:24+00:00","dateModified":"2026-02-27T12:47:38+00:00","description":"Log in Spinwinera pour acc\u00e9der \u00e0 votre profil, v\u00e9rifier vos informations, activer des bonus et obtenir un acc\u00e8s instantan\u00e9 aux slots et jeux live, avec d\u00e9p\u00f4ts et retraits s\u00e9curis\u00e9s.","breadcrumb":{"@id":"https:\/\/spin-winera.org\/fr\/connexion-et-inscription\/#breadcrumb"},"inLanguage":"fr-FR","potentialAction":[{"@type":"ReadAction","target":["https:\/\/spin-winera.org\/fr\/connexion-et-inscription\/"]}]},{"@type":"BreadcrumbList","@id":"https:\/\/spin-winera.org\/fr\/connexion-et-inscription\/#breadcrumb","itemListElement":[{"@type":"ListItem","position":1,"name":"Spinwinera","item":"https:\/\/spin-winera.org\/fr\/"},{"@type":"ListItem","position":2,"name":"Connexion et inscription"}]},{"@type":"WebSite","@id":"https:\/\/spin-winera.org\/fr\/#website","url":"https:\/\/spin-winera.org\/fr\/","name":"Spinwinera","description":"","publisher":{"@id":"https:\/\/spin-winera.org\/fr\/#organization"},"potentialAction":[{"@type":"SearchAction","target":{"@type":"EntryPoint","urlTemplate":"https:\/\/spin-winera.org\/fr\/?s={search_term_string}"},"query-input":{"@type":"PropertyValueSpecification","valueRequired":true,"valueName":"search_term_string"}}],"inLanguage":"fr-FR"},{"@type":"Organization","@id":"https:\/\/spin-winera.org\/fr\/#organization","name":"Spinwinera","url":"https:\/\/spin-winera.org\/fr\/","logo":{"@type":"ImageObject","inLanguage":"fr-FR","@id":"https:\/\/spin-winera.org\/fr\/#\/schema\/logo\/image\/","url":"https:\/\/spin-winera.org\/wp-content\/uploads\/2025\/08\/80u1FaquEZeR6OUTeJCc.png","contentUrl":"https:\/\/spin-winera.org\/wp-content\/uploads\/2025\/08\/80u1FaquEZeR6OUTeJCc.png","width":157,"height":30,"caption":"Spinwinera"},"image":{"@id":"https:\/\/spin-winera.org\/fr\/#\/schema\/logo\/image\/"}}]}},"_links":{"self":[{"href":"https:\/\/spin-winera.org\/fr\/wp-json\/wp\/v2\/pages\/1523","targetHints":{"allow":["GET"]}}],"collection":[{"href":"https:\/\/spin-winera.org\/fr\/wp-json\/wp\/v2\/pages"}],"about":[{"href":"https:\/\/spin-winera.org\/fr\/wp-json\/wp\/v2\/types\/page"}],"author":[{"embeddable":true,"href":"https:\/\/spin-winera.org\/fr\/wp-json\/wp\/v2\/users\/5"}],"replies":[{"embeddable":true,"href":"https:\/\/spin-winera.org\/fr\/wp-json\/wp\/v2\/comments?post=1523"}],"version-history":[{"count":2,"href":"https:\/\/spin-winera.org\/fr\/wp-json\/wp\/v2\/pages\/1523\/revisions"}],"predecessor-version":[{"id":2106,"href":"https:\/\/spin-winera.org\/fr\/wp-json\/wp\/v2\/pages\/1523\/revisions\/2106"}],"wp:attachment":[{"href":"https:\/\/spin-winera.org\/fr\/wp-json\/wp\/v2\/media?parent=1523"}],"curies":[{"name":"wp","href":"https:\/\/api.w.org\/{rel}","templated":true}]}}