{"id":1484,"date":"2025-12-16T08:22:41","date_gmt":"2025-12-16T08:22:41","guid":{"rendered":"https:\/\/spin-winera.org\/aplicacao\/"},"modified":"2026-02-27T12:45:04","modified_gmt":"2026-02-27T12:45:04","slug":"applicazione","status":"publish","type":"page","link":"https:\/\/spin-winera.org\/it\/applicazione\/","title":{"rendered":"Applicazione"},"content":{"rendered":"<h1>App SpinWinera<\/h1>\n<p>Giocare in movimento non dovrebbe essere un problema nel mondo moderno e SpinWinera App ne \u00e8 un ottimo esempio. Offriamo a tutti i nostri utenti Android e iOS in Italia un comodo software mobile, che si adatta a qualsiasi smartphone e tablet moderno. Avrai accesso a una vasta collezione di giochi, bonus vantaggiosi, live chat integrata per l&#8217;assistenza e molto altro ancora. Inoltre, puoi accedere a SpinWinera tramite qualsiasi browser mobile e utilizzarlo senza problemi.<\/p>\n<div class=\"banner-wrap\" aria-label=\"Banner\"><img src=\"https:\/\/spin-winera.org\/wp-content\/uploads\/2025\/12\/Spinwinera-bonus-desktop.webp\" class=\"w-100 d-none d-lg-block img-pc main-banner-img\" alt=\"Spinwinera bonus desktop\" fetchpriority=\"high\" decoding=\"async\"><img src=\"https:\/\/spin-winera.org\/wp-content\/uploads\/2025\/12\/Spinwinera-bonus-mobile.webp\" class=\"w-100 d-none d-md-block d-lg-none main-banner-img\" alt=\"Spinwinera bonus mobile\" fetchpriority=\"high\" decoding=\"async\"><img src=\"https:\/\/spin-winera.org\/wp-content\/uploads\/2025\/12\/Spinwinera-bonus-mobile.webp\" class=\"w-100 d-md-none\" alt=\"Spinwinera bonus mobile\" fetchpriority=\"high\" decoding=\"async\"><div class=\"banner-description\">\n<div class=\"banner-title\">Bonus di benvenuto<\/div>\n<p class=\"banner-header-title\">1500 \u20ac<\/p>\n<div class=\"banner-header-AdditionalText\">+ 250 Giri gratuiti<\/div>\n<button data-item=\"homepage_banner_link\" class=\"goto m-button m-gradient-border m-button--primary m-button--large banner-button btn-orange\">\n            <div class=\"m-button-content\">\n                <span>Iscriviti ora<\/span>\n                <span><\/span>\n            <\/div>\n        <\/button>\n<\/div>\n<div class=\"WelcomePack\">\n<p><img loading=\"lazy\" decoding=\"async\" class=\"alignnone size-full wp-image-1442\" src=\"https:\/\/spin-winera.org\/wp-content\/uploads\/2025\/12\/welcome-crown.svg\" alt=\"crown\" width=\"25\" height=\"26\" \/><\/p>\n<div class=\"WelcomePack-Info\">Cashback settimanale fino al 25%<\/div>\n<p><img loading=\"lazy\" decoding=\"async\" class=\"alignnone size-full wp-image-1442\" src=\"https:\/\/spin-winera.org\/wp-content\/uploads\/2025\/12\/welcome-crown.svg\" alt=\"crown\" width=\"25\" height=\"26\" \/><\/p>\n<\/div>\n<\/div>\n<h2>App SpinWinera \u2013 Sistema operativo mobile<\/h2>\n<p>Si registra una tendenza sempre pi\u00f9 diffusa a preferire l&#8217;uso dei dispositivi mobili per il lavoro, gli hobby e l&#8217;intrattenimento. Noi di Spin Winera Casino ne siamo consapevoli e offriamo ai nostri clienti una serie di opzioni per migliorare la loro esperienza di gioco. I giocatori possono sempre utilizzare la nostra piattaforma dai loro telefoni con qualsiasi browser mobile preferiscano, ad esempio Safari, Google Chrome e altri. Questa opzione \u00e8 equivalente alla versione desktop completa.<\/p>\n<p>SpinWinera offre anche un&#8217;applicazione dedicata. Ha lo stesso design, la stessa navigazione e le stesse funzionalit\u00e0. L&#8217;intera collezione di giochi, con oltre 6.000 titoli, sar\u00e0 disponibile sul tuo dispositivo mobile. Il vantaggio principale di SpinWinera Casino \u00e8 che, dopo aver effettuato l&#8217;accesso, le tue informazioni, preferenze e risultati saranno sincronizzati su tutti i dispositivi.<\/p>\n<p>Le versioni mobili rispecchiano il sito web principale. Ecco perch\u00e9 puoi iniziare il tuo viaggio nell&#8217;app SpinWinera, completare il processo di registrazione e compiere tutte le azioni necessarie anche l\u00ec. Come misura di sicurezza, ti chiederemo anche di completare il processo di verifica prima di effettuare il tuo primo prelievo.<\/p>\n<p><div class=\"scrollable-content-wrap my-5\"><div class=\"scrollable-content-inner\"><h2>App SpinWinera \u2013 iOS (Apple)<\/h2>\n<p>Tutti i nostri clienti con dispositivi iOS possono stare tranquilli, poich\u00e9 hanno la possibilit\u00e0 di utilizzare SpinWinera ovunque si trovino. Safari e altri browser offrono una comoda versione mobile che si adatta alle dimensioni ridotte dello schermo.<\/p>\n<p>Puoi anche installare l&#8217;app SpinWinera per accedervi con un solo clic dalla schermata iniziale. A causa delle restrizioni sul gioco d&#8217;azzardo, il software non \u00e8 disponibile nell&#8217;App Store. Puoi installarlo direttamente dal nostro sito web. Se decidi di provare l&#8217;app, segui le nostre istruzioni qui sotto per un processo semplice e veloce:<\/p>\n<ol>\n<li>Visita il sito web Spin Winera Casino dal tuo dispositivo mobile.<\/li>\n<li>Vai al pi\u00e8 di pagina della pagina principale.<\/li>\n<li>Clicca sul pulsante \u201cApp Casin\u00f2\u201d.<\/li>\n<li>Nella pagina visualizzata, seleziona \u201cInstalla\u201d al centro dello schermo.<\/li>\n<li>Una volta completata l&#8217;installazione, l&#8217;icona del marchio apparir\u00e0 sulla schermata iniziale del tuo iPhone o iPad.<\/li>\n<\/ol>\n<p><img loading=\"lazy\" decoding=\"async\" src=\"https:\/\/spin-winera.org\/wp-content\/uploads\/2025\/12\/Spinwinera-iOS-App.webp\" alt=\"Spinwinera iOS App\" width=\"1248\" height=\"536\" \/><\/p>\n<\/div><\/div><div style=\"clear: both\"><\/div><div class=\"d-flex justify-content-center\"><button data-item=\"decouvrez_link\" data-group=\"website_links\" class=\"goto fw-bold rounded-pill btn btn-orange\" aria-label=\"Scarica l&#039;app Spinwinera\" >Scarica l&#039;app Spinwinera<\/button><\/div><div class=\"scrollable-content-wrap my-5\"><div class=\"scrollable-content-inner\"><h2>App Spin Winera \u2013 Dispositivi Android<\/h2>\n<p>Utilizzare il nostro casin\u00f2 mobile \u00e8 facile se hai uno smartphone o un tablet Android. Come con iOS, anche qui puoi divertirti con i giochi nella versione browser o nell&#8217;app SpinWinera Casino. Il software mobile non richiede il download di file sconosciuti. Si tratta di un&#8217;applicazione web progressiva (PWA). In genere utilizza una quantit\u00e0 minima di memoria del dispositivo, memorizzando solo i dati nella cache. Per ottenere le migliori prestazioni, utilizza Android 8.0 o versioni successive.<\/p>\n<p>L&#8217;app SpinWinera per Android pu\u00f2 essere installata dalla nostra piattaforma cliccando sul pulsante \u201cApp Casin\u00f2\u201d. Se preferisci la versione browser mobile ma desideri un accesso pi\u00f9 rapido, la maggior parte dei browser offre la possibilit\u00e0 di installare un&#8217;icona di collegamento. Ci\u00f2 significa che non dovrai aprire il browser ed eseguire ulteriori passaggi: ti baster\u00e0 cliccare sull&#8217;icona nella schermata iniziale.<\/p>\n<p><img loading=\"lazy\" decoding=\"async\" src=\"https:\/\/spin-winera.org\/wp-content\/uploads\/2025\/12\/Spinwinera-Android-App.webp\" alt=\"Spinwinera Android App\" width=\"1248\" height=\"536\" \/><\/p>\n<\/div><\/div><div style=\"clear: both\"><\/div><div class=\"d-flex justify-content-center\"><button data-item=\"decouvrez_link\" data-group=\"website_links\" class=\"goto fw-bold rounded-pill btn btn-orange\" aria-label=\"Scarica Spinwinera\" >Scarica Spinwinera<\/button><\/div><div class=\"scrollable-content-wrap my-5\"><div class=\"scrollable-content-inner\"><h2>Applicazione desktop<\/h2>\n<p>Pur mettendo in risalto le caratteristiche delle versioni mobili, non abbiamo dimenticato coloro che preferiscono giocare su PC o laptop. In molte situazioni, \u00e8 davvero piacevole godersi il gioco su un grande schermo nel comfort della propria casa. SpinWinera Casino offre ai propri clienti comode opzioni su misura per le loro preferenze.<\/p>\n<p>Che tu abbia un PC Windows o macOS, puoi accedere alla nostra piattaforma con qualsiasi browser preferisci. Non \u00e8 necessario scaricare alcuna app o file aggiuntivo Spin Winera. Per un accesso pi\u00f9 rapido, qualsiasi browser offre la possibilit\u00e0 di installare un&#8217;icona sul desktop. Nella tabella sottostante troverai le informazioni su come farlo su Windows e macOS.<\/p>\n<table>\n<tbody>\n<tr>\n<td>Passo<\/td>\n<td>Finestre<\/td>\n<td>macOS<\/td>\n<\/tr>\n<tr>\n<td>Apri il browser<\/td>\n<td>Apri Chrome o Edge e vai al sito ufficiale SpinWinera.<\/td>\n<td>Avvia Safari o Chrome e visita il nostro sito web.<\/td>\n<\/tr>\n<tr>\n<td>Crea collegamento<\/td>\n<td>Vai al menu (pulsante con tre puntini) e seleziona l&#8217;opzione \u201cAggiungi alla schermata Home\u201d. Conferma l&#8217;operazione.<\/td>\n<td>In Safari, clicca su \u201cFile\u201d e seleziona \u201cAggiungi al Dock\u201d. Puoi modificare il nome e l&#8217;aspetto dell&#8217;icona.<\/td>\n<\/tr>\n<tr>\n<td>Lancio<\/td>\n<td>Apri l&#8217;icona creata sul desktop per accedere immediatamente al casin\u00f2.<\/td>\n<td>Clicca sul collegamento per accedere rapidamente a SpinWinera Casino.<\/td>\n<\/tr>\n<\/tbody>\n<\/table>\n<p><img loading=\"lazy\" decoding=\"async\" src=\"https:\/\/spin-winera.org\/wp-content\/uploads\/2025\/12\/Spinwinera-PC.webp\" alt=\"Spinwinera PC\" width=\"1248\" height=\"536\" \/><\/p>\n<\/div><\/div><div style=\"clear: both\"><\/div><div class=\"d-flex justify-content-center\"><button data-item=\"decouvrez_link\" data-group=\"website_links\" class=\"goto fw-bold rounded-pill btn btn-orange\" aria-label=\"Scarica l&#039;app Spinwinera\" >Scarica l&#039;app Spinwinera<\/button><\/div><div class=\"scrollable-content-wrap my-5\"><div class=\"scrollable-content-inner\"><h2>Domande frequenti<\/h2>\n<h3>Posso giocare ai giochi del casin\u00f2 live nell&#8217;app?<\/h3>\n<p>Proprio come le slot online e i giochi da tavolo, anche le opzioni con croupier dal vivo sono disponibili per giocare sui dispositivi mobili. Allo stesso modo, i tuoi giochi preferiti vengono trasmessi online con croupier professionisti, ma adattati alle dimensioni dello schermo.<\/p>\n<h3>Il casin\u00f2 Spin Winera Casino \u00e8 sicuro e affidabile?<\/h3>\n<p>L&#8217;app SpinWinera \u00e8 un casin\u00f2 online autorizzato che rispetta tutti i protocolli di sicurezza necessari del settore. I tuoi dati e le tue transazioni sono protetti da crittografia a 256 bit. Puoi anche proteggere il tuo account nel software mobile abilitando l&#8217;autenticazione a due fattori.<\/p>\n<h3>Come posso contattare l&#8217;assistenza clienti dall&#8217;app?<\/h3>\n<p>Nell&#8217;app SpinWinera \u00e8 integrata una chat live che consente di contattare il nostro team di assistenza e ottenere una risposta in pochi minuti. Siamo disponibili 24 ore su 24, 7 giorni su 7, per rispondere a qualsiasi domanda sulla piattaforma.<\/p>\n<h3>L&#8217;app utilizza i dati mobili o solo il Wi-Fi?<\/h3>\n<p>Spin Winera Casino \u00e8 disponibile tramite dati mobili o Wi-Fi. In questo caso, non importa quale dispositivo stai utilizzando. Per un funzionamento fluido, la connessione Internet dovrebbe essere stabile.<\/p>\n<\/div><\/div><\/p>\n","protected":false},"excerpt":{"rendered":"<p>App SpinWinera Giocare in movimento non dovrebbe essere un problema nel mondo moderno e SpinWinera App ne \u00e8 un ottimo esempio. Offriamo a tutti i nostri utenti Android e iOS in Italia un comodo software mobile, che si adatta a qualsiasi smartphone e tablet moderno. Avrai accesso a una vasta collezione di giochi, bonus vantaggiosi, [&hellip;]<\/p>\n","protected":false},"author":5,"featured_media":0,"parent":0,"menu_order":0,"comment_status":"closed","ping_status":"closed","template":"template-builder.php","meta":{"_acf_changed":false,"inline_featured_image":false,"footnotes":""},"class_list":["post-1484","page","type-page","status-publish","hentry"],"acf":[],"yoast_head":"<!-- This site is optimized with the Yoast SEO plugin v24.4 - https:\/\/yoast.com\/wordpress\/plugins\/seo\/ -->\n<title>Spinwinera App | Applicazione mobile per iOS e Android<\/title>\n<meta name=\"description\" content=\"Installa la Spin Winera application per un accesso mobile rapido a 6.000+ giochi, dealer dal vivo, missioni e prelievi rapidi con un solo account.\" \/>\n<meta name=\"robots\" content=\"index, follow, max-snippet:-1, max-image-preview:large, max-video-preview:-1\" \/>\n<link rel=\"canonical\" href=\"https:\/\/spin-winera.org\/it\/applicazione\/\" \/>\n<meta property=\"og:locale\" content=\"it_IT\" \/>\n<meta property=\"og:type\" content=\"article\" \/>\n<meta property=\"og:title\" content=\"Spinwinera App | Applicazione mobile per iOS e Android\" \/>\n<meta property=\"og:description\" content=\"Installa la Spin Winera application per un accesso mobile rapido a 6.000+ giochi, dealer dal vivo, missioni e prelievi rapidi con un solo account.\" \/>\n<meta property=\"og:url\" content=\"https:\/\/spin-winera.org\/it\/applicazione\/\" \/>\n<meta property=\"og:site_name\" content=\"spinwinera\" \/>\n<meta property=\"article:modified_time\" content=\"2026-02-27T12:45:04+00:00\" \/>\n<meta name=\"twitter:card\" content=\"summary_large_image\" \/>\n<meta name=\"twitter:label1\" content=\"Est. reading time\" \/>\n\t<meta name=\"twitter:data1\" content=\"2 minutes\" \/>\n<script type=\"application\/ld+json\" class=\"yoast-schema-graph\">{\"@context\":\"https:\/\/schema.org\",\"@graph\":[{\"@type\":\"WebPage\",\"@id\":\"https:\/\/spin-winera.org\/it\/applicazione\/\",\"url\":\"https:\/\/spin-winera.org\/it\/applicazione\/\",\"name\":\"Spinwinera App | Applicazione mobile per iOS e Android\",\"isPartOf\":{\"@id\":\"https:\/\/spin-winera.org\/it\/#website\"},\"datePublished\":\"2025-12-16T08:22:41+00:00\",\"dateModified\":\"2026-02-27T12:45:04+00:00\",\"description\":\"Installa la Spin Winera application per un accesso mobile rapido a 6.000+ giochi, dealer dal vivo, missioni e prelievi rapidi con un solo account.\",\"breadcrumb\":{\"@id\":\"https:\/\/spin-winera.org\/it\/applicazione\/#breadcrumb\"},\"inLanguage\":\"it-IT\",\"potentialAction\":[{\"@type\":\"ReadAction\",\"target\":[\"https:\/\/spin-winera.org\/it\/applicazione\/\"]}]},{\"@type\":\"BreadcrumbList\",\"@id\":\"https:\/\/spin-winera.org\/it\/applicazione\/#breadcrumb\",\"itemListElement\":[{\"@type\":\"ListItem\",\"position\":1,\"name\":\"Spinwinera\",\"item\":\"https:\/\/spin-winera.org\/it\/\"},{\"@type\":\"ListItem\",\"position\":2,\"name\":\"Applicazione\"}]},{\"@type\":\"WebSite\",\"@id\":\"https:\/\/spin-winera.org\/it\/#website\",\"url\":\"https:\/\/spin-winera.org\/it\/\",\"name\":\"Spinwinera\",\"description\":\"\",\"publisher\":{\"@id\":\"https:\/\/spin-winera.org\/it\/#organization\"},\"potentialAction\":[{\"@type\":\"SearchAction\",\"target\":{\"@type\":\"EntryPoint\",\"urlTemplate\":\"https:\/\/spin-winera.org\/it\/?s={search_term_string}\"},\"query-input\":{\"@type\":\"PropertyValueSpecification\",\"valueRequired\":true,\"valueName\":\"search_term_string\"}}],\"inLanguage\":\"it-IT\"},{\"@type\":\"Organization\",\"@id\":\"https:\/\/spin-winera.org\/it\/#organization\",\"name\":\"Spinwinera\",\"url\":\"https:\/\/spin-winera.org\/it\/\",\"logo\":{\"@type\":\"ImageObject\",\"inLanguage\":\"it-IT\",\"@id\":\"https:\/\/spin-winera.org\/it\/#\/schema\/logo\/image\/\",\"url\":\"https:\/\/spin-winera.org\/wp-content\/uploads\/2025\/08\/80u1FaquEZeR6OUTeJCc.png\",\"contentUrl\":\"https:\/\/spin-winera.org\/wp-content\/uploads\/2025\/08\/80u1FaquEZeR6OUTeJCc.png\",\"width\":157,\"height\":30,\"caption\":\"Spinwinera\"},\"image\":{\"@id\":\"https:\/\/spin-winera.org\/it\/#\/schema\/logo\/image\/\"}}]}<\/script>\n<!-- \/ Yoast SEO plugin. -->","yoast_head_json":{"title":"Spinwinera App | Applicazione mobile per iOS e Android","description":"Installa la Spin Winera application per un accesso mobile rapido a 6.000+ giochi, dealer dal vivo, missioni e prelievi rapidi con un solo account.","robots":{"index":"index","follow":"follow","max-snippet":"max-snippet:-1","max-image-preview":"max-image-preview:large","max-video-preview":"max-video-preview:-1"},"canonical":"https:\/\/spin-winera.org\/it\/applicazione\/","og_locale":"it_IT","og_type":"article","og_title":"Spinwinera App | Applicazione mobile per iOS e Android","og_description":"Installa la Spin Winera application per un accesso mobile rapido a 6.000+ giochi, dealer dal vivo, missioni e prelievi rapidi con un solo account.","og_url":"https:\/\/spin-winera.org\/it\/applicazione\/","og_site_name":"spinwinera","article_modified_time":"2026-02-27T12:45:04+00:00","twitter_card":"summary_large_image","twitter_misc":{"Est. reading time":"2 minutes"},"schema":{"@context":"https:\/\/schema.org","@graph":[{"@type":"WebPage","@id":"https:\/\/spin-winera.org\/it\/applicazione\/","url":"https:\/\/spin-winera.org\/it\/applicazione\/","name":"Spinwinera App | Applicazione mobile per iOS e Android","isPartOf":{"@id":"https:\/\/spin-winera.org\/it\/#website"},"datePublished":"2025-12-16T08:22:41+00:00","dateModified":"2026-02-27T12:45:04+00:00","description":"Installa la Spin Winera application per un accesso mobile rapido a 6.000+ giochi, dealer dal vivo, missioni e prelievi rapidi con un solo account.","breadcrumb":{"@id":"https:\/\/spin-winera.org\/it\/applicazione\/#breadcrumb"},"inLanguage":"it-IT","potentialAction":[{"@type":"ReadAction","target":["https:\/\/spin-winera.org\/it\/applicazione\/"]}]},{"@type":"BreadcrumbList","@id":"https:\/\/spin-winera.org\/it\/applicazione\/#breadcrumb","itemListElement":[{"@type":"ListItem","position":1,"name":"Spinwinera","item":"https:\/\/spin-winera.org\/it\/"},{"@type":"ListItem","position":2,"name":"Applicazione"}]},{"@type":"WebSite","@id":"https:\/\/spin-winera.org\/it\/#website","url":"https:\/\/spin-winera.org\/it\/","name":"Spinwinera","description":"","publisher":{"@id":"https:\/\/spin-winera.org\/it\/#organization"},"potentialAction":[{"@type":"SearchAction","target":{"@type":"EntryPoint","urlTemplate":"https:\/\/spin-winera.org\/it\/?s={search_term_string}"},"query-input":{"@type":"PropertyValueSpecification","valueRequired":true,"valueName":"search_term_string"}}],"inLanguage":"it-IT"},{"@type":"Organization","@id":"https:\/\/spin-winera.org\/it\/#organization","name":"Spinwinera","url":"https:\/\/spin-winera.org\/it\/","logo":{"@type":"ImageObject","inLanguage":"it-IT","@id":"https:\/\/spin-winera.org\/it\/#\/schema\/logo\/image\/","url":"https:\/\/spin-winera.org\/wp-content\/uploads\/2025\/08\/80u1FaquEZeR6OUTeJCc.png","contentUrl":"https:\/\/spin-winera.org\/wp-content\/uploads\/2025\/08\/80u1FaquEZeR6OUTeJCc.png","width":157,"height":30,"caption":"Spinwinera"},"image":{"@id":"https:\/\/spin-winera.org\/it\/#\/schema\/logo\/image\/"}}]}},"_links":{"self":[{"href":"https:\/\/spin-winera.org\/it\/wp-json\/wp\/v2\/pages\/1484","targetHints":{"allow":["GET"]}}],"collection":[{"href":"https:\/\/spin-winera.org\/it\/wp-json\/wp\/v2\/pages"}],"about":[{"href":"https:\/\/spin-winera.org\/it\/wp-json\/wp\/v2\/types\/page"}],"author":[{"embeddable":true,"href":"https:\/\/spin-winera.org\/it\/wp-json\/wp\/v2\/users\/5"}],"replies":[{"embeddable":true,"href":"https:\/\/spin-winera.org\/it\/wp-json\/wp\/v2\/comments?post=1484"}],"version-history":[{"count":2,"href":"https:\/\/spin-winera.org\/it\/wp-json\/wp\/v2\/pages\/1484\/revisions"}],"predecessor-version":[{"id":1956,"href":"https:\/\/spin-winera.org\/it\/wp-json\/wp\/v2\/pages\/1484\/revisions\/1956"}],"wp:attachment":[{"href":"https:\/\/spin-winera.org\/it\/wp-json\/wp\/v2\/media?parent=1484"}],"curies":[{"name":"wp","href":"https:\/\/api.w.org\/{rel}","templated":true}]}}