{"id":1498,"date":"2025-12-16T08:37:53","date_gmt":"2025-12-16T08:37:53","guid":{"rendered":"https:\/\/spin-winera.org\/bonus\/"},"modified":"2026-02-27T13:04:51","modified_gmt":"2026-02-27T13:04:51","slug":"bonus","status":"publish","type":"page","link":"https:\/\/spin-winera.org\/it\/bonus\/","title":{"rendered":"Bonus"},"content":{"rendered":"<h1>Bonus SpinWinera<\/h1>\n<p>Il programma SpinWinera bonus \u00e8 stato creato per tutti coloro che hanno scelto la nostra piattaforma e le sono rimasti fedeli. Il nostro obiettivo \u00e8 quello di ampliare la tua esperienza di gioco e aumentare i tuoi profitti. Per i nuovi clienti in Italia che hanno appena completato la registrazione, abbiamo preparato un pacchetto di benvenuto fino a 1.500 \u20ac + 250 giri gratuiti. Se sei con noi da molti mesi, puoi approfittare del sistema di cashback, rakeback, Sunday Reload, tornei e molto altro ancora.<\/p>\n<p><div class=\"banner-wrap\" aria-label=\"Banner\"><img src=\"https:\/\/spin-winera.org\/wp-content\/uploads\/2025\/12\/Spinwinera-bonus-desktop.webp\" class=\"w-100 d-none d-lg-block img-pc main-banner-img\" alt=\"Spinwinera bonus desktop\" fetchpriority=\"high\" decoding=\"async\"><img src=\"https:\/\/spin-winera.org\/wp-content\/uploads\/2025\/12\/Spinwinera-bonus-mobile.webp\" class=\"w-100 d-none d-md-block d-lg-none main-banner-img\" alt=\"Spinwinera bonus mobile\" fetchpriority=\"high\" decoding=\"async\"><img src=\"https:\/\/spin-winera.org\/wp-content\/uploads\/2025\/12\/Spinwinera-bonus-mobile.webp\" class=\"w-100 d-md-none\" alt=\"Spinwinera bonus mobile\" fetchpriority=\"high\" decoding=\"async\"><div class=\"banner-description\">\n<div class=\"banner-title\">Bonus di benvenuto<\/div>\n<p class=\"banner-header-title\">1500 \u20ac<\/p>\n<div class=\"banner-header-AdditionalText\">+ 250 Giri gratuiti<\/div>\n<button data-item=\"homepage_banner_link\" class=\"goto m-button m-gradient-border m-button--primary m-button--large banner-button btn-orange\">\n            <div class=\"m-button-content\">\n                <span>Iscriviti ora<\/span>\n                <span><\/span>\n            <\/div>\n        <\/button>\n<\/div>\n<div class=\"WelcomePack\">\n<p><img loading=\"lazy\" decoding=\"async\" class=\"alignnone size-full wp-image-1442\" src=\"https:\/\/spin-winera.org\/wp-content\/uploads\/2025\/12\/welcome-crown.svg\" alt=\"crown\" width=\"25\" height=\"26\" \/><\/p>\n<div class=\"WelcomePack-Info\">Cashback settimanale fino al 25%<\/div>\n<p><img loading=\"lazy\" decoding=\"async\" class=\"alignnone size-full wp-image-1442\" src=\"https:\/\/spin-winera.org\/wp-content\/uploads\/2025\/12\/welcome-crown.svg\" alt=\"crown\" width=\"25\" height=\"26\" \/><\/p>\n<\/div>\n<\/div><div class=\"promotions-wrap\"><div class=\"promotion-card\" style=\"background-image: url(https:\/\/spin-winera.org\/wp-content\/uploads\/2025\/12\/first-deposit.webp);\"><h2 class=\"promotion-card__title\">Offerta sul primo deposito<\/h2><label class=\"promotion-card__offer\">100% fino a 500 \u20ac + 150 giri gratuiti<\/label><label class=\"promotion-card__description\"><\/label><div class=\"promotion-card__actions\"><button data-item=\"payments_link\" data-group=\"website_links\" class=\"goto btn btn-orange rounded-pill fw-bold px-4 m-button m-gradient-border m-button--primary m-button--large promotion-button promotion-card__action-btn\" aria-label=\"Iscriviti\"><div class=\"m-button-content\"><span class=\"promotion-button__content\">Iscriviti<\/span><\/div><\/button><button data-item=\"http:\/\/bonus_link\" data-group=\"website_links\" class=\"goto m-button m-gradient-border m-button--secondary m-button--medium promotion-card__info-btn\" aria-label=\"More information\"><div class=\"m-button-content\"><svg viewBox=\"0 0 24 24\" fill=\"none\" xmlns=\"http:\/\/www.w3.org\/2000\/svg\" class=\"m-icon m-icon-loadable\" name=\"Attention\" loading=\"false\" aria-hidden=\"true\"><path d=\"M12 22C6.477 22 2 17.522 2 12S6.477 2 12 2s10 4.478 10 10-4.477 10-10 10m-.002-13.004a.999.999 0 1 0 0-1.997.999.999 0 0 0 0 1.997M12 17a1 1 0 0 0 .993-.884L13 16l-.002-5.001-.007-.117a1 1 0 0 0-1.986 0l-.007.117L11 16l.007.117A1 1 0 0 0 12 17\" fill=\"currentColor\"><\/path><\/svg><\/div><\/button><\/div><\/div><div class=\"promotion-card\" style=\"background-image: url(https:\/\/spin-winera.org\/wp-content\/uploads\/2025\/12\/second-deposit.webp);\"><h2 class=\"promotion-card__title\">Offerta sul secondo deposito<\/h2><label class=\"promotion-card__offer\">55% fino a 500 \u20ac + 100 giri gratuiti<\/label><label class=\"promotion-card__description\"><\/label><div class=\"promotion-card__actions\"><button data-item=\"payments_link\" data-group=\"website_links\" class=\"goto btn btn-orange rounded-pill fw-bold px-4 m-button m-gradient-border m-button--primary m-button--large promotion-button promotion-card__action-btn\" aria-label=\"Iscriviti\"><div class=\"m-button-content\"><span class=\"promotion-button__content\">Iscriviti<\/span><\/div><\/button><button data-item=\"http:\/\/bonus_link\" data-group=\"website_links\" class=\"goto m-button m-gradient-border m-button--secondary m-button--medium promotion-card__info-btn\" aria-label=\"More information\"><div class=\"m-button-content\"><svg viewBox=\"0 0 24 24\" fill=\"none\" xmlns=\"http:\/\/www.w3.org\/2000\/svg\" class=\"m-icon m-icon-loadable\" name=\"Attention\" loading=\"false\" aria-hidden=\"true\"><path d=\"M12 22C6.477 22 2 17.522 2 12S6.477 2 12 2s10 4.478 10 10-4.477 10-10 10m-.002-13.004a.999.999 0 1 0 0-1.997.999.999 0 0 0 0 1.997M12 17a1 1 0 0 0 .993-.884L13 16l-.002-5.001-.007-.117a1 1 0 0 0-1.986 0l-.007.117L11 16l.007.117A1 1 0 0 0 12 17\" fill=\"currentColor\"><\/path><\/svg><\/div><\/button><\/div><\/div><div class=\"promotion-card\" style=\"background-image: url(https:\/\/spin-winera.org\/wp-content\/uploads\/2025\/12\/third-deposit.webp);\"><h2 class=\"promotion-card__title\">Offerta sul terzo deposito<\/h2><label class=\"promotion-card__offer\">100% fino a 500 \u20ac<\/label><label class=\"promotion-card__description\"><\/label><div class=\"promotion-card__actions\"><button data-item=\"payments_link\" data-group=\"website_links\" class=\"goto btn btn-orange rounded-pill fw-bold px-4 m-button m-gradient-border m-button--primary m-button--large promotion-button promotion-card__action-btn\" aria-label=\"Iscriviti\"><div class=\"m-button-content\"><span class=\"promotion-button__content\">Iscriviti<\/span><\/div><\/button><button data-item=\"http:\/\/bonus_link\" data-group=\"website_links\" class=\"goto m-button m-gradient-border m-button--secondary m-button--medium promotion-card__info-btn\" aria-label=\"More information\"><div class=\"m-button-content\"><svg viewBox=\"0 0 24 24\" fill=\"none\" xmlns=\"http:\/\/www.w3.org\/2000\/svg\" class=\"m-icon m-icon-loadable\" name=\"Attention\" loading=\"false\" aria-hidden=\"true\"><path d=\"M12 22C6.477 22 2 17.522 2 12S6.477 2 12 2s10 4.478 10 10-4.477 10-10 10m-.002-13.004a.999.999 0 1 0 0-1.997.999.999 0 0 0 0 1.997M12 17a1 1 0 0 0 .993-.884L13 16l-.002-5.001-.007-.117a1 1 0 0 0-1.986 0l-.007.117L11 16l.007.117A1 1 0 0 0 12 17\" fill=\"currentColor\"><\/path><\/svg><\/div><\/button><\/div><\/div><div class=\"promotion-card\" style=\"background-image: url(https:\/\/spin-winera.org\/wp-content\/uploads\/2025\/12\/cashback.webp);\"><h2 class=\"promotion-card__title\">Cashback<\/h2><label class=\"promotion-card__offer\">fino al 25%<\/label><label class=\"promotion-card__description\"><\/label><div class=\"promotion-card__actions\"><button data-item=\"payments_link\" data-group=\"website_links\" class=\"goto btn btn-orange rounded-pill fw-bold px-4 m-button m-gradient-border m-button--primary m-button--large promotion-button promotion-card__action-btn\" aria-label=\"Iscriviti\"><div class=\"m-button-content\"><span class=\"promotion-button__content\">Iscriviti<\/span><\/div><\/button><button data-item=\"http:\/\/bonus_link\" data-group=\"website_links\" class=\"goto m-button m-gradient-border m-button--secondary m-button--medium promotion-card__info-btn\" aria-label=\"More information\"><div class=\"m-button-content\"><svg viewBox=\"0 0 24 24\" fill=\"none\" xmlns=\"http:\/\/www.w3.org\/2000\/svg\" class=\"m-icon m-icon-loadable\" name=\"Attention\" loading=\"false\" aria-hidden=\"true\"><path d=\"M12 22C6.477 22 2 17.522 2 12S6.477 2 12 2s10 4.478 10 10-4.477 10-10 10m-.002-13.004a.999.999 0 1 0 0-1.997.999.999 0 0 0 0 1.997M12 17a1 1 0 0 0 .993-.884L13 16l-.002-5.001-.007-.117a1 1 0 0 0-1.986 0l-.007.117L11 16l.007.117A1 1 0 0 0 12 17\" fill=\"currentColor\"><\/path><\/svg><\/div><\/button><\/div><\/div><div class=\"promotion-card\" style=\"background-image: url(https:\/\/spin-winera.org\/wp-content\/uploads\/2025\/12\/rakeback.webp);\"><h2 class=\"promotion-card__title\">Sistema di rakeback<\/h2><label class=\"promotion-card__offer\">fino al 17%<\/label><label class=\"promotion-card__description\"><\/label><div class=\"promotion-card__actions\"><button data-item=\"payments_link\" data-group=\"website_links\" class=\"goto btn btn-orange rounded-pill fw-bold px-4 m-button m-gradient-border m-button--primary m-button--large promotion-button promotion-card__action-btn\" aria-label=\"Iscriviti\"><div class=\"m-button-content\"><span class=\"promotion-button__content\">Iscriviti<\/span><\/div><\/button><button data-item=\"http:\/\/bonus_link\" data-group=\"website_links\" class=\"goto m-button m-gradient-border m-button--secondary m-button--medium promotion-card__info-btn\" aria-label=\"More information\"><div class=\"m-button-content\"><svg viewBox=\"0 0 24 24\" fill=\"none\" xmlns=\"http:\/\/www.w3.org\/2000\/svg\" class=\"m-icon m-icon-loadable\" name=\"Attention\" loading=\"false\" aria-hidden=\"true\"><path d=\"M12 22C6.477 22 2 17.522 2 12S6.477 2 12 2s10 4.478 10 10-4.477 10-10 10m-.002-13.004a.999.999 0 1 0 0-1.997.999.999 0 0 0 0 1.997M12 17a1 1 0 0 0 .993-.884L13 16l-.002-5.001-.007-.117a1 1 0 0 0-1.986 0l-.007.117L11 16l.007.117A1 1 0 0 0 12 17\" fill=\"currentColor\"><\/path><\/svg><\/div><\/button><\/div><\/div><div class=\"promotion-card\" style=\"background-image: url(https:\/\/spin-winera.org\/wp-content\/uploads\/2025\/12\/sunday-reload.webp);\"><h2 class=\"promotion-card__title\">Ricarica domenicale<\/h2><label class=\"promotion-card__offer\">25% fino a 100 \u20ac<\/label><label class=\"promotion-card__description\"><\/label><div class=\"promotion-card__actions\"><button data-item=\"payments_link\" data-group=\"website_links\" class=\"goto btn btn-orange rounded-pill fw-bold px-4 m-button m-gradient-border m-button--primary m-button--large promotion-button promotion-card__action-btn\" aria-label=\"Iscriviti\"><div class=\"m-button-content\"><span class=\"promotion-button__content\">Iscriviti<\/span><\/div><\/button><button data-item=\"http:\/\/bonus_link\" data-group=\"website_links\" class=\"goto m-button m-gradient-border m-button--secondary m-button--medium promotion-card__info-btn\" aria-label=\"More information\"><div class=\"m-button-content\"><svg viewBox=\"0 0 24 24\" fill=\"none\" xmlns=\"http:\/\/www.w3.org\/2000\/svg\" class=\"m-icon m-icon-loadable\" name=\"Attention\" loading=\"false\" aria-hidden=\"true\"><path d=\"M12 22C6.477 22 2 17.522 2 12S6.477 2 12 2s10 4.478 10 10-4.477 10-10 10m-.002-13.004a.999.999 0 1 0 0-1.997.999.999 0 0 0 0 1.997M12 17a1 1 0 0 0 .993-.884L13 16l-.002-5.001-.007-.117a1 1 0 0 0-1.986 0l-.007.117L11 16l.007.117A1 1 0 0 0 12 17\" fill=\"currentColor\"><\/path><\/svg><\/div><\/button><\/div><\/div><div class=\"promotion-card\" style=\"background-image: url(https:\/\/spin-winera.org\/wp-content\/uploads\/2025\/12\/High-Roller-Bonus.webp);\"><h2 class=\"promotion-card__title\">Offerta high roller<\/h2><label class=\"promotion-card__offer\">50% fino a 500 \u20ac<\/label><label class=\"promotion-card__description\"><\/label><div class=\"promotion-card__actions\"><button data-item=\"payments_link\" data-group=\"website_links\" class=\"goto btn btn-orange rounded-pill fw-bold px-4 m-button m-gradient-border m-button--primary m-button--large promotion-button promotion-card__action-btn\" aria-label=\"Iscriviti\"><div class=\"m-button-content\"><span class=\"promotion-button__content\">Iscriviti<\/span><\/div><\/button><button data-item=\"http:\/\/bonus_link\" data-group=\"website_links\" class=\"goto m-button m-gradient-border m-button--secondary m-button--medium promotion-card__info-btn\" aria-label=\"More information\"><div class=\"m-button-content\"><svg viewBox=\"0 0 24 24\" fill=\"none\" xmlns=\"http:\/\/www.w3.org\/2000\/svg\" class=\"m-icon m-icon-loadable\" name=\"Attention\" loading=\"false\" aria-hidden=\"true\"><path d=\"M12 22C6.477 22 2 17.522 2 12S6.477 2 12 2s10 4.478 10 10-4.477 10-10 10m-.002-13.004a.999.999 0 1 0 0-1.997.999.999 0 0 0 0 1.997M12 17a1 1 0 0 0 .993-.884L13 16l-.002-5.001-.007-.117a1 1 0 0 0-1.986 0l-.007.117L11 16l.007.117A1 1 0 0 0 12 17\" fill=\"currentColor\"><\/path><\/svg><\/div><\/button><\/div><\/div><\/div><div class=\"scrollable-content-wrap my-5\"><div class=\"scrollable-content-inner\"><h2>Bonus Spin Winera e offerte promozionali<\/h2>\n<p>I nostri utenti non solo possono giocare ai loro giochi preferiti e tentare la fortuna, ma anche ottenere ricompense aggiuntive attraverso il sistema bonus SpinWinera. Prima di scegliere una piattaforma di gioco, molte persone prestano attenzione alle promozioni. E noi abbiamo molto da offrirti.<\/p>\n<p>Prima di tutto, dopo la registrazione, riceverai automaticamente il pacchetto di benvenuto SpinWinera con fondi bonus e giri gratuiti. E se non \u00e8 la prima volta che visiti il nostro sito web e desideri farlo, dai un&#8217;occhiata ai nostri premi per i clienti abituali:<\/p>\n<ul>\n<li>Cashback fino al 25%<\/li>\n<li>Sistema di rakeback fino al 17%<\/li>\n<li>Ricarica domenicale del 25% fino a 100 \u20ac<\/li>\n<li>Offerta high roller del 50% fino a 500 \u20ac<\/li>\n<\/ul>\n<h2>Casin\u00f2 SpinWinera promozione di benvenuto<\/h2>\n<p>Per attirare pi\u00f9 clienti potenziali e nuovi, offriamo a tutti un entusiasmante pacchetto di benvenuto all&#8217;inizio del loro viaggio. Per ricevere fino a 1.500 \u20ac + 250 giri gratuiti, \u00e8 sufficiente registrarsi ed effettuare il primo deposito. Non sono richiesti codici bonus Spin Winera Casino o altre azioni. E non \u00e8 tutto. Il pacchetto di benvenuto \u00e8 suddiviso tra i primi tre depositi per prolungare il processo e renderlo pi\u00f9 coinvolgente.<\/p>\n<table>\n<tbody>\n<tr>\n<td>Offerta sul primo deposito<\/td>\n<td>100% fino a 500 \u20ac + 150 giri gratuiti<\/td>\n<\/tr>\n<tr>\n<td>Offerta sul secondo deposito<\/td>\n<td>55% fino a 500 \u20ac + 100 giri gratuiti<\/td>\n<\/tr>\n<tr>\n<td>Offerta sul terzo deposito<\/td>\n<td>100% fino a 500 \u20ac<\/td>\n<\/tr>\n<\/tbody>\n<\/table>\n<p>Questa opzione bonus SpinWinera ha i suoi requisiti e le sue regole. Solo completandoli potrai ottenere la ricompensa e prelevare le vincite. L&#8217;offerta \u00e8 valida per 7 giorni dopo l&#8217;attivazione. Il deposito minimo per ogni caso deve essere di almeno 20 \u20ac. Per prelevare l&#8217;importo del bonus, devi scommetterlo 35 volte.<\/p>\n<h2>Elenco dei tornei su SpinWinera Casino<\/h2>\n<p>Alcuni utenti potrebbero sentire la mancanza dell&#8217;interazione con altri giocatori nei casin\u00f2 online. Per ovviare a questo problema, il sistema bonus SpinWinera offre tornei in cui \u00e8 possibile competere con altri utenti e lottare per il primo posto in classifica e un ricco premio in denaro. I tornei hanno titoli diversi, ma la maggior parte sono slot online e giochi da casin\u00f2 dal vivo. La tabella sottostante fornisce ulteriori informazioni sulle opzioni attualmente disponibili.<\/p>\n<table>\n<tbody>\n<tr>\n<td>Torneo<\/td>\n<td>Dettagli<\/td>\n<td>Quali titoli<\/td>\n<\/tr>\n<tr>\n<td>Spinoleague<\/td>\n<td>Una serie di tornei con un montepremi totale di 12.000.000 \u20ac, suddiviso in pi\u00f9 round e fasi durante tutto l&#8217;anno. I giocatori guadagnano punti scommettendo sui titoli partecipanti per scalare le classifiche e vincere una parte del montepremi.<\/td>\n<td>Slot machine del marchio Spinomenal.<\/td>\n<\/tr>\n<tr>\n<td>Drops &amp; Wins<\/td>\n<td>Un torneo in rete con circa 25.000.000 \u20ac di premi mensili distribuiti tramite tornei giornalieri, ruote settimanali e premi in denaro casuali.<\/td>\n<td>Le slot machine Pragmatic Play sono idonee alla promozione Drops &amp; Wins.<\/td>\n<\/tr>\n<tr>\n<td>BGaming Drops Frenzy<\/td>\n<td>Emozionante torneo con un montepremi iniziale di 660.000 \u20ac, in cui migliaia di premi in denaro casuali vengono assegnati durante i giri di qualificazione e i giocatori possono vincere a vari livelli.<\/td>\n<td>Titoli delle slot BGaming.<\/td>\n<\/tr>\n<tr>\n<td>Torneo dal vivo<\/td>\n<td>Ogni settimana su Spin Winera si svolge un classico torneo di casin\u00f2 live da 10.000 \u20ac, incentrato sulla competizione con croupier dal vivo e con premi in classifica per i migliori giocatori.<\/td>\n<td>Giochi con croupier dal vivo come roulette, blackjack o baccarat.<\/td>\n<\/tr>\n<\/tbody>\n<\/table>\n<h2>Termini e condizioni<\/h2>\n<p>Tutte le promozioni sul nostro sito web sono soggette a regole specifiche. Questo per garantire un processo equo e condizioni uguali per tutti i partecipanti. Anche se hai gi\u00e0 giocato su altre piattaforme, ti consigliamo di leggere sempre attentamente i termini e le condizioni di ogni offerta di SpinWinera Casino. Nella maggior parte dei casi, sulla nostra piattaforma si applicano le seguenti categorie di regole:<\/p>\n<ul>\n<li>Periodo di validit\u00e0<\/li>\n<li>Deposito minimo<\/li>\n<li>Puntata massima<\/li>\n<li>Condizioni di recesso<\/li>\n<li>Contributi al gioco<\/li>\n<\/ul>\n<h2>Domande frequenti<\/h2>\n<h3>Posso prelevare le mie vincite da un bonus?<\/h3>\n<p>Puoi prelevare le tue vincite una volta soddisfatti tutti i requisiti, comprese le condizioni di scommessa. Su SpinWinera Casino, il requisito \u00e8 di 35x-40x.<\/p>\n<h3>Cosa succede se prelevo denaro prima di soddisfare i requisiti di scommessa?<\/h3>\n<p>Se non hai soddisfatto i requisiti di scommessa, non puoi prelevare il bonus. Ti offriremo la possibilit\u00e0 di completare tutte le regole del bonus SpinWinera o di annullare la promozione.<\/p>\n<h3>Posso richiedere pi\u00f9 di un bonus contemporaneamente?<\/h3>\n<p>Le regole della nostra piattaforma consentono di avere un solo bonus Spin Winera attivo. Ci\u00f2 non vale per le promozioni senza deposito e i tornei. \u00c8 necessario completare o annullare l&#8217;offerta bonus attiva prima di iniziare quella successiva.<\/p>\n<h3>Perch\u00e9 il mio bonus \u00e8 stato rimosso o annullato?<\/h3>\n<p>Ci\u00f2 potrebbe essere avvenuto se abbiamo rilevato che hai aggirato le regole della promozione o tentato una frode. In alternativa, potrebbe trattarsi di un errore della nostra piattaforma. Contatta il team di assistenza di SpinWinera Casino per ulteriori informazioni.<\/p>\n<\/div><\/div><\/p>\n","protected":false},"excerpt":{"rendered":"<p>Bonus SpinWinera Il programma SpinWinera bonus \u00e8 stato creato per tutti coloro che hanno scelto la nostra piattaforma e le sono rimasti fedeli. Il nostro obiettivo \u00e8 quello di ampliare la tua esperienza di gioco e aumentare i tuoi profitti. Per i nuovi clienti in Italia che hanno appena completato la registrazione, abbiamo preparato un [&hellip;]<\/p>\n","protected":false},"author":5,"featured_media":0,"parent":0,"menu_order":0,"comment_status":"closed","ping_status":"closed","template":"template-builder.php","meta":{"_acf_changed":false,"inline_featured_image":false,"footnotes":""},"class_list":["post-1498","page","type-page","status-publish","hentry"],"acf":[],"yoast_head":"<!-- This site is optimized with the Yoast SEO plugin v24.4 - https:\/\/yoast.com\/wordpress\/plugins\/seo\/ -->\n<title>Spinwinera Bonus | Cashback settimanale e promo ricarica<\/title>\n<meta name=\"description\" content=\"Attiva i Spin Winera bonus con un pacchetto di benvenuto fino a 1.500 \u20ac + 250 giri gratuiti, cashback settimanale, codici bonus, tornei ed eventi esclusivi per i giocatori.\" \/>\n<meta name=\"robots\" content=\"index, follow, max-snippet:-1, max-image-preview:large, max-video-preview:-1\" \/>\n<link rel=\"canonical\" href=\"https:\/\/spin-winera.org\/it\/bonus\/\" \/>\n<meta property=\"og:locale\" content=\"it_IT\" \/>\n<meta property=\"og:type\" content=\"article\" \/>\n<meta property=\"og:title\" content=\"Spinwinera Bonus | Cashback settimanale e promo ricarica\" \/>\n<meta property=\"og:description\" content=\"Attiva i Spin Winera bonus con un pacchetto di benvenuto fino a 1.500 \u20ac + 250 giri gratuiti, cashback settimanale, codici bonus, tornei ed eventi esclusivi per i giocatori.\" \/>\n<meta property=\"og:url\" content=\"https:\/\/spin-winera.org\/it\/bonus\/\" \/>\n<meta property=\"og:site_name\" content=\"spinwinera\" \/>\n<meta property=\"article:modified_time\" content=\"2026-02-27T13:04:51+00:00\" \/>\n<meta name=\"twitter:card\" content=\"summary_large_image\" \/>\n<meta name=\"twitter:label1\" content=\"Est. reading time\" \/>\n\t<meta name=\"twitter:data1\" content=\"1 minute\" \/>\n<script type=\"application\/ld+json\" class=\"yoast-schema-graph\">{\"@context\":\"https:\/\/schema.org\",\"@graph\":[{\"@type\":\"WebPage\",\"@id\":\"https:\/\/spin-winera.org\/it\/bonus\/\",\"url\":\"https:\/\/spin-winera.org\/it\/bonus\/\",\"name\":\"Spinwinera Bonus | Cashback settimanale e promo ricarica\",\"isPartOf\":{\"@id\":\"https:\/\/spin-winera.org\/it\/#website\"},\"datePublished\":\"2025-12-16T08:37:53+00:00\",\"dateModified\":\"2026-02-27T13:04:51+00:00\",\"description\":\"Attiva i Spin Winera bonus con un pacchetto di benvenuto fino a 1.500 \u20ac + 250 giri gratuiti, cashback settimanale, codici bonus, tornei ed eventi esclusivi per i giocatori.\",\"breadcrumb\":{\"@id\":\"https:\/\/spin-winera.org\/it\/bonus\/#breadcrumb\"},\"inLanguage\":\"it-IT\",\"potentialAction\":[{\"@type\":\"ReadAction\",\"target\":[\"https:\/\/spin-winera.org\/it\/bonus\/\"]}]},{\"@type\":\"BreadcrumbList\",\"@id\":\"https:\/\/spin-winera.org\/it\/bonus\/#breadcrumb\",\"itemListElement\":[{\"@type\":\"ListItem\",\"position\":1,\"name\":\"Spinwinera\",\"item\":\"https:\/\/spin-winera.org\/it\/\"},{\"@type\":\"ListItem\",\"position\":2,\"name\":\"Bonus\"}]},{\"@type\":\"WebSite\",\"@id\":\"https:\/\/spin-winera.org\/it\/#website\",\"url\":\"https:\/\/spin-winera.org\/it\/\",\"name\":\"Spinwinera\",\"description\":\"\",\"publisher\":{\"@id\":\"https:\/\/spin-winera.org\/it\/#organization\"},\"potentialAction\":[{\"@type\":\"SearchAction\",\"target\":{\"@type\":\"EntryPoint\",\"urlTemplate\":\"https:\/\/spin-winera.org\/it\/?s={search_term_string}\"},\"query-input\":{\"@type\":\"PropertyValueSpecification\",\"valueRequired\":true,\"valueName\":\"search_term_string\"}}],\"inLanguage\":\"it-IT\"},{\"@type\":\"Organization\",\"@id\":\"https:\/\/spin-winera.org\/it\/#organization\",\"name\":\"Spinwinera\",\"url\":\"https:\/\/spin-winera.org\/it\/\",\"logo\":{\"@type\":\"ImageObject\",\"inLanguage\":\"it-IT\",\"@id\":\"https:\/\/spin-winera.org\/it\/#\/schema\/logo\/image\/\",\"url\":\"https:\/\/spin-winera.org\/wp-content\/uploads\/2025\/08\/80u1FaquEZeR6OUTeJCc.png\",\"contentUrl\":\"https:\/\/spin-winera.org\/wp-content\/uploads\/2025\/08\/80u1FaquEZeR6OUTeJCc.png\",\"width\":157,\"height\":30,\"caption\":\"Spinwinera\"},\"image\":{\"@id\":\"https:\/\/spin-winera.org\/it\/#\/schema\/logo\/image\/\"}}]}<\/script>\n<!-- \/ Yoast SEO plugin. -->","yoast_head_json":{"title":"Spinwinera Bonus | Cashback settimanale e promo ricarica","description":"Attiva i Spin Winera bonus con un pacchetto di benvenuto fino a 1.500 \u20ac + 250 giri gratuiti, cashback settimanale, codici bonus, tornei ed eventi esclusivi per i giocatori.","robots":{"index":"index","follow":"follow","max-snippet":"max-snippet:-1","max-image-preview":"max-image-preview:large","max-video-preview":"max-video-preview:-1"},"canonical":"https:\/\/spin-winera.org\/it\/bonus\/","og_locale":"it_IT","og_type":"article","og_title":"Spinwinera Bonus | Cashback settimanale e promo ricarica","og_description":"Attiva i Spin Winera bonus con un pacchetto di benvenuto fino a 1.500 \u20ac + 250 giri gratuiti, cashback settimanale, codici bonus, tornei ed eventi esclusivi per i giocatori.","og_url":"https:\/\/spin-winera.org\/it\/bonus\/","og_site_name":"spinwinera","article_modified_time":"2026-02-27T13:04:51+00:00","twitter_card":"summary_large_image","twitter_misc":{"Est. reading time":"1 minute"},"schema":{"@context":"https:\/\/schema.org","@graph":[{"@type":"WebPage","@id":"https:\/\/spin-winera.org\/it\/bonus\/","url":"https:\/\/spin-winera.org\/it\/bonus\/","name":"Spinwinera Bonus | Cashback settimanale e promo ricarica","isPartOf":{"@id":"https:\/\/spin-winera.org\/it\/#website"},"datePublished":"2025-12-16T08:37:53+00:00","dateModified":"2026-02-27T13:04:51+00:00","description":"Attiva i Spin Winera bonus con un pacchetto di benvenuto fino a 1.500 \u20ac + 250 giri gratuiti, cashback settimanale, codici bonus, tornei ed eventi esclusivi per i giocatori.","breadcrumb":{"@id":"https:\/\/spin-winera.org\/it\/bonus\/#breadcrumb"},"inLanguage":"it-IT","potentialAction":[{"@type":"ReadAction","target":["https:\/\/spin-winera.org\/it\/bonus\/"]}]},{"@type":"BreadcrumbList","@id":"https:\/\/spin-winera.org\/it\/bonus\/#breadcrumb","itemListElement":[{"@type":"ListItem","position":1,"name":"Spinwinera","item":"https:\/\/spin-winera.org\/it\/"},{"@type":"ListItem","position":2,"name":"Bonus"}]},{"@type":"WebSite","@id":"https:\/\/spin-winera.org\/it\/#website","url":"https:\/\/spin-winera.org\/it\/","name":"Spinwinera","description":"","publisher":{"@id":"https:\/\/spin-winera.org\/it\/#organization"},"potentialAction":[{"@type":"SearchAction","target":{"@type":"EntryPoint","urlTemplate":"https:\/\/spin-winera.org\/it\/?s={search_term_string}"},"query-input":{"@type":"PropertyValueSpecification","valueRequired":true,"valueName":"search_term_string"}}],"inLanguage":"it-IT"},{"@type":"Organization","@id":"https:\/\/spin-winera.org\/it\/#organization","name":"Spinwinera","url":"https:\/\/spin-winera.org\/it\/","logo":{"@type":"ImageObject","inLanguage":"it-IT","@id":"https:\/\/spin-winera.org\/it\/#\/schema\/logo\/image\/","url":"https:\/\/spin-winera.org\/wp-content\/uploads\/2025\/08\/80u1FaquEZeR6OUTeJCc.png","contentUrl":"https:\/\/spin-winera.org\/wp-content\/uploads\/2025\/08\/80u1FaquEZeR6OUTeJCc.png","width":157,"height":30,"caption":"Spinwinera"},"image":{"@id":"https:\/\/spin-winera.org\/it\/#\/schema\/logo\/image\/"}}]}},"_links":{"self":[{"href":"https:\/\/spin-winera.org\/it\/wp-json\/wp\/v2\/pages\/1498","targetHints":{"allow":["GET"]}}],"collection":[{"href":"https:\/\/spin-winera.org\/it\/wp-json\/wp\/v2\/pages"}],"about":[{"href":"https:\/\/spin-winera.org\/it\/wp-json\/wp\/v2\/types\/page"}],"author":[{"embeddable":true,"href":"https:\/\/spin-winera.org\/it\/wp-json\/wp\/v2\/users\/5"}],"replies":[{"embeddable":true,"href":"https:\/\/spin-winera.org\/it\/wp-json\/wp\/v2\/comments?post=1498"}],"version-history":[{"count":2,"href":"https:\/\/spin-winera.org\/it\/wp-json\/wp\/v2\/pages\/1498\/revisions"}],"predecessor-version":[{"id":1965,"href":"https:\/\/spin-winera.org\/it\/wp-json\/wp\/v2\/pages\/1498\/revisions\/1965"}],"wp:attachment":[{"href":"https:\/\/spin-winera.org\/it\/wp-json\/wp\/v2\/media?parent=1498"}],"curies":[{"name":"wp","href":"https:\/\/api.w.org\/{rel}","templated":true}]}}