{"id":1526,"date":"2025-12-16T08:24:24","date_gmt":"2025-12-16T08:24:24","guid":{"rendered":"https:\/\/spin-winera.org\/inicio-de-sessao-e-registo\/"},"modified":"2026-02-27T12:48:40","modified_gmt":"2026-02-27T12:48:40","slug":"accesso-e-registrazione","status":"publish","type":"page","link":"https:\/\/spin-winera.org\/it\/accesso-e-registrazione\/","title":{"rendered":"Accesso e registrazione"},"content":{"rendered":"<h1>Accesso a SpinWinera<\/h1>\n<p>Se desideri scoprire tutte le migliori funzionalit\u00e0 di un casin\u00f2 online, ti consigliamo vivamente di completare la procedura di SpinWinera login. Ti consentir\u00e0 di giocare con denaro reale sul nostro sito web e di usufruire di una vasta collezione di bonus. La creazione di un account su SpinWinera Casino \u00e8 consentita a tutti gli utenti italiani che abbiano compiuto 18 anni. Per iniziare abbiamo solo bisogno della tua email e della tua password. Il processo richieder\u00e0 solo pochi minuti.<\/p>\n<p><div class=\"banner-wrap\" aria-label=\"Banner\"><img src=\"https:\/\/spin-winera.org\/wp-content\/uploads\/2025\/12\/Spinwinera-bonus-desktop.webp\" class=\"w-100 d-none d-lg-block img-pc main-banner-img\" alt=\"Spinwinera bonus desktop\" fetchpriority=\"high\" decoding=\"async\"><img src=\"https:\/\/spin-winera.org\/wp-content\/uploads\/2025\/12\/Spinwinera-bonus-mobile.webp\" class=\"w-100 d-none d-md-block d-lg-none main-banner-img\" alt=\"Spinwinera bonus mobile\" fetchpriority=\"high\" decoding=\"async\"><img src=\"https:\/\/spin-winera.org\/wp-content\/uploads\/2025\/12\/Spinwinera-bonus-mobile.webp\" class=\"w-100 d-md-none\" alt=\"Spinwinera bonus mobile\" fetchpriority=\"high\" decoding=\"async\"><div class=\"banner-description\">\n<div class=\"banner-title\">Bonus di benvenuto<\/div>\n<p class=\"banner-header-title\">1500 \u20ac<\/p>\n<div class=\"banner-header-AdditionalText\">+ 250 Giri gratuiti<\/div>\n<button data-item=\"homepage_banner_link\" class=\"goto m-button m-gradient-border m-button--primary m-button--large banner-button btn-orange\">\n            <div class=\"m-button-content\">\n                <span>Iscriviti ora<\/span>\n                <span><\/span>\n            <\/div>\n        <\/button>\n<\/div>\n<div class=\"WelcomePack\">\n<p><img loading=\"lazy\" decoding=\"async\" class=\"alignnone size-full wp-image-1442\" src=\"https:\/\/spin-winera.org\/wp-content\/uploads\/2025\/12\/welcome-crown.svg\" alt=\"crown\" width=\"25\" height=\"26\" \/><\/p>\n<div class=\"WelcomePack-Info\">Cashback settimanale fino al 25%<\/div>\n<p><img loading=\"lazy\" decoding=\"async\" class=\"alignnone size-full wp-image-1442\" src=\"https:\/\/spin-winera.org\/wp-content\/uploads\/2025\/12\/welcome-crown.svg\" alt=\"crown\" width=\"25\" height=\"26\" \/><\/p>\n<\/div>\n<\/div><div class=\"scrollable-content-wrap my-5\"><div class=\"scrollable-content-inner\"><h2>Casin\u00f2 SpinWinera registrazione<\/h2>\n<p>Creando un account su Spin Winera Casino avrai accesso a tutte le funzionalit\u00e0 del sito web. Ci\u00f2 significa che potrai divertirti con oltre 6.000 titoli della nostra libreria di giochi, tra cui slot online, giochi da tavolo, opzioni di casin\u00f2 dal vivo e molto altro ancora.<\/p>\n<p>Tutti gli utenti che giocano sulla nostra piattaforma hanno diritto a usufruire di promozioni, tornei e del programma fedelt\u00e0. Naturalmente, \u00e8 anche possibile prelevare le vincite.<\/p>\n<p>SpinWinera \u00e8 disponibile anche senza registrazione, ma le funzionalit\u00e0 sono molto limitate. Senza un account, \u00e8 possibile provare alcuni titoli in modalit\u00e0 demo senza deposito e senza alcun rischio. Tuttavia, i giocatori potranno godere dell&#8217;esperienza di gioco completa solo dopo aver completato il login a SpinWinera.<\/p>\n<h3>Crea un account online<\/h3>\n<p>Se temi che la registrazione richieda molto tempo e che ti vengano richieste molte informazioni personali, ti dimostreremo che non \u00e8 cos\u00ec. Puoi completare l&#8217;intera procedura su Spin Winera in pochi minuti. Segui le nostre istruzioni qui sotto per completarla rapidamente e senza problemi:<\/p>\n<ol>\n<li>Clicca sul pulsante \u201cRegistrati\u201d sulla nostra piattaforma.<\/li>\n<li>Inserisci il tuo indirizzo e-mail e crea una password. La password deve essere complessa e contenere almeno 6 simboli.<\/li>\n<li>Conferma di avere almeno 18 anni e accetta i termini e le condizioni di SpinWinera.<\/li>\n<li>Clicca su \u201cIscriviti\u201d alla fine del modulo di registrazione.<\/li>\n<\/ol>\n<p>Successivamente, dovrai anche compilare il modulo con le tue informazioni personali, come nome completo, data di nascita e numero di telefono. Ti preghiamo di fornire solo dati reali, poich\u00e9 li utilizzeremo durante il processo di verifica.<\/p>\n<h2>Accesso a SpinWinera procedura<\/h2>\n<p>Il processo di login su SpinWinera \u00e8 un passo importante per tutti coloro che hanno gi\u00e0 un account sulla nostra piattaforma. Non perdete l&#8217;opportunit\u00e0 di vivere un&#8217;esperienza pi\u00f9 personalizzata grazie alle impostazioni dell&#8217;account personalizzate. \u00c8 sufficiente inserire le informazioni personali utilizzate al momento della registrazione nella pagina login su Spin Winera.<\/p>\n<p>Nel tuo account puoi trovare le impostazioni chiave che miglioreranno la tua esperienza su SpinWinera. Abbiamo creato un design logico con dashboard per tua comodit\u00e0. Nella tabella sottostante troverai ulteriori informazioni.<\/p>\n<table>\n<tbody>\n<tr>\n<td>Caratteristica<\/td>\n<td>Dettagli<\/td>\n<\/tr>\n<tr>\n<td>Cronologia delle attivit\u00e0<\/td>\n<td>Puoi seguire e analizzare la cronologia dei tuoi bonus, pagamenti, scommesse e attivit\u00e0 generale.<\/td>\n<\/tr>\n<tr>\n<td>Strumenti per il gioco responsabile<\/td>\n<td>Gli utenti possono impostare limiti finanziari e temporali e attivare l&#8217;autoesclusione.<\/td>\n<\/tr>\n<tr>\n<td>Opzioni di sicurezza<\/td>\n<td>Se necessario, puoi abilitare l&#8217;autenticazione a due fattori per migliorare la sicurezza dell&#8217;account.<\/td>\n<\/tr>\n<tr>\n<td>Informazioni personali e di pagamento<\/td>\n<td>I giocatori possono aggiornare e modificare i propri dati personali e di pagamento in qualsiasi momento.<\/td>\n<\/tr>\n<\/tbody>\n<\/table>\n<h2>Spin Winera Casino processo di verifica<\/h2>\n<p>Una delle misure di sicurezza adottate da SpinWinera \u00e8 il processo di verifica. Chiediamo a tutti i nostri clienti di completarlo prima di effettuare il primo prelievo. \u00c8 necessario per dimostrare la propria identit\u00e0, et\u00e0, indirizzo di residenza e titolarit\u00e0 del conto di pagamento.<\/p>\n<p>Basta caricare le copie o le foto dei documenti richiesti e i nostri responsabili li controlleranno entro 48 ore. I documenti possono includere un documento d&#8217;identit\u00e0 rilasciato dal governo, una bolletta, un estratto conto bancario e altri.<\/p>\n<p>Se avete domande o problemi relativi a questo passaggio, non esitate a contattare il nostro team di assistenza multilingue. Saranno lieti di fornirvi spiegazioni e assistenza, se necessario.<\/p>\n<h2>Domande frequenti<\/h2>\n<h3>Come faccio ad accedere al mio account SpinWinera?<\/h3>\n<p>Per accedere al tuo account SpinWinera Casino, devi inserire l&#8217;indirizzo e-mail e la password che hai utilizzato al momento della registrazione. Il modulo Spin Winera login si trova nell&#8217;angolo in alto a destra della pagina.<\/p>\n<h3>Perch\u00e9 non riesco ad accedere se ho inserito i dati corretti?<\/h3>\n<p>Se sei sicuro che le informazioni inserite siano corrette, contatta il nostro team di assistenza per ulteriori informazioni. Puoi farlo tramite live chat o e-mail. I nostri responsabili controlleranno tutto e ti forniranno una soluzione.<\/p>\n<h3>Come posso reimpostare la mia password in modo sicuro?<\/h3>\n<p>Se hai dimenticato la password o desideri aggiornarla, ti offriamo una funzione di reimpostazione dedicata. Nel modulo di accesso, clicca su \u201cHai dimenticato la password?\u201d e segui le istruzioni sullo schermo. Inoltre, puoi sempre modificare le tue informazioni personali nelle impostazioni dell&#8217;account SpinWinera Casino.<\/p>\n<\/div><\/div><\/p>\n","protected":false},"excerpt":{"rendered":"<p>Accesso a SpinWinera Se desideri scoprire tutte le migliori funzionalit\u00e0 di un casin\u00f2 online, ti consigliamo vivamente di completare la procedura di SpinWinera login. Ti consentir\u00e0 di giocare con denaro reale sul nostro sito web e di usufruire di una vasta collezione di bonus. La creazione di un account su SpinWinera Casino \u00e8 consentita a [&hellip;]<\/p>\n","protected":false},"author":5,"featured_media":0,"parent":0,"menu_order":0,"comment_status":"closed","ping_status":"closed","template":"template-builder.php","meta":{"_acf_changed":false,"inline_featured_image":false,"footnotes":""},"class_list":["post-1526","page","type-page","status-publish","hentry"],"acf":[],"yoast_head":"<!-- This site is optimized with the Yoast SEO plugin v24.4 - https:\/\/yoast.com\/wordpress\/plugins\/seo\/ -->\n<title>Spinwinera Login | Accesso sicuro e registrazione rapida<\/title>\n<meta name=\"description\" content=\"Log in Spinwinera per accedere al tuo profilo, verificare i dati, attivare i bonus e ottenere accesso immediato a slot e giochi dal vivo con depositi e prelievi sicuri.\" \/>\n<meta name=\"robots\" content=\"index, follow, max-snippet:-1, max-image-preview:large, max-video-preview:-1\" \/>\n<link rel=\"canonical\" href=\"https:\/\/spin-winera.org\/it\/accesso-e-registrazione\/\" \/>\n<meta property=\"og:locale\" content=\"it_IT\" \/>\n<meta property=\"og:type\" content=\"article\" \/>\n<meta property=\"og:title\" content=\"Spinwinera Login | Accesso sicuro e registrazione rapida\" \/>\n<meta property=\"og:description\" content=\"Log in Spinwinera per accedere al tuo profilo, verificare i dati, attivare i bonus e ottenere accesso immediato a slot e giochi dal vivo con depositi e prelievi sicuri.\" \/>\n<meta property=\"og:url\" content=\"https:\/\/spin-winera.org\/it\/accesso-e-registrazione\/\" \/>\n<meta property=\"og:site_name\" content=\"spinwinera\" \/>\n<meta property=\"article:modified_time\" content=\"2026-02-27T12:48:40+00:00\" \/>\n<meta name=\"twitter:card\" content=\"summary_large_image\" \/>\n<meta name=\"twitter:label1\" content=\"Est. reading time\" \/>\n\t<meta name=\"twitter:data1\" content=\"1 minute\" \/>\n<script type=\"application\/ld+json\" class=\"yoast-schema-graph\">{\"@context\":\"https:\/\/schema.org\",\"@graph\":[{\"@type\":\"WebPage\",\"@id\":\"https:\/\/spin-winera.org\/it\/accesso-e-registrazione\/\",\"url\":\"https:\/\/spin-winera.org\/it\/accesso-e-registrazione\/\",\"name\":\"Spinwinera Login | Accesso sicuro e registrazione rapida\",\"isPartOf\":{\"@id\":\"https:\/\/spin-winera.org\/it\/#website\"},\"datePublished\":\"2025-12-16T08:24:24+00:00\",\"dateModified\":\"2026-02-27T12:48:40+00:00\",\"description\":\"Log in Spinwinera per accedere al tuo profilo, verificare i dati, attivare i bonus e ottenere accesso immediato a slot e giochi dal vivo con depositi e prelievi sicuri.\",\"breadcrumb\":{\"@id\":\"https:\/\/spin-winera.org\/it\/accesso-e-registrazione\/#breadcrumb\"},\"inLanguage\":\"it-IT\",\"potentialAction\":[{\"@type\":\"ReadAction\",\"target\":[\"https:\/\/spin-winera.org\/it\/accesso-e-registrazione\/\"]}]},{\"@type\":\"BreadcrumbList\",\"@id\":\"https:\/\/spin-winera.org\/it\/accesso-e-registrazione\/#breadcrumb\",\"itemListElement\":[{\"@type\":\"ListItem\",\"position\":1,\"name\":\"Spinwinera\",\"item\":\"https:\/\/spin-winera.org\/it\/\"},{\"@type\":\"ListItem\",\"position\":2,\"name\":\"Accesso e registrazione\"}]},{\"@type\":\"WebSite\",\"@id\":\"https:\/\/spin-winera.org\/it\/#website\",\"url\":\"https:\/\/spin-winera.org\/it\/\",\"name\":\"Spinwinera\",\"description\":\"\",\"publisher\":{\"@id\":\"https:\/\/spin-winera.org\/it\/#organization\"},\"potentialAction\":[{\"@type\":\"SearchAction\",\"target\":{\"@type\":\"EntryPoint\",\"urlTemplate\":\"https:\/\/spin-winera.org\/it\/?s={search_term_string}\"},\"query-input\":{\"@type\":\"PropertyValueSpecification\",\"valueRequired\":true,\"valueName\":\"search_term_string\"}}],\"inLanguage\":\"it-IT\"},{\"@type\":\"Organization\",\"@id\":\"https:\/\/spin-winera.org\/it\/#organization\",\"name\":\"Spinwinera\",\"url\":\"https:\/\/spin-winera.org\/it\/\",\"logo\":{\"@type\":\"ImageObject\",\"inLanguage\":\"it-IT\",\"@id\":\"https:\/\/spin-winera.org\/it\/#\/schema\/logo\/image\/\",\"url\":\"https:\/\/spin-winera.org\/wp-content\/uploads\/2025\/08\/80u1FaquEZeR6OUTeJCc.png\",\"contentUrl\":\"https:\/\/spin-winera.org\/wp-content\/uploads\/2025\/08\/80u1FaquEZeR6OUTeJCc.png\",\"width\":157,\"height\":30,\"caption\":\"Spinwinera\"},\"image\":{\"@id\":\"https:\/\/spin-winera.org\/it\/#\/schema\/logo\/image\/\"}}]}<\/script>\n<!-- \/ Yoast SEO plugin. -->","yoast_head_json":{"title":"Spinwinera Login | Accesso sicuro e registrazione rapida","description":"Log in Spinwinera per accedere al tuo profilo, verificare i dati, attivare i bonus e ottenere accesso immediato a slot e giochi dal vivo con depositi e prelievi sicuri.","robots":{"index":"index","follow":"follow","max-snippet":"max-snippet:-1","max-image-preview":"max-image-preview:large","max-video-preview":"max-video-preview:-1"},"canonical":"https:\/\/spin-winera.org\/it\/accesso-e-registrazione\/","og_locale":"it_IT","og_type":"article","og_title":"Spinwinera Login | Accesso sicuro e registrazione rapida","og_description":"Log in Spinwinera per accedere al tuo profilo, verificare i dati, attivare i bonus e ottenere accesso immediato a slot e giochi dal vivo con depositi e prelievi sicuri.","og_url":"https:\/\/spin-winera.org\/it\/accesso-e-registrazione\/","og_site_name":"spinwinera","article_modified_time":"2026-02-27T12:48:40+00:00","twitter_card":"summary_large_image","twitter_misc":{"Est. reading time":"1 minute"},"schema":{"@context":"https:\/\/schema.org","@graph":[{"@type":"WebPage","@id":"https:\/\/spin-winera.org\/it\/accesso-e-registrazione\/","url":"https:\/\/spin-winera.org\/it\/accesso-e-registrazione\/","name":"Spinwinera Login | Accesso sicuro e registrazione rapida","isPartOf":{"@id":"https:\/\/spin-winera.org\/it\/#website"},"datePublished":"2025-12-16T08:24:24+00:00","dateModified":"2026-02-27T12:48:40+00:00","description":"Log in Spinwinera per accedere al tuo profilo, verificare i dati, attivare i bonus e ottenere accesso immediato a slot e giochi dal vivo con depositi e prelievi sicuri.","breadcrumb":{"@id":"https:\/\/spin-winera.org\/it\/accesso-e-registrazione\/#breadcrumb"},"inLanguage":"it-IT","potentialAction":[{"@type":"ReadAction","target":["https:\/\/spin-winera.org\/it\/accesso-e-registrazione\/"]}]},{"@type":"BreadcrumbList","@id":"https:\/\/spin-winera.org\/it\/accesso-e-registrazione\/#breadcrumb","itemListElement":[{"@type":"ListItem","position":1,"name":"Spinwinera","item":"https:\/\/spin-winera.org\/it\/"},{"@type":"ListItem","position":2,"name":"Accesso e registrazione"}]},{"@type":"WebSite","@id":"https:\/\/spin-winera.org\/it\/#website","url":"https:\/\/spin-winera.org\/it\/","name":"Spinwinera","description":"","publisher":{"@id":"https:\/\/spin-winera.org\/it\/#organization"},"potentialAction":[{"@type":"SearchAction","target":{"@type":"EntryPoint","urlTemplate":"https:\/\/spin-winera.org\/it\/?s={search_term_string}"},"query-input":{"@type":"PropertyValueSpecification","valueRequired":true,"valueName":"search_term_string"}}],"inLanguage":"it-IT"},{"@type":"Organization","@id":"https:\/\/spin-winera.org\/it\/#organization","name":"Spinwinera","url":"https:\/\/spin-winera.org\/it\/","logo":{"@type":"ImageObject","inLanguage":"it-IT","@id":"https:\/\/spin-winera.org\/it\/#\/schema\/logo\/image\/","url":"https:\/\/spin-winera.org\/wp-content\/uploads\/2025\/08\/80u1FaquEZeR6OUTeJCc.png","contentUrl":"https:\/\/spin-winera.org\/wp-content\/uploads\/2025\/08\/80u1FaquEZeR6OUTeJCc.png","width":157,"height":30,"caption":"Spinwinera"},"image":{"@id":"https:\/\/spin-winera.org\/it\/#\/schema\/logo\/image\/"}}]}},"_links":{"self":[{"href":"https:\/\/spin-winera.org\/it\/wp-json\/wp\/v2\/pages\/1526","targetHints":{"allow":["GET"]}}],"collection":[{"href":"https:\/\/spin-winera.org\/it\/wp-json\/wp\/v2\/pages"}],"about":[{"href":"https:\/\/spin-winera.org\/it\/wp-json\/wp\/v2\/types\/page"}],"author":[{"embeddable":true,"href":"https:\/\/spin-winera.org\/it\/wp-json\/wp\/v2\/users\/5"}],"replies":[{"embeddable":true,"href":"https:\/\/spin-winera.org\/it\/wp-json\/wp\/v2\/comments?post=1526"}],"version-history":[{"count":1,"href":"https:\/\/spin-winera.org\/it\/wp-json\/wp\/v2\/pages\/1526\/revisions"}],"predecessor-version":[{"id":1957,"href":"https:\/\/spin-winera.org\/it\/wp-json\/wp\/v2\/pages\/1526\/revisions\/1957"}],"wp:attachment":[{"href":"https:\/\/spin-winera.org\/it\/wp-json\/wp\/v2\/media?parent=1526"}],"curies":[{"name":"wp","href":"https:\/\/api.w.org\/{rel}","templated":true}]}}